{"id":746648,"date":"2025-08-28T02:47:34","date_gmt":"2025-08-27T23:47:34","guid":{"rendered":"https:\/\/roveyayinevi.com.tr\/index.php\/urun\/alpin-foca-rehberi\/"},"modified":"2026-04-16T02:58:59","modified_gmt":"2026-04-15T23:58:59","slug":"alpin-foca-rehberi","status":"publish","type":"product","link":"https:\/\/roveyayinevi.com.tr\/index.php\/urun\/alpin-foca-rehberi\/","title":{"rendered":"Alp\u2019in Fo\u00e7a Rehberi"},"content":{"rendered":"<p>Alp, ailesi ile birlikte yeni yerleri g\u00f6rmeyi seven, sanatla ilgilenen, hayvan dostu bir \u00e7ocuk. Ailesi ile birlikte yeni yerleri ke\u015ffederken, hayallerine dair b\u00fcy\u00fck ad\u0131mlar da at\u0131yor. Yaz tatilini Fo\u00e7a\u2019da ge\u00e7iren Alp, ilk kez g\u00f6rd\u00fc\u011f\u00fc g\u00fczellikler kar\u015f\u0131s\u0131nda bazen \u015fa\u015f\u0131r\u0131yor, bazen de heyecanlan\u0131yor. Siren Kayal\u0131klar\u0131, Akdeniz foklar\u0131, yel de\u011firmenleri, Fo\u00e7a Kalesi ve daha fazlas\u0131. Fo\u00e7a\u2019y\u0131 gelin bir de Alp\u2019ten dinleyin! <\/p>\n","protected":false},"excerpt":{"rendered":"<p>Alp, ailesi ile birlikte yeni yerleri g\u00f6rmeyi seven, sanatla ilgilenen, hayvan dostu bir \u00e7ocuk. Ailesi ile birlikte yeni yerleri ke\u015ffederken, hayallerine dair b\u00fcy\u00fck ad\u0131mlar da at\u0131yor.<span class=\"excerpt-hellip\"> [\u2026]<\/span><\/p>\n","protected":false},"featured_media":0,"template":"","meta":{"_monsterinsights_skip_tracking":false,"_monsterinsights_sitenote_active":false,"_monsterinsights_sitenote_note":"","_monsterinsights_sitenote_category":0},"product_brand":[],"product_cat":[12274,12631],"product_tag":[],"class_list":{"0":"post-746648","1":"product","2":"type-product","3":"status-publish","5":"product_cat-cocuk-ve-genclik-kitaplari","6":"product_cat-diger-cocuk-ve-genclik-kitaplari","7":"pa_cilt-ciltsiz","8":"pa_tur-kitap","9":"pa_yayinevi-luna-cocuk-yayinlari","10":"pa_yazar-gokce-cetiner-mustucu","12":"first","13":"instock","14":"sale","15":"shipping-taxable","16":"purchasable","17":"product-type-simple"},"_links":{"self":[{"href":"https:\/\/roveyayinevi.com.tr\/index.php\/wp-json\/wp\/v2\/product\/746648","targetHints":{"allow":["GET"]}}],"collection":[{"href":"https:\/\/roveyayinevi.com.tr\/index.php\/wp-json\/wp\/v2\/product"}],"about":[{"href":"https:\/\/roveyayinevi.com.tr\/index.php\/wp-json\/wp\/v2\/types\/product"}],"wp:attachment":[{"href":"https:\/\/roveyayinevi.com.tr\/index.php\/wp-json\/wp\/v2\/media?parent=746648"}],"wp:term":[{"taxonomy":"product_brand","embeddable":true,"href":"https:\/\/roveyayinevi.com.tr\/index.php\/wp-json\/wp\/v2\/product_brand?post=746648"},{"taxonomy":"product_cat","embeddable":true,"href":"https:\/\/roveyayinevi.com.tr\/index.php\/wp-json\/wp\/v2\/product_cat?post=746648"},{"taxonomy":"product_tag","embeddable":true,"href":"https:\/\/roveyayinevi.com.tr\/index.php\/wp-json\/wp\/v2\/product_tag?post=746648"}],"curies":[{"name":"wp","href":"https:\/\/api.w.org\/{rel}","templated":true}]}}