{"id":746646,"date":"2025-08-28T02:47:31","date_gmt":"2025-08-27T23:47:31","guid":{"rendered":"https:\/\/roveyayinevi.com.tr\/index.php\/urun\/farkli-bir-yunus-elvin\/"},"modified":"2026-04-16T02:58:59","modified_gmt":"2026-04-15T23:58:59","slug":"farkli-bir-yunus-elvin","status":"publish","type":"product","link":"https:\/\/roveyayinevi.com.tr\/index.php\/urun\/farkli-bir-yunus-elvin\/","title":{"rendered":"Farkl\u0131 Bir Yunus: Elvin"},"content":{"rendered":"<p>\u201cFarkl\u0131 Bir Yunus: Elvin\u201d g\u00f6kku\u015fa\u011f\u0131 renkli ve konu\u015famayan bir yunusun, arkada\u015f bulma \u00e7abas\u0131n\u0131 anlat\u0131yor. Farkl\u0131 oldu\u011fu i\u00e7in di\u011fer yunuslar ve ba\u015fka hayvanlar ile arkada\u015fl\u0131k kuram\u0131yor. Elvin; endi\u015fe, k\u0131zg\u0131nl\u0131k ve \u00fcz\u00fcnt\u00fc duygular\u0131yla ba\u015f etmeye \u00e7al\u0131\u015f\u0131rken, onlara k\u0131zsa m\u0131 yoksa kendi h\u00e2line \u00fcz\u00fclse mi \u00e7o\u011fu zaman bilemiyor. Yunus Elvin, konu\u015famadan sosyalle\u015fip, arkada\u015f bulabilecek mi? Otizm spektrum bozuklu\u011fu gibi geli\u015fimsel farkl\u0131l\u0131klar\u0131 olan bireylerden esinlenerek ortaya \u00e7\u0131kan Elvin\u2019in hik\u00e2yesi, kendini sevmek, arkada\u015fl\u0131k, farkl\u0131l\u0131klar\u0131n kabul g\u00f6r\u00fclmesi gibi \u00f6nemli kavramlar \u00fczerine \u00e7ocuklar\u0131 d\u00fc\u015f\u00fcnmeye davet eden, de\u011ferli bir hik\u00e2ye\u2026<\/p>\n","protected":false},"excerpt":{"rendered":"<p>\u201cFarkl\u0131 Bir Yunus: Elvin\u201d g\u00f6kku\u015fa\u011f\u0131 renkli ve konu\u015famayan bir yunusun, arkada\u015f bulma \u00e7abas\u0131n\u0131 anlat\u0131yor. Farkl\u0131 oldu\u011fu i\u00e7in di\u011fer yunuslar ve ba\u015fka hayvanlar ile arkada\u015fl\u0131k kuram\u0131yor. Elvin;<span class=\"excerpt-hellip\"> [\u2026]<\/span><\/p>\n","protected":false},"featured_media":0,"template":"","meta":{"_monsterinsights_skip_tracking":false,"_monsterinsights_sitenote_active":false,"_monsterinsights_sitenote_note":"","_monsterinsights_sitenote_category":0},"product_brand":[],"product_cat":[12274,12284],"product_tag":[],"class_list":{"0":"post-746646","1":"product","2":"type-product","3":"status-publish","5":"product_cat-cocuk-ve-genclik-kitaplari","6":"product_cat-hikayeler","7":"pa_cilt-ciltsiz","8":"pa_tur-kitap","9":"pa_yayinevi-luna-cocuk-yayinlari","10":"pa_yazar-cindy-stauffer","12":"first","13":"instock","14":"sale","15":"shipping-taxable","16":"purchasable","17":"product-type-simple"},"_links":{"self":[{"href":"https:\/\/roveyayinevi.com.tr\/index.php\/wp-json\/wp\/v2\/product\/746646","targetHints":{"allow":["GET"]}}],"collection":[{"href":"https:\/\/roveyayinevi.com.tr\/index.php\/wp-json\/wp\/v2\/product"}],"about":[{"href":"https:\/\/roveyayinevi.com.tr\/index.php\/wp-json\/wp\/v2\/types\/product"}],"wp:attachment":[{"href":"https:\/\/roveyayinevi.com.tr\/index.php\/wp-json\/wp\/v2\/media?parent=746646"}],"wp:term":[{"taxonomy":"product_brand","embeddable":true,"href":"https:\/\/roveyayinevi.com.tr\/index.php\/wp-json\/wp\/v2\/product_brand?post=746646"},{"taxonomy":"product_cat","embeddable":true,"href":"https:\/\/roveyayinevi.com.tr\/index.php\/wp-json\/wp\/v2\/product_cat?post=746646"},{"taxonomy":"product_tag","embeddable":true,"href":"https:\/\/roveyayinevi.com.tr\/index.php\/wp-json\/wp\/v2\/product_tag?post=746646"}],"curies":[{"name":"wp","href":"https:\/\/api.w.org\/{rel}","templated":true}]}}