{"id":746644,"date":"2025-08-28T02:47:30","date_gmt":"2025-08-27T23:47:30","guid":{"rendered":"https:\/\/roveyayinevi.com.tr\/index.php\/urun\/son-kullanma-tarihi\/"},"modified":"2026-04-16T02:58:59","modified_gmt":"2026-04-15T23:58:59","slug":"son-kullanma-tarihi","status":"publish","type":"product","link":"https:\/\/roveyayinevi.com.tr\/index.php\/urun\/son-kullanma-tarihi\/","title":{"rendered":"Son Kullanma Tarihi"},"content":{"rendered":"<p>Elli y\u0131l \u00f6nce, bug\u00fcn sahip oldu\u011fumuz insan n\u00fcfusunun yar\u0131s\u0131na sahiptik. Bu b\u00fcy\u00fcme d\u00f6neminde t\u00fcm bu insanlar\u0131 beslemeyi nas\u0131l ba\u015fard\u0131k? \u0130leriye bakt\u0131\u011f\u0131m\u0131zda, gelece\u011fin geni\u015fleyen n\u00fcfusunu nas\u0131l besleyece\u011fiz? Bu kadar \u00e7e\u015fitli bir n\u00fcfusa s\u00fcrd\u00fcr\u00fclebilir bir \u015fekilde g\u00fcvenli, y\u00fcksek kaliteli, sa\u011fl\u0131kl\u0131 g\u0131dalar\u0131 nas\u0131l sa\u011flayaca\u011f\u0131z?   G\u0131dalar insanl\u0131k tarihi boyunca pi\u015firilerek, fermente edilerek ya da ba\u015fka y\u00f6ntemlerle i\u015flenmi\u015ftir. Ancak g\u00fcn\u00fcm\u00fczde s\u00fcpermarket raflar\u0131nda bulunan \u00fcr\u00fcnlere bakt\u0131\u011f\u0131m\u0131zda \u015fu soruyu sormadan edemiyoruz: Fazla m\u0131 ileri gittik?   Bilim, kimyasal reaksiyonlarla ve organizmalar\u0131 manip\u00fcle ederek g\u0131dalar\u0131n \u00f6mr\u00fcn\u00fc uzatman\u0131n pek \u00e7ok yolunu buldu. Haftalarca taze kalan elmalar, aylar yerine birka\u00e7 g\u00fcn i\u00e7inde olgunla\u015fan peynirler, laboratuvar \u00fcr\u00fcn\u00fc biftekler, 3D yaz\u0131c\u0131dan \u00e7\u0131kan pizzalar\u2026   Nicola Temple bu kitapta haz\u0131r yemeklerin neler i\u00e7erdi\u011fini, sebze ve meyvelerin \u00f6mr\u00fcn\u00fc uzatman\u0131n nas\u0131l sa\u011fland\u0131\u011f\u0131n\u0131, g\u0131da i\u015flemede nanoteknolojinin yerini, konunun uzman\u0131 olmayanlar\u0131n da kolayca anlayaca\u011f\u0131 bir bi\u00e7imde aktar\u0131yor ve en sevdi\u011fimiz yiyeceklerin inovasyon, israf ya da sava\u015flardan nas\u0131l etkilendi\u011fini ortaya koyarak bilimkurgu kitaplar\u0131ndan f\u0131rlam\u0131\u015f gibi g\u00f6r\u00fcnen yiyecekleri t\u00fcketti\u011fimiz bir gelecek ihtimaline de g\u00f6z at\u0131yor.   Son Kullanma Tarihi\u2019ni okuduktan sonra i\u015flenmi\u015f g\u0131dalar konusunda neyin kabul edilebilir neyin kabul edilemez oldu\u011funu de\u011ferlendirebilecek ve daha rasyonel t\u00fcketiciler haline geleceksiniz. <\/p>\n","protected":false},"excerpt":{"rendered":"<p>Elli y\u0131l \u00f6nce, bug\u00fcn sahip oldu\u011fumuz insan n\u00fcfusunun yar\u0131s\u0131na sahiptik. Bu b\u00fcy\u00fcme d\u00f6neminde t\u00fcm bu insanlar\u0131 beslemeyi nas\u0131l ba\u015fard\u0131k? \u0130leriye bakt\u0131\u011f\u0131m\u0131zda, gelece\u011fin geni\u015fleyen n\u00fcfusunu nas\u0131l besleyece\u011fiz?<span class=\"excerpt-hellip\"> [\u2026]<\/span><\/p>\n","protected":false},"featured_media":0,"template":"","meta":{"_monsterinsights_skip_tracking":false,"_monsterinsights_sitenote_active":false,"_monsterinsights_sitenote_note":"","_monsterinsights_sitenote_category":0},"product_brand":[],"product_cat":[13005,37328],"product_tag":[],"class_list":{"0":"post-746644","1":"product","2":"type-product","3":"status-publish","5":"product_cat-bilim-muhendislik","6":"product_cat-diger-bilim-muhendislik","7":"pa_cilt-ciltsiz","8":"pa_tur-kitap","9":"pa_yayinevi-sabri-ulker-vakfi-yayinlari","10":"pa_yazar-nicola-temple","12":"first","13":"instock","14":"sale","15":"shipping-taxable","16":"purchasable","17":"product-type-simple"},"_links":{"self":[{"href":"https:\/\/roveyayinevi.com.tr\/index.php\/wp-json\/wp\/v2\/product\/746644","targetHints":{"allow":["GET"]}}],"collection":[{"href":"https:\/\/roveyayinevi.com.tr\/index.php\/wp-json\/wp\/v2\/product"}],"about":[{"href":"https:\/\/roveyayinevi.com.tr\/index.php\/wp-json\/wp\/v2\/types\/product"}],"wp:attachment":[{"href":"https:\/\/roveyayinevi.com.tr\/index.php\/wp-json\/wp\/v2\/media?parent=746644"}],"wp:term":[{"taxonomy":"product_brand","embeddable":true,"href":"https:\/\/roveyayinevi.com.tr\/index.php\/wp-json\/wp\/v2\/product_brand?post=746644"},{"taxonomy":"product_cat","embeddable":true,"href":"https:\/\/roveyayinevi.com.tr\/index.php\/wp-json\/wp\/v2\/product_cat?post=746644"},{"taxonomy":"product_tag","embeddable":true,"href":"https:\/\/roveyayinevi.com.tr\/index.php\/wp-json\/wp\/v2\/product_tag?post=746644"}],"curies":[{"name":"wp","href":"https:\/\/api.w.org\/{rel}","templated":true}]}}