{"id":746638,"date":"2025-08-28T02:47:21","date_gmt":"2025-08-27T23:47:21","guid":{"rendered":"https:\/\/roveyayinevi.com.tr\/index.php\/urun\/ceramic-workshops-in-hellenistic-and-roman-anatolia-production-characteristics-and-regional-comparisons\/"},"modified":"2026-04-16T02:58:59","modified_gmt":"2026-04-15T23:58:59","slug":"ceramic-workshops-in-hellenistic-and-roman-anatolia-production-characteristics-and-regional-comparisons","status":"publish","type":"product","link":"https:\/\/roveyayinevi.com.tr\/index.php\/urun\/ceramic-workshops-in-hellenistic-and-roman-anatolia-production-characteristics-and-regional-comparisons\/","title":{"rendered":"Ceramic Workshops in Hellenistic And Roman Anatolia: Production Characteristics And Regional Comparisons"},"content":{"rendered":"<p>Dr. Heves Sayg\u0131ner bu \u00e7al\u0131\u015fmas\u0131nda, Hellenistik ve Roma D\u00f6nemi\u2019nde Anadolu\u2019daki \u00f6nemli seramik \u00fcretim merkezlerini form ve kil \u00f6zellikleri bak\u0131m\u0131ndan kar\u015f\u0131la\u015ft\u0131rmal\u0131 olarak inceliyor. Zengin bir kaynak\u00e7a, foto\u011fraf ve \u00e7izimlerle desteklenmi\u015f bu \u00e7al\u0131\u015fma, Arkeoloji ve seramik alan\u0131nda \u00f6nemli bir ba\u015fucu kayna\u011f\u0131d\u0131r. <\/p>\n","protected":false},"excerpt":{"rendered":"<p>Dr. Heves Sayg\u0131ner bu \u00e7al\u0131\u015fmas\u0131nda, Hellenistik ve Roma D\u00f6nemi\u2019nde Anadolu\u2019daki \u00f6nemli seramik \u00fcretim merkezlerini form ve kil \u00f6zellikleri bak\u0131m\u0131ndan kar\u015f\u0131la\u015ft\u0131rmal\u0131 olarak inceliyor. Zengin bir kaynak\u00e7a, foto\u011fraf<span class=\"excerpt-hellip\"> [\u2026]<\/span><\/p>\n","protected":false},"featured_media":0,"template":"","meta":{"_monsterinsights_skip_tracking":false,"_monsterinsights_sitenote_active":false,"_monsterinsights_sitenote_note":"","_monsterinsights_sitenote_category":0},"product_brand":[],"product_cat":[52477,52478],"product_tag":[],"class_list":{"0":"post-746638","1":"product","2":"type-product","3":"status-publish","5":"product_cat-arastirma","6":"product_cat-arkeoloji","7":"pa_cilt-ciltsiz","8":"pa_tur-kitap","9":"pa_yayinevi-myrina-yayinlari","10":"pa_yazar-heves-sayginer","12":"first","13":"instock","14":"sale","15":"shipping-taxable","16":"purchasable","17":"product-type-simple"},"_links":{"self":[{"href":"https:\/\/roveyayinevi.com.tr\/index.php\/wp-json\/wp\/v2\/product\/746638","targetHints":{"allow":["GET"]}}],"collection":[{"href":"https:\/\/roveyayinevi.com.tr\/index.php\/wp-json\/wp\/v2\/product"}],"about":[{"href":"https:\/\/roveyayinevi.com.tr\/index.php\/wp-json\/wp\/v2\/types\/product"}],"wp:attachment":[{"href":"https:\/\/roveyayinevi.com.tr\/index.php\/wp-json\/wp\/v2\/media?parent=746638"}],"wp:term":[{"taxonomy":"product_brand","embeddable":true,"href":"https:\/\/roveyayinevi.com.tr\/index.php\/wp-json\/wp\/v2\/product_brand?post=746638"},{"taxonomy":"product_cat","embeddable":true,"href":"https:\/\/roveyayinevi.com.tr\/index.php\/wp-json\/wp\/v2\/product_cat?post=746638"},{"taxonomy":"product_tag","embeddable":true,"href":"https:\/\/roveyayinevi.com.tr\/index.php\/wp-json\/wp\/v2\/product_tag?post=746638"}],"curies":[{"name":"wp","href":"https:\/\/api.w.org\/{rel}","templated":true}]}}