{"id":746630,"date":"2025-08-28T02:47:13","date_gmt":"2025-08-27T23:47:13","guid":{"rendered":"https:\/\/roveyayinevi.com.tr\/index.php\/urun\/birikim-sayi-405-ocak-2023\/"},"modified":"2026-04-16T02:58:58","modified_gmt":"2026-04-15T23:58:58","slug":"birikim-sayi-405-ocak-2023","status":"publish","type":"product","link":"https:\/\/roveyayinevi.com.tr\/index.php\/urun\/birikim-sayi-405-ocak-2023\/","title":{"rendered":"Birikim Say\u0131 405 &#8211; Ocak 2023"},"content":{"rendered":"<p>Ge\u00e7en ay\u0131n birikimi 3 \u00d6MER LA\u00c7\u0130NER Kader y\u0131l\u0131 ba\u015flarken Kira g\u00f6\u00e7\u00fc 7 BERKAY \u00dcZ\u00dcM Sunu\u015f 8 VOLKAN ALTINOK Orta s\u0131n\u0131f\u0131n bar\u0131nma sorunuyla tan\u0131\u015fmas\u0131: Kira g\u00f6\u00e7\u00fc 21 I\u015eIL KURNAZ Mek\u00e2nda Adalet Derne\u011fi\u2019nden Bahar Bayhan\u2019la s\u00f6yle\u015fi: \u201cKonut sorunu bir\u00e7ok farkl\u0131 toplumsal sorunu katmerlendiriyor, adaletsizli\u011fi k\u00f6r\u00fckl\u00fcyor\u201d 27 SILA ARKAT Kad\u0131nlar\u0131n kira g\u00f6\u00e7\u00fcyle imtihan\u0131: Savrulan hayatlar 33 I\u015eIL KURNAZ Milli Koruma Kanunu\u2019ndan bug\u00fcne kira g\u00f6\u00e7erlik: Mesken buhran\u0131 41 BERKAY \u00dcZ\u00dcM \u00c7oky\u00f6nl\u00fc bir bask\u0131 ve Kaybolan Ba\u011flar\u2019dan bir dayan\u0131\u015fma \u00f6rne\u011fi: Kirac\u0131l\u0131k m\u00fcessesesi Sol 46 SAM\u0130 \u00d6ZB\u0130L \u0130ran vesilesiyle, sol, devrim ve kitle hareketleri: Diyet 54 MEHMET KAZIM Dikey iktidardan yatay iktidara sonlanmayan&#8230; Kule ve a\u011f 61 F\u0130DAN TERZ\u0130O\u011eLU Arzunun politik ekonomisi Pop\u00fclizm 67 EKREM D\u00dcZEN &#8211; METE SEFA UYSAL Pop\u00fclist liderlerin otoriter liderlere d\u00f6n\u00fc\u015f\u00fcm\u00fc: Demokrasiler t\u00f6kezlerken (2) Be\u015feri co\u011frafya 74 G\u00d6ZDE YILMAZ Nahid S\u0131rr\u0131\u2019n\u0131n seyahat notlar\u0131: \u0130nsank\u00f6r panoramalar 83 MEHMET SA\u011eMAN KAYATEK\u0130N HALUK AYDIN TOPALO\u011eLU Hekimlikte bilgi ve \u201cg\u00fc\u00e7\u201d\u00fcn politik kullan\u0131m\u0131 \u00fczerine baz\u0131 d\u00fc\u015f\u00fcnceler Pop\u00fcler k\u00fclt\u00fcr 93 FUNDA D\u00d6RTKA\u015e Astroloji ne vaat ediyor? Sanat 97 BURAK DEL\u0130ER Sahnede 90\u2019lar: Performans, \u00f6zg\u00fcrl\u00fck, \u00f6l\u00fcm<\/p>\n","protected":false},"excerpt":{"rendered":"<p>Ge\u00e7en ay\u0131n birikimi 3 \u00d6MER LA\u00c7\u0130NER Kader y\u0131l\u0131 ba\u015flarken Kira g\u00f6\u00e7\u00fc 7 BERKAY \u00dcZ\u00dcM Sunu\u015f 8 VOLKAN ALTINOK Orta s\u0131n\u0131f\u0131n bar\u0131nma sorunuyla tan\u0131\u015fmas\u0131: Kira g\u00f6\u00e7\u00fc 21<span class=\"excerpt-hellip\"> [\u2026]<\/span><\/p>\n","protected":false},"featured_media":0,"template":"","meta":{"_monsterinsights_skip_tracking":false,"_monsterinsights_sitenote_active":false,"_monsterinsights_sitenote_note":"","_monsterinsights_sitenote_category":0},"product_brand":[],"product_cat":[30023,13527],"product_tag":[],"class_list":{"0":"post-746630","1":"product","2":"type-product","3":"status-publish","5":"product_cat-edebiyat-sureli-yayinlar","6":"product_cat-sureli-yayinlar","7":"pa_cilt-ciltsiz","8":"pa_tur-dergi","9":"pa_yayinevi-iletisim-yayinlari","10":"pa_yazar-kolektif","12":"first","13":"instock","14":"sale","15":"shipping-taxable","16":"purchasable","17":"product-type-simple"},"_links":{"self":[{"href":"https:\/\/roveyayinevi.com.tr\/index.php\/wp-json\/wp\/v2\/product\/746630","targetHints":{"allow":["GET"]}}],"collection":[{"href":"https:\/\/roveyayinevi.com.tr\/index.php\/wp-json\/wp\/v2\/product"}],"about":[{"href":"https:\/\/roveyayinevi.com.tr\/index.php\/wp-json\/wp\/v2\/types\/product"}],"wp:attachment":[{"href":"https:\/\/roveyayinevi.com.tr\/index.php\/wp-json\/wp\/v2\/media?parent=746630"}],"wp:term":[{"taxonomy":"product_brand","embeddable":true,"href":"https:\/\/roveyayinevi.com.tr\/index.php\/wp-json\/wp\/v2\/product_brand?post=746630"},{"taxonomy":"product_cat","embeddable":true,"href":"https:\/\/roveyayinevi.com.tr\/index.php\/wp-json\/wp\/v2\/product_cat?post=746630"},{"taxonomy":"product_tag","embeddable":true,"href":"https:\/\/roveyayinevi.com.tr\/index.php\/wp-json\/wp\/v2\/product_tag?post=746630"}],"curies":[{"name":"wp","href":"https:\/\/api.w.org\/{rel}","templated":true}]}}