{"id":746628,"date":"2025-08-28T02:46:37","date_gmt":"2025-08-27T23:46:37","guid":{"rendered":"https:\/\/roveyayinevi.com.tr\/index.php\/urun\/kizil-kahkaha-3\/"},"modified":"2026-04-16T02:58:58","modified_gmt":"2026-04-15T23:58:58","slug":"kizil-kahkaha-3","status":"publish","type":"product","link":"https:\/\/roveyayinevi.com.tr\/index.php\/urun\/kizil-kahkaha-3\/","title":{"rendered":"K\u0131z\u0131l Kahkaha"},"content":{"rendered":"<p>Rus d\u0131\u015favurumculu\u011funun \u00f6nc\u00fclerinden Leonid Andreyev, K\u0131z\u0131l Kahkaha\u2019da sava\u015f\u0131n deh\u015fet vericili\u011fini i\u00e7eriden bir g\u00f6zle, derin etki b\u0131rakacak bir kesit sunarak ifade eder. \u0130\u00e7eri\u011fine ustal\u0131kla uydurulmu\u015f sert, so\u011fuk ve kay\u0131ts\u0131zca d\u00fcr\u00fcst metin, yaln\u0131zca cephede olan biteni aktarmakla kalmaz, evlerinde bekleyen asker ailelerine dahi tesir eden toplu delilik halini de ele al\u0131r. Andreyev\u2019in sava\u015f\u0131, at\u0131lan t\u00fcm mermilerin hedefi vurdu\u011fu bir kahramanl\u0131k \u00f6yk\u00fcs\u00fc de\u011fil; kopan uzuvlar\u0131n, mektuplar\u0131 evlerine \u00f6l\u00fcm haberinden sonra ula\u015fan askerlerin, sonu gelmez \u00f6l\u00fcm listelerinin, insan\u0131 delirten uykusuzlu\u011fun, cephede ve evlerde ayr\u0131 ayr\u0131 h\u00fck\u00fcm s\u00fcren korkunun kan donduruculu\u011funun \u00f6yk\u00fcs\u00fcd\u00fcr. <\/p>\n","protected":false},"excerpt":{"rendered":"<p>Rus d\u0131\u015favurumculu\u011funun \u00f6nc\u00fclerinden Leonid Andreyev, K\u0131z\u0131l Kahkaha\u2019da sava\u015f\u0131n deh\u015fet vericili\u011fini i\u00e7eriden bir g\u00f6zle, derin etki b\u0131rakacak bir kesit sunarak ifade eder. \u0130\u00e7eri\u011fine ustal\u0131kla uydurulmu\u015f sert, so\u011fuk<span class=\"excerpt-hellip\"> [\u2026]<\/span><\/p>\n","protected":false},"featured_media":0,"template":"","meta":{"_monsterinsights_skip_tracking":false,"_monsterinsights_sitenote_active":false,"_monsterinsights_sitenote_note":"","_monsterinsights_sitenote_category":0},"product_brand":[],"product_cat":[12291,12711],"product_tag":[],"class_list":{"0":"post-746628","1":"product","2":"type-product","3":"status-publish","5":"product_cat-edebiyat","6":"product_cat-roman-oyku","7":"pa_cilt-ciltsiz","8":"pa_tur-kitap","9":"pa_yayinevi-can-yayinlari","10":"pa_yazar-leonid-andreyev","12":"first","13":"instock","14":"sale","15":"shipping-taxable","16":"purchasable","17":"product-type-simple"},"_links":{"self":[{"href":"https:\/\/roveyayinevi.com.tr\/index.php\/wp-json\/wp\/v2\/product\/746628","targetHints":{"allow":["GET"]}}],"collection":[{"href":"https:\/\/roveyayinevi.com.tr\/index.php\/wp-json\/wp\/v2\/product"}],"about":[{"href":"https:\/\/roveyayinevi.com.tr\/index.php\/wp-json\/wp\/v2\/types\/product"}],"wp:attachment":[{"href":"https:\/\/roveyayinevi.com.tr\/index.php\/wp-json\/wp\/v2\/media?parent=746628"}],"wp:term":[{"taxonomy":"product_brand","embeddable":true,"href":"https:\/\/roveyayinevi.com.tr\/index.php\/wp-json\/wp\/v2\/product_brand?post=746628"},{"taxonomy":"product_cat","embeddable":true,"href":"https:\/\/roveyayinevi.com.tr\/index.php\/wp-json\/wp\/v2\/product_cat?post=746628"},{"taxonomy":"product_tag","embeddable":true,"href":"https:\/\/roveyayinevi.com.tr\/index.php\/wp-json\/wp\/v2\/product_tag?post=746628"}],"curies":[{"name":"wp","href":"https:\/\/api.w.org\/{rel}","templated":true}]}}