{"id":746625,"date":"2025-08-28T02:46:33","date_gmt":"2025-08-27T23:46:33","guid":{"rendered":"https:\/\/roveyayinevi.com.tr\/index.php\/urun\/laboratuvar-hayati\/"},"modified":"2026-04-16T02:58:58","modified_gmt":"2026-04-15T23:58:58","slug":"laboratuvar-hayati","status":"publish","type":"product","link":"https:\/\/roveyayinevi.com.tr\/index.php\/urun\/laboratuvar-hayati\/","title":{"rendered":"Laboratuvar Hayat\u0131"},"content":{"rendered":"<p>20. y\u00fczy\u0131la ge\u00e7erken \u00e7ok say\u0131da erkek ve kad\u0131n s\u00f6zde ilkel toplumlardan geriye kalanlar\u0131 topla-mak i\u00e7in b\u00fcy\u00fck ormanlara dald\u0131, zorlu iklim ko\u015fullar\u0131nda ya\u015fad\u0131 ve d\u00fc\u015fmanl\u0131k, can s\u0131k\u0131nt\u0131s\u0131 ve hastal\u0131klarla bo\u011fu\u015ftu. Bu antropolojik gezintilerin s\u0131kl\u0131\u011f\u0131n\u0131n aksine, ula\u015f\u0131lmas\u0131 \u00e7ok daha kolay olan kabilelerdeki hayat\u0131n mahrem yanlar\u0131na n\u00fcfuz etmek i\u00e7in nispeten s\u0131n\u0131rl\u0131 giri\u015fim yap\u0131ld\u0131. Bu s\u0131n\u0131rl\u0131l\u0131k, muhtemelen, modern uygar toplumlardaki kabilelerin \u00fcr\u00fcnlerinin al\u0131mlanma bi\u00e7imi ve bu \u00fcr\u00fcnlere atfedilen \u00f6nem nedeniyle \u015fa\u015f\u0131rt\u0131c\u0131d\u0131r: burada, ku\u015fkusuz, \u2018bilim insanlar\u0131 kabilele-ri\u2019nden ve onlar\u0131n \u00fcr\u00fcnlerinden bahsetmekteyiz. G\u00fcn\u00fcm\u00fczde egzotik kabilelerin mitleri ve din-sel rit\u00fcelleri hakk\u0131nda olduk\u00e7a ayr\u0131nt\u0131l\u0131 bilgilere sahip olsak da, \u00e7al\u0131\u015fmalar\u0131 uygarl\u0131\u011f\u0131m\u0131z \u00fczerin-de \u00e7o\u011funlukla sars\u0131c\u0131 veya en az\u0131ndan olduk\u00e7a \u00f6nemli etkilere sahip oldu\u011fu il\u00e2n edilen \u2018bilim insanlar\u0131 kabileleri\u2019 aras\u0131ndaki ve i\u00e7lerindeki benzer t\u00fcrde etkinliklerin detaylar\u0131 hakk\u0131nda nis-peten cahil say\u0131l\u0131r\u0131z\u2026Ba\u015fka kabileler tanr\u0131lara veya kompleks mitolojilere inan\u0131rlarken, bu kabilenin \u00fcyeleri \u0131srarla kendi faaliyetlerinin inan\u00e7larla, bir k\u00fclt\u00fcr veya mitolojiyle hi\u00e7bir \u015fekilde ili\u015fkili olmad\u0131\u011f\u0131n\u0131 vur-gularlar. Onlar aksine sadece \u2018kesin kan\u0131tlar\u2019la ilgilendiklerini iddia ederler\u2026Kabilelerle birlikte ya\u015fayarak, kabile \u00fcyeleriyle ayn\u0131 zorluklar\u0131 payla\u015farak ve neredeyse onlar-dan biri h\u00e2line gelerek \u2018vah\u015fi zihinlerin\u2019 inan\u00e7 sistemini veya madd\u00ee \u00fcretimini ara\u015ft\u0131ran, sonunda bir \u00f6n ara\u015ft\u0131rma raporu olarak sunabilece\u011fi bir g\u00f6zlemler setiyle d\u00f6nen Fildi\u015fi Sahili\u2019nin korku-suz ara\u015ft\u0131rmac\u0131n\u0131nkine benzer bir ara\u015ft\u0131rma prosed\u00fcr\u00fc tasarlad\u0131k.<\/p>\n","protected":false},"excerpt":{"rendered":"<p>20. y\u00fczy\u0131la ge\u00e7erken \u00e7ok say\u0131da erkek ve kad\u0131n s\u00f6zde ilkel toplumlardan geriye kalanlar\u0131 topla-mak i\u00e7in b\u00fcy\u00fck ormanlara dald\u0131, zorlu iklim ko\u015fullar\u0131nda ya\u015fad\u0131 ve d\u00fc\u015fmanl\u0131k, can s\u0131k\u0131nt\u0131s\u0131<span class=\"excerpt-hellip\"> [\u2026]<\/span><\/p>\n","protected":false},"featured_media":0,"template":"","meta":{"_monsterinsights_skip_tracking":false,"_monsterinsights_sitenote_active":false,"_monsterinsights_sitenote_note":"","_monsterinsights_sitenote_category":0},"product_brand":[],"product_cat":[12325,12324],"product_tag":[],"class_list":{"0":"post-746625","1":"product","2":"type-product","3":"status-publish","5":"product_cat-diger-sosyoloji","6":"product_cat-sosyoloji","7":"pa_cilt-ciltsiz","8":"pa_tur-kitap","9":"pa_yayinevi-phoenix-yayinevi","10":"pa_yazar-bruno-latour-steve-woolgar","12":"first","13":"instock","14":"sale","15":"shipping-taxable","16":"purchasable","17":"product-type-simple"},"_links":{"self":[{"href":"https:\/\/roveyayinevi.com.tr\/index.php\/wp-json\/wp\/v2\/product\/746625","targetHints":{"allow":["GET"]}}],"collection":[{"href":"https:\/\/roveyayinevi.com.tr\/index.php\/wp-json\/wp\/v2\/product"}],"about":[{"href":"https:\/\/roveyayinevi.com.tr\/index.php\/wp-json\/wp\/v2\/types\/product"}],"wp:attachment":[{"href":"https:\/\/roveyayinevi.com.tr\/index.php\/wp-json\/wp\/v2\/media?parent=746625"}],"wp:term":[{"taxonomy":"product_brand","embeddable":true,"href":"https:\/\/roveyayinevi.com.tr\/index.php\/wp-json\/wp\/v2\/product_brand?post=746625"},{"taxonomy":"product_cat","embeddable":true,"href":"https:\/\/roveyayinevi.com.tr\/index.php\/wp-json\/wp\/v2\/product_cat?post=746625"},{"taxonomy":"product_tag","embeddable":true,"href":"https:\/\/roveyayinevi.com.tr\/index.php\/wp-json\/wp\/v2\/product_tag?post=746625"}],"curies":[{"name":"wp","href":"https:\/\/api.w.org\/{rel}","templated":true}]}}