{"id":746624,"date":"2025-08-28T02:46:32","date_gmt":"2025-08-27T23:46:32","guid":{"rendered":"https:\/\/roveyayinevi.com.tr\/index.php\/urun\/12-mart-ve-12-eylulun-anatomisi\/"},"modified":"2026-04-16T02:58:58","modified_gmt":"2026-04-15T23:58:58","slug":"12-mart-ve-12-eylulun-anatomisi","status":"publish","type":"product","link":"https:\/\/roveyayinevi.com.tr\/index.php\/urun\/12-mart-ve-12-eylulun-anatomisi\/","title":{"rendered":"12 Mart ve 12 Eyl\u00fcl&#8217;\u00fcn Anatomisi"},"content":{"rendered":"<p>Bu kitap 1960-1980 d\u00f6nemi T\u00fcrkiye\u2019sini siyasi rejim ekseninde ele al\u0131yor. Sorunlu liberal demokrasi tecr\u00fcbemizi darbelere gidi\u015f s\u00fcrecinin ayr\u0131nt\u0131l\u0131 analizi \u00fczerinden anlamaya \u00e7al\u0131\u015f\u0131yor.  \u00c7al\u0131\u015fma yekpare ve de\u011fi\u015fmez siyasi akt\u00f6rler varsay\u0131m\u0131n\u0131 sorgulayarak, d\u00f6nemin ba\u015fl\u0131ca siyasi akt\u00f6rlerinin s\u00fcre\u00e7 i\u00e7indeki de\u011fi\u015fim ve d\u00f6n\u00fc\u015f\u00fcmlerini t\u00fcm karma\u015f\u0131kl\u0131\u011f\u0131yla ortaya koymaya \u00e7al\u0131\u015f\u0131yor.  Bir yandan akt\u00f6rler ve s\u00fcre\u00e7ler \u00fczerinde dururken, \u00f6te yandan devletin merkezili\u011fi, mutlak\u00e7\u0131 siyasi k\u00fclt\u00fcr, d\u00fc\u015f\u00fck sosyo-ekonomik geli\u015fme d\u00fczeyi, k\u00f6yl\u00fcl\u00fck, \u00e7arp\u0131k kentle\u015fme gibi yap\u0131sal denilebilecek unsurlar\u0131 da ihmal etmiyor.   Kitap, askeri darbeleri s\u0131n\u0131f \u00e7at\u0131\u015fmalar\u0131, iktisadi krizler ya da so\u011fuk sava\u015f\u0131n ka\u00e7\u0131n\u0131lmaz sonu\u00e7lar\u0131 olarak g\u00f6ren g\u00f6r\u00fc\u015fleri ele\u015ftiriyor. Keza darbeleri, askeri ve sivil b\u00fcrokrasinin kendine bi\u00e7ti\u011fi rejim bek\u00e7ili\u011fi rol\u00fc ile a\u00e7\u0131klarken, b\u00fcrokrasinin de bir par\u00e7as\u0131 oldu\u011fu toplumsal \u00e7at\u0131\u015fma eksenleri ve g\u00fc\u00e7 ili\u015fkilerini ikinci plana iten analizleri de yetersiz buluyor. Ordunun, se\u00e7imle gelenler k\u00f6t\u00fc y\u00f6nettikleri i\u00e7in m\u00fcdahale etmek zorunda kald\u0131\u011f\u0131 tezinin, rejimin dejenerasyonu s\u00fcrecinde askerlerin katk\u0131s\u0131n\u0131 maskelemesi nedeniyle savunulamayaca\u011f\u0131n\u0131 s\u00f6ylerken; sivil siyaset\u00e7ilerin darbelere gidi\u015f s\u00fcrecinde \u00f6nemli sorumluluklar\u0131 oldu\u011funun da alt\u0131n\u0131 \u00e7iziyor. <\/p>\n","protected":false},"excerpt":{"rendered":"<p>Bu kitap 1960-1980 d\u00f6nemi T\u00fcrkiye\u2019sini siyasi rejim ekseninde ele al\u0131yor. Sorunlu liberal demokrasi tecr\u00fcbemizi darbelere gidi\u015f s\u00fcrecinin ayr\u0131nt\u0131l\u0131 analizi \u00fczerinden anlamaya \u00e7al\u0131\u015f\u0131yor. \u00c7al\u0131\u015fma yekpare ve de\u011fi\u015fmez<span class=\"excerpt-hellip\"> [\u2026]<\/span><\/p>\n","protected":false},"featured_media":0,"template":"","meta":{"_monsterinsights_skip_tracking":false,"_monsterinsights_sitenote_active":false,"_monsterinsights_sitenote_note":"","_monsterinsights_sitenote_category":0},"product_brand":[],"product_cat":[13590,12337],"product_tag":[],"class_list":{"0":"post-746624","1":"product","2":"type-product","3":"status-publish","5":"product_cat-arastirma-inceleme-politika-siyaset","6":"product_cat-politika-siyaset","7":"pa_cilt-ciltsiz","8":"pa_tur-kitap","9":"pa_yayinevi-liberte-yayinlari","10":"pa_yazar-tanel-demirel","12":"first","13":"instock","14":"sale","15":"shipping-taxable","16":"purchasable","17":"product-type-simple"},"_links":{"self":[{"href":"https:\/\/roveyayinevi.com.tr\/index.php\/wp-json\/wp\/v2\/product\/746624","targetHints":{"allow":["GET"]}}],"collection":[{"href":"https:\/\/roveyayinevi.com.tr\/index.php\/wp-json\/wp\/v2\/product"}],"about":[{"href":"https:\/\/roveyayinevi.com.tr\/index.php\/wp-json\/wp\/v2\/types\/product"}],"wp:attachment":[{"href":"https:\/\/roveyayinevi.com.tr\/index.php\/wp-json\/wp\/v2\/media?parent=746624"}],"wp:term":[{"taxonomy":"product_brand","embeddable":true,"href":"https:\/\/roveyayinevi.com.tr\/index.php\/wp-json\/wp\/v2\/product_brand?post=746624"},{"taxonomy":"product_cat","embeddable":true,"href":"https:\/\/roveyayinevi.com.tr\/index.php\/wp-json\/wp\/v2\/product_cat?post=746624"},{"taxonomy":"product_tag","embeddable":true,"href":"https:\/\/roveyayinevi.com.tr\/index.php\/wp-json\/wp\/v2\/product_tag?post=746624"}],"curies":[{"name":"wp","href":"https:\/\/api.w.org\/{rel}","templated":true}]}}