{"id":746619,"date":"2025-08-28T02:46:24","date_gmt":"2025-08-27T23:46:24","guid":{"rendered":"https:\/\/roveyayinevi.com.tr\/index.php\/urun\/kacak-telemetri\/"},"modified":"2026-04-16T02:58:58","modified_gmt":"2026-04-15T23:58:58","slug":"kacak-telemetri","status":"publish","type":"product","link":"https:\/\/roveyayinevi.com.tr\/index.php\/urun\/kacak-telemetri\/","title":{"rendered":"Ka\u00e7ak Telemetri"},"content":{"rendered":"<p>2022 LOCUS EN \u0130Y\u0130 NOVELLA \u00d6D\u00dcL\u00dc 2021 HUGO YILIN EN \u0130Y\u0130 SER\u0130S\u0130 \u00d6D\u00dcL\u00dc   Hay\u0131r, \u00f6l\u00fc insan\u0131 ben \u00f6ld\u00fcrmedim. \u00d6ld\u00fcrseydim cesedi aktarma merkezine b\u0131rakmazd\u0131m.   Preservation \u0130stasyonu\u2019nda bir ceset bulundu\u011funda Katilbot, cesedin (eskiden) kim oldu\u011funu, nas\u0131l (bu en az\u0131ndan nispeten kolay olmal\u0131) ve neden (\u00e7\u00fcnk\u00fc g\u00f6r\u00fcn\u00fc\u015fe g\u00f6re bu bir\u00e7ok insan i\u00e7in \u00f6nemli \u2013 kim tahmin ederdi ki) \u00f6ld\u00fcr\u00fcld\u00fc\u011f\u00fcn\u00fc \u00e7\u00f6zmelerinde \u0130stasyon G\u00fcvenli\u011fi\u2019ne yard\u0131m etmesi gerekece\u011fini biliyordu.   Evet, inan\u0131lmaz bir \u015fey ger\u00e7ekle\u015fmek \u00fczere: Katilbot insanlarla kendi r\u0131zas\u0131yla konu\u015fmak zorunda!   Yine!   \u201cKatilbot\u2019a bay\u0131l\u0131yorum.\u201d \u2013Ann Leckie   \u201cWells&#8230; insan\u0131 ba\u011f\u0131ml\u0131 eden bir ba\u015fkarakter yaratt\u0131.\u201d \u2013Library Journal \u201cDaha \u00f6nce hi\u00e7bir kitab\u0131n ana karakterine b\u00f6ylesine ba\u011flanmam\u0131\u015ft\u0131m.\u201d \u2013Patrick Rothfuss   <\/p>\n","protected":false},"excerpt":{"rendered":"<p>2022 LOCUS EN \u0130Y\u0130 NOVELLA \u00d6D\u00dcL\u00dc 2021 HUGO YILIN EN \u0130Y\u0130 SER\u0130S\u0130 \u00d6D\u00dcL\u00dc Hay\u0131r, \u00f6l\u00fc insan\u0131 ben \u00f6ld\u00fcrmedim. \u00d6ld\u00fcrseydim cesedi aktarma merkezine b\u0131rakmazd\u0131m. Preservation \u0130stasyonu\u2019nda bir<span class=\"excerpt-hellip\"> [\u2026]<\/span><\/p>\n","protected":false},"featured_media":0,"template":"","meta":{"_monsterinsights_skip_tracking":false,"_monsterinsights_sitenote_active":false,"_monsterinsights_sitenote_note":"","_monsterinsights_sitenote_category":0},"product_brand":[],"product_cat":[12540,12291],"product_tag":[],"class_list":{"0":"post-746619","1":"product","2":"type-product","3":"status-publish","5":"product_cat-bilim-kurgu","6":"product_cat-edebiyat","7":"pa_cilt-ciltsiz","8":"pa_tur-kitap","9":"pa_yayinevi-ithaki-yayinlari","10":"pa_yazar-martha-wells","12":"first","13":"instock","14":"sale","15":"shipping-taxable","16":"purchasable","17":"product-type-simple"},"_links":{"self":[{"href":"https:\/\/roveyayinevi.com.tr\/index.php\/wp-json\/wp\/v2\/product\/746619","targetHints":{"allow":["GET"]}}],"collection":[{"href":"https:\/\/roveyayinevi.com.tr\/index.php\/wp-json\/wp\/v2\/product"}],"about":[{"href":"https:\/\/roveyayinevi.com.tr\/index.php\/wp-json\/wp\/v2\/types\/product"}],"wp:attachment":[{"href":"https:\/\/roveyayinevi.com.tr\/index.php\/wp-json\/wp\/v2\/media?parent=746619"}],"wp:term":[{"taxonomy":"product_brand","embeddable":true,"href":"https:\/\/roveyayinevi.com.tr\/index.php\/wp-json\/wp\/v2\/product_brand?post=746619"},{"taxonomy":"product_cat","embeddable":true,"href":"https:\/\/roveyayinevi.com.tr\/index.php\/wp-json\/wp\/v2\/product_cat?post=746619"},{"taxonomy":"product_tag","embeddable":true,"href":"https:\/\/roveyayinevi.com.tr\/index.php\/wp-json\/wp\/v2\/product_tag?post=746619"}],"curies":[{"name":"wp","href":"https:\/\/api.w.org\/{rel}","templated":true}]}}