{"id":746618,"date":"2025-08-28T02:46:22","date_gmt":"2025-08-27T23:46:22","guid":{"rendered":"https:\/\/roveyayinevi.com.tr\/index.php\/urun\/gunesin-cekirdegi\/"},"modified":"2026-04-16T02:58:58","modified_gmt":"2026-04-15T23:58:58","slug":"gunesin-cekirdegi","status":"publish","type":"product","link":"https:\/\/roveyayinevi.com.tr\/index.php\/urun\/gunesin-cekirdegi\/","title":{"rendered":"G\u00fcne\u015fin \u00c7ekirde\u011fi"},"content":{"rendered":"<p>\u00d6sistokratik Finlandiya Cumhuriyeti\u2019nde iki t\u00fcr kad\u0131n vard\u0131r: \u00fcremelerine izin verilen itaatk\u00e2r eloiler ve zeki, ba\u011f\u0131ms\u0131z fakat \u201czararl\u0131\u201d genlerini aktarmamalar\u0131 i\u00e7in k\u0131s\u0131rla\u015ft\u0131r\u0131lm\u0131\u015f morloklar.   Vanna, eloi g\u00f6r\u00fcn\u00fc\u015f\u00fcne sahip bir morloktur. Ger\u00e7ek bir eloi olan ve k\u0131sa s\u00fcre sonra kay\u0131plara kar\u0131\u015fan k\u0131z karde\u015fi Manna\u2019ya yard\u0131m etmek i\u00e7in para kazanmak zorundad\u0131r. B\u00f6ylece Jare ile birlikte ac\u0131 biber ad\u0131 verilen, illegal bir uyar\u0131c\u0131 maddenin al\u0131m sat\u0131m\u0131na ba\u015flarlar. Jare, amac\u0131 d\u00fcnyan\u0131n en ac\u0131 biberini \u00fcretmek olan tuhaf bir dini grupla anla\u015ft\u0131\u011f\u0131nda, ticaret y\u00f6ntemlerini de\u011fi\u015ftirip k\u0131rsala ta\u015f\u0131n\u0131rlar. Ac\u0131 biber ger\u00e7ekten s\u00f6ylendi\u011fi kadar tehlikeli midir? Finlandiya nas\u0131l bu h\u00e2le gelmi\u015ftir? Vanna, karde\u015fini bulabilecek midir, yoksa biber ba\u011f\u0131ml\u0131l\u0131\u011f\u0131 onun sonu mu olacakt\u0131r?   Tuhaf kurgunun etkileyici bir \u00f6rne\u011fi olan G\u00fcne\u015fin \u00c7ekirde\u011fi\u2019nde sosyal ele\u015ftiri ile heyecan dolu bir ka\u00e7\u0131\u015f ve aray\u0131\u015f hik\u00e2yesi ustaca harmanlan\u0131yor.   \u201cMargaret Atwood\u2019un Dam\u0131zl\u0131k K\u0131z\u0131n \u00d6yk\u00fcs\u00fc kitab\u0131n\u0131 akla getiren, t\u00fcyler \u00fcrpertici bir roman.\u201d \u2013The Washington Post   \u201cB\u00fcy\u00fcleyici olay \u00f6rg\u00fcs\u00fc ve gerilim \u00f6geleriyle G\u00fcne\u015fin \u00c7ekirde\u011fi, okuru politik ortam\u0131n\u0131n ve \u00e7arp\u0131c\u0131 duygusal \u00f6yk\u00fcs\u00fcn\u00fcn i\u00e7ine kolayl\u0131kla \u00e7ekiyor.\u201d \u2013Kirkus <\/p>\n","protected":false},"excerpt":{"rendered":"<p>\u00d6sistokratik Finlandiya Cumhuriyeti\u2019nde iki t\u00fcr kad\u0131n vard\u0131r: \u00fcremelerine izin verilen itaatk\u00e2r eloiler ve zeki, ba\u011f\u0131ms\u0131z fakat \u201czararl\u0131\u201d genlerini aktarmamalar\u0131 i\u00e7in k\u0131s\u0131rla\u015ft\u0131r\u0131lm\u0131\u015f morloklar. Vanna, eloi g\u00f6r\u00fcn\u00fc\u015f\u00fcne sahip<span class=\"excerpt-hellip\"> [\u2026]<\/span><\/p>\n","protected":false},"featured_media":0,"template":"","meta":{"_monsterinsights_skip_tracking":false,"_monsterinsights_sitenote_active":false,"_monsterinsights_sitenote_note":"","_monsterinsights_sitenote_category":0},"product_brand":[],"product_cat":[12540,12291],"product_tag":[],"class_list":{"0":"post-746618","1":"product","2":"type-product","3":"status-publish","5":"product_cat-bilim-kurgu","6":"product_cat-edebiyat","7":"pa_cilt-ciltsiz","8":"pa_tur-kitap","9":"pa_yayinevi-ithaki-yayinlari","10":"pa_yazar-johanna-sinisalo","12":"first","13":"instock","14":"sale","15":"shipping-taxable","16":"purchasable","17":"product-type-simple"},"_links":{"self":[{"href":"https:\/\/roveyayinevi.com.tr\/index.php\/wp-json\/wp\/v2\/product\/746618","targetHints":{"allow":["GET"]}}],"collection":[{"href":"https:\/\/roveyayinevi.com.tr\/index.php\/wp-json\/wp\/v2\/product"}],"about":[{"href":"https:\/\/roveyayinevi.com.tr\/index.php\/wp-json\/wp\/v2\/types\/product"}],"wp:attachment":[{"href":"https:\/\/roveyayinevi.com.tr\/index.php\/wp-json\/wp\/v2\/media?parent=746618"}],"wp:term":[{"taxonomy":"product_brand","embeddable":true,"href":"https:\/\/roveyayinevi.com.tr\/index.php\/wp-json\/wp\/v2\/product_brand?post=746618"},{"taxonomy":"product_cat","embeddable":true,"href":"https:\/\/roveyayinevi.com.tr\/index.php\/wp-json\/wp\/v2\/product_cat?post=746618"},{"taxonomy":"product_tag","embeddable":true,"href":"https:\/\/roveyayinevi.com.tr\/index.php\/wp-json\/wp\/v2\/product_tag?post=746618"}],"curies":[{"name":"wp","href":"https:\/\/api.w.org\/{rel}","templated":true}]}}