{"id":746617,"date":"2025-08-28T02:46:21","date_gmt":"2025-08-27T23:46:21","guid":{"rendered":"https:\/\/roveyayinevi.com.tr\/index.php\/urun\/kaplan-dagdan-inince\/"},"modified":"2026-04-16T02:58:58","modified_gmt":"2026-04-15T23:58:58","slug":"kaplan-dagdan-inince","status":"publish","type":"product","link":"https:\/\/roveyayinevi.com.tr\/index.php\/urun\/kaplan-dagdan-inince\/","title":{"rendered":"Kaplan Da\u011fdan \u0130nince"},"content":{"rendered":"<p>\u015eark\u0131 S\u00f6yleyen Tepeler\u2019den ke\u015fi\u015f Chih ge\u00e7mi\u015fi e\u015felemeye ve hik\u00e2yeler toplamaya Kaplan Da\u011fdan \u0130nince kitab\u0131nda devam ediyor. Chih bildi\u011fi, yaz\u0131lagelmi\u015f tarihi sorguluyor. \u0130nsanlar\u0131n anlatt\u0131\u011f\u0131 \u00f6yk\u00fclerle \u015fekillenen tarih ne derece ger\u00e7ek, ne derece kurgu?   Ke\u015fi\u015f Chih tehlikeli bir da\u011f s\u0131ras\u0131nda \u00fc\u00e7 kaplan k\u0131z karde\u015fin insaf\u0131na kalm\u0131\u015ft\u0131r. Mamutlar onlar\u0131 kurtarana kadar dayanabilmek i\u00e7in Chih, tarihe ge\u00e7mi\u015f kaplan Ho Thi Thao ve \u00e2lim Dieu\u2019nun karma\u015f\u0131k hik\u00e2yesini anlatmaya ba\u015flar. Dieu insanlar i\u00e7in bir kahraman, Ho Thi Thao ise su\u00e7luyken kaplanlara g\u00f6re bu hik\u00e2ye ger\u00e7e\u011fin yan\u0131ndan bile ge\u00e7miyordur.   Hik\u00e2ye anlat\u0131ld\u0131k\u00e7a i\u00e7indeki karakterler de, hik\u00e2yenin anlat\u0131c\u0131lar\u0131 da deneyimlerin, k\u00fclt\u00fcrlerin ve geleneklerin farkl\u0131 yorumlar\u0131n\u0131 g\u00f6zler \u00f6n\u00fcne serecek ve yaln\u0131zca imparatorlu\u011fun tarihinin de\u011fil, ayn\u0131 zamanda topra\u011f\u0131n da zaman i\u00e7inde nas\u0131l de\u011fi\u015fti\u011fini, uyum sa\u011flad\u0131\u011f\u0131n\u0131 ve kimi zaman da gizli sakl\u0131 kald\u0131\u011f\u0131n\u0131 ortaya koyacakt\u0131r.   Kaplan Da\u011fdan \u0130nince, hem klasik hem de yenilik\u00e7i, destans\u0131 bir fantazi.   \u201cHik\u00e2ye anlat\u0131c\u0131l\u0131\u011f\u0131n\u0131n katmanlar\u0131n\u0131 ke\u015ffe \u00e7\u0131kan enfes bir novella.\u201d \u2013Samantha Shannon   \u201c\u00d6yle iyi ki bu kitapla evlenmek istiyorum!\u201d \u2013Martha Wells   \u201cOkuyanlar\u0131 b\u00fcy\u00fcleyecek, feminist ve katmanl\u0131 bir kitap.\u201d \u2013Ms. Magazine <\/p>\n","protected":false},"excerpt":{"rendered":"<p>\u015eark\u0131 S\u00f6yleyen Tepeler\u2019den ke\u015fi\u015f Chih ge\u00e7mi\u015fi e\u015felemeye ve hik\u00e2yeler toplamaya Kaplan Da\u011fdan \u0130nince kitab\u0131nda devam ediyor. Chih bildi\u011fi, yaz\u0131lagelmi\u015f tarihi sorguluyor. \u0130nsanlar\u0131n anlatt\u0131\u011f\u0131 \u00f6yk\u00fclerle \u015fekillenen tarih<span class=\"excerpt-hellip\"> [\u2026]<\/span><\/p>\n","protected":false},"featured_media":0,"template":"","meta":{"_monsterinsights_skip_tracking":false,"_monsterinsights_sitenote_active":false,"_monsterinsights_sitenote_note":"","_monsterinsights_sitenote_category":0},"product_brand":[],"product_cat":[12291,14777],"product_tag":[],"class_list":{"0":"post-746617","1":"product","2":"type-product","3":"status-publish","5":"product_cat-edebiyat","6":"product_cat-fantastik","7":"pa_cilt-ciltsiz","8":"pa_tur-kitap","9":"pa_yayinevi-ithaki-yayinlari","10":"pa_yazar-nghi-vo","12":"first","13":"instock","14":"sale","15":"shipping-taxable","16":"purchasable","17":"product-type-simple"},"_links":{"self":[{"href":"https:\/\/roveyayinevi.com.tr\/index.php\/wp-json\/wp\/v2\/product\/746617","targetHints":{"allow":["GET"]}}],"collection":[{"href":"https:\/\/roveyayinevi.com.tr\/index.php\/wp-json\/wp\/v2\/product"}],"about":[{"href":"https:\/\/roveyayinevi.com.tr\/index.php\/wp-json\/wp\/v2\/types\/product"}],"wp:attachment":[{"href":"https:\/\/roveyayinevi.com.tr\/index.php\/wp-json\/wp\/v2\/media?parent=746617"}],"wp:term":[{"taxonomy":"product_brand","embeddable":true,"href":"https:\/\/roveyayinevi.com.tr\/index.php\/wp-json\/wp\/v2\/product_brand?post=746617"},{"taxonomy":"product_cat","embeddable":true,"href":"https:\/\/roveyayinevi.com.tr\/index.php\/wp-json\/wp\/v2\/product_cat?post=746617"},{"taxonomy":"product_tag","embeddable":true,"href":"https:\/\/roveyayinevi.com.tr\/index.php\/wp-json\/wp\/v2\/product_tag?post=746617"}],"curies":[{"name":"wp","href":"https:\/\/api.w.org\/{rel}","templated":true}]}}