{"id":746616,"date":"2025-08-28T02:46:19","date_gmt":"2025-08-27T23:46:19","guid":{"rendered":"https:\/\/roveyayinevi.com.tr\/index.php\/urun\/tuz-ve-fal-imparatoricesi\/"},"modified":"2026-04-16T02:58:58","modified_gmt":"2026-04-15T23:58:58","slug":"tuz-ve-fal-imparatoricesi","status":"publish","type":"product","link":"https:\/\/roveyayinevi.com.tr\/index.php\/urun\/tuz-ve-fal-imparatoricesi\/","title":{"rendered":"Tuz ve Fal \u0130mparatori\u00e7esi"},"content":{"rendered":"<p>HUGO EN \u0130Y\u0130 NOVELLA \u00d6D\u00dcL\u00dc   Tuz ve Fal \u0130mparatori\u00e7esi zoraki sessizliklere kar\u015f\u0131 bir direni\u015f, tarihte unutulmaya hapsedilmi\u015f ki\u015filere bir \u00f6vg\u00fc niteli\u011finde. Nghi Vo yaratt\u0131\u011f\u0131 \u00c7in mitoslar\u0131 benzeri d\u00fcnyas\u0131nda katman i\u00e7inde katman yaratarak anlat\u0131yor hik\u00e2yesini. Her katman k\u00fc\u00e7\u00fck insanlardan k\u00fc\u00e7\u00fck hik\u00e2yelerin ne kadar b\u00fcy\u00fck yank\u0131lar uyand\u0131rabilece\u011fini kan\u0131tl\u0131yor.   Uzak kuzeyden gen\u00e7 bir asil, siyasi bir evlilik i\u00e7in g\u00fcneydeki imparatorlu\u011fa gelin gitmi\u015ftir. Karde\u015fleri \u00f6ld\u00fcr\u00fclm\u00fc\u015f, ordular\u0131 \u00e7ok uzun s\u00fcre \u00f6nceki yenilginin ard\u0131ndan s\u0131n\u0131rlar\u0131n\u0131n gerisinde hapsedilmi\u015ftir. Yabanc\u0131 bir memlekette her daim a\u015fa\u011f\u0131 g\u00f6r\u00fclm\u00fc\u015f ve yaln\u0131z b\u0131rak\u0131lm\u0131\u015f In-yo\u2019nun m\u00fcttefiklerini dikkatli se\u00e7mesi gerekir.   Be\u015f sepet boya u\u011fruna ailesi taraf\u0131ndan saraya sat\u0131lan Tav\u015fan, \u0130mparator\u2019un yeni kar\u0131s\u0131n\u0131n can yolda\u015f\u0131 olur ama ummad\u0131\u011f\u0131 pek \u00e7ok durumla kar\u015f\u0131la\u015facakt\u0131r.   Ve \u015eark\u0131 S\u00f6yleyen Tepeler\u2019den ke\u015fi\u015f Chih, In-yo\u2019nun tarihi nas\u0131l da kendi iradesine g\u00f6re b\u00fckt\u00fc\u011f\u00fcn\u00fc ve d\u00fc\u015fmanlar\u0131n\u0131 alt etti\u011fini ger\u00e7e\u011fin pe\u015fine d\u00fc\u015ft\u00fck\u00e7e ke\u015ffedecektir.   Tuz ve Fal \u0130mparatori\u00e7esi bast\u0131r\u0131lmaya \u00e7al\u0131\u015f\u0131lan seslerin \u00e7\u0131\u011fl\u0131\u011f\u0131.   \u201cNe kadar tavsiye etsem az.\u201d \u2013Seanan Mcguire   \u201cY\u00fcre\u011finizi burkacak bir direni\u015f hik\u00e2yesi.\u201d \u2013R. F. Kuang   \u201cT\u00fcm epik fantazi okurlar\u0131na hitap edecek bir kitap.\u201d \u2013Booklist <\/p>\n","protected":false},"excerpt":{"rendered":"<p>HUGO EN \u0130Y\u0130 NOVELLA \u00d6D\u00dcL\u00dc Tuz ve Fal \u0130mparatori\u00e7esi zoraki sessizliklere kar\u015f\u0131 bir direni\u015f, tarihte unutulmaya hapsedilmi\u015f ki\u015filere bir \u00f6vg\u00fc niteli\u011finde. Nghi Vo yaratt\u0131\u011f\u0131 \u00c7in mitoslar\u0131<span class=\"excerpt-hellip\"> [\u2026]<\/span><\/p>\n","protected":false},"featured_media":0,"template":"","meta":{"_monsterinsights_skip_tracking":false,"_monsterinsights_sitenote_active":false,"_monsterinsights_sitenote_note":"","_monsterinsights_sitenote_category":0},"product_brand":[],"product_cat":[12291,14777],"product_tag":[],"class_list":{"0":"post-746616","1":"product","2":"type-product","3":"status-publish","5":"product_cat-edebiyat","6":"product_cat-fantastik","7":"pa_cilt-ciltsiz","8":"pa_tur-kitap","9":"pa_yayinevi-ithaki-yayinlari","10":"pa_yazar-nghi-vo","12":"first","13":"instock","14":"sale","15":"shipping-taxable","16":"purchasable","17":"product-type-simple"},"_links":{"self":[{"href":"https:\/\/roveyayinevi.com.tr\/index.php\/wp-json\/wp\/v2\/product\/746616","targetHints":{"allow":["GET"]}}],"collection":[{"href":"https:\/\/roveyayinevi.com.tr\/index.php\/wp-json\/wp\/v2\/product"}],"about":[{"href":"https:\/\/roveyayinevi.com.tr\/index.php\/wp-json\/wp\/v2\/types\/product"}],"wp:attachment":[{"href":"https:\/\/roveyayinevi.com.tr\/index.php\/wp-json\/wp\/v2\/media?parent=746616"}],"wp:term":[{"taxonomy":"product_brand","embeddable":true,"href":"https:\/\/roveyayinevi.com.tr\/index.php\/wp-json\/wp\/v2\/product_brand?post=746616"},{"taxonomy":"product_cat","embeddable":true,"href":"https:\/\/roveyayinevi.com.tr\/index.php\/wp-json\/wp\/v2\/product_cat?post=746616"},{"taxonomy":"product_tag","embeddable":true,"href":"https:\/\/roveyayinevi.com.tr\/index.php\/wp-json\/wp\/v2\/product_tag?post=746616"}],"curies":[{"name":"wp","href":"https:\/\/api.w.org\/{rel}","templated":true}]}}