{"id":746615,"date":"2025-08-28T02:46:17","date_gmt":"2025-08-27T23:46:17","guid":{"rendered":"https:\/\/roveyayinevi.com.tr\/index.php\/urun\/turnanin-soyu\/"},"modified":"2026-04-16T02:58:58","modified_gmt":"2026-04-15T23:58:58","slug":"turnanin-soyu","status":"publish","type":"product","link":"https:\/\/roveyayinevi.com.tr\/index.php\/urun\/turnanin-soyu\/","title":{"rendered":"Turnan\u0131n Soyu"},"content":{"rendered":"<p>Tiranlar kalp s\u00f6ker. H\u00fck\u00fcmdarlar ise kendi kalplerini feda eder.   Yan Prensesi Hesina, her f\u0131rsatta kraliyet g\u00f6revlerinden ka\u00e7man\u0131n bir yolunu bulsa da babas\u0131 bir suikaste kurban gitti\u011finde kendine miras kalan istikrars\u0131z krall\u0131\u011f\u0131 y\u00f6netmek zorunda kal\u0131r. Babas\u0131n\u0131n katilini bulmaya kararl\u0131 olan Hesina, bir m\u00fcneccimden yard\u0131m ister. Y\u00fczy\u0131llar \u00f6nce b\u00fcy\u00fc yapman\u0131n yasakland\u0131\u011f\u0131 Yan\u2019da bu davran\u0131\u015f vatana ihanet etmek demektir.   Ailesine bile g\u00fcvenmeye cesaret edemeyen Hesina, kendine ait karanl\u0131k s\u0131rlar\u0131 olan h\u00fck\u00fcml\u00fc Akira\u2019dan yard\u0131m almak zorunda kal\u0131r. Krall\u0131\u011f\u0131n\u0131n gelece\u011fi tehlikedeyken Hesina babas\u0131n\u0131n katilini bulabilecek midir, yoksa bunun bedeli tahmin etti\u011finden a\u011f\u0131r m\u0131 olacakt\u0131r?   \u00c7in k\u00fclt\u00fcr\u00fcnden ilham alan Turnan\u0131n Soyu\u2019nda Joan He, bizi aldatmacalarla dolu bir d\u00fcnyada kendini erdemli olan\u0131 yapmaya adam\u0131\u015f, hassas ve gen\u00e7 bir kad\u0131nla tan\u0131\u015ft\u0131r\u0131yor.   \u201cEntrikalar, s\u00fcrprizler ve ihanetle dolu s\u00fcr\u00fckleyici bir macera. Okurlar\u0131n bekledi\u011fi \u00c7in fantasti\u011fi i\u015fte bu.\u201d \u2013Hafsah Faizal   <\/p>\n","protected":false},"excerpt":{"rendered":"<p>Tiranlar kalp s\u00f6ker. H\u00fck\u00fcmdarlar ise kendi kalplerini feda eder. Yan Prensesi Hesina, her f\u0131rsatta kraliyet g\u00f6revlerinden ka\u00e7man\u0131n bir yolunu bulsa da babas\u0131 bir suikaste kurban gitti\u011finde<span class=\"excerpt-hellip\"> [\u2026]<\/span><\/p>\n","protected":false},"featured_media":0,"template":"","meta":{"_monsterinsights_skip_tracking":false,"_monsterinsights_sitenote_active":false,"_monsterinsights_sitenote_note":"","_monsterinsights_sitenote_category":0},"product_brand":[],"product_cat":[12291,14777],"product_tag":[],"class_list":{"0":"post-746615","1":"product","2":"type-product","3":"status-publish","5":"product_cat-edebiyat","6":"product_cat-fantastik","7":"pa_cilt-ciltsiz","8":"pa_tur-kitap","9":"pa_yayinevi-ithaki-yayinlari","10":"pa_yazar-joan-he","12":"first","13":"instock","14":"sale","15":"shipping-taxable","16":"purchasable","17":"product-type-simple"},"_links":{"self":[{"href":"https:\/\/roveyayinevi.com.tr\/index.php\/wp-json\/wp\/v2\/product\/746615","targetHints":{"allow":["GET"]}}],"collection":[{"href":"https:\/\/roveyayinevi.com.tr\/index.php\/wp-json\/wp\/v2\/product"}],"about":[{"href":"https:\/\/roveyayinevi.com.tr\/index.php\/wp-json\/wp\/v2\/types\/product"}],"wp:attachment":[{"href":"https:\/\/roveyayinevi.com.tr\/index.php\/wp-json\/wp\/v2\/media?parent=746615"}],"wp:term":[{"taxonomy":"product_brand","embeddable":true,"href":"https:\/\/roveyayinevi.com.tr\/index.php\/wp-json\/wp\/v2\/product_brand?post=746615"},{"taxonomy":"product_cat","embeddable":true,"href":"https:\/\/roveyayinevi.com.tr\/index.php\/wp-json\/wp\/v2\/product_cat?post=746615"},{"taxonomy":"product_tag","embeddable":true,"href":"https:\/\/roveyayinevi.com.tr\/index.php\/wp-json\/wp\/v2\/product_tag?post=746615"}],"curies":[{"name":"wp","href":"https:\/\/api.w.org\/{rel}","templated":true}]}}