{"id":746613,"date":"2025-08-28T02:46:15","date_gmt":"2025-08-27T23:46:15","guid":{"rendered":"https:\/\/roveyayinevi.com.tr\/index.php\/urun\/nesnelerin-minyatur-tarihi\/"},"modified":"2026-04-16T02:58:58","modified_gmt":"2026-04-15T23:58:58","slug":"nesnelerin-minyatur-tarihi","status":"publish","type":"product","link":"https:\/\/roveyayinevi.com.tr\/index.php\/urun\/nesnelerin-minyatur-tarihi\/","title":{"rendered":"Nesnelerin Minyat\u00fcr Tarihi"},"content":{"rendered":"<p>Tarih hep b\u00fcy\u00fck sava\u015flar\u0131, s\u0131n\u0131rlar\u0131 belirleyen anla\u015fmalar\u0131, g\u00f6rkemli imparatorluklar\u0131, heybetli krallar\u0131, efsanevi komutanlar\u0131 m\u0131 yazar? Peki, g\u00fcndelik hayat\u0131m\u0131z\u0131 kolayla\u015ft\u0131r\u0131p insan akl\u0131n\u0131n t\u00fcm parlakl\u0131\u011f\u0131n\u0131 g\u00f6zler \u00f6n\u00fcne seren nesneler ne olacak? Ara\u015ft\u0131rmac\u0131 yazar \u015eeyma \u00dcst\u00fcn, tam da bu sorunun \u00fczerine gidiyor. \u00dcst\u00fcn\u2019\u00fcn bir hayli ak\u0131c\u0131 ve e\u011flenceli \u00fcslubuyla kaleme ald\u0131\u011f\u0131 Nesnelerin Minyat\u00fcr Tarihi bug\u00fcne kadar g\u00f6z ard\u0131 etti\u011fimiz onlarca nesnenin var olu\u015f ser\u00fcveni anlat\u0131yor. <\/p>\n","protected":false},"excerpt":{"rendered":"<p>Tarih hep b\u00fcy\u00fck sava\u015flar\u0131, s\u0131n\u0131rlar\u0131 belirleyen anla\u015fmalar\u0131, g\u00f6rkemli imparatorluklar\u0131, heybetli krallar\u0131, efsanevi komutanlar\u0131 m\u0131 yazar? Peki, g\u00fcndelik hayat\u0131m\u0131z\u0131 kolayla\u015ft\u0131r\u0131p insan akl\u0131n\u0131n t\u00fcm parlakl\u0131\u011f\u0131n\u0131 g\u00f6zler \u00f6n\u00fcne seren<span class=\"excerpt-hellip\"> [\u2026]<\/span><\/p>\n","protected":false},"featured_media":0,"template":"","meta":{"_monsterinsights_skip_tracking":false,"_monsterinsights_sitenote_active":false,"_monsterinsights_sitenote_note":"","_monsterinsights_sitenote_category":0},"product_brand":[],"product_cat":[12312,12304],"product_tag":[],"class_list":{"0":"post-746613","1":"product","2":"type-product","3":"status-publish","5":"product_cat-diger","6":"product_cat-tarih","7":"pa_cilt-ciltsiz","8":"pa_tur-kitap","9":"pa_yayinevi-bilge-kultur-sanat","10":"pa_yazar-seyma-ustun","12":"first","13":"instock","14":"sale","15":"shipping-taxable","16":"purchasable","17":"product-type-simple"},"_links":{"self":[{"href":"https:\/\/roveyayinevi.com.tr\/index.php\/wp-json\/wp\/v2\/product\/746613","targetHints":{"allow":["GET"]}}],"collection":[{"href":"https:\/\/roveyayinevi.com.tr\/index.php\/wp-json\/wp\/v2\/product"}],"about":[{"href":"https:\/\/roveyayinevi.com.tr\/index.php\/wp-json\/wp\/v2\/types\/product"}],"wp:attachment":[{"href":"https:\/\/roveyayinevi.com.tr\/index.php\/wp-json\/wp\/v2\/media?parent=746613"}],"wp:term":[{"taxonomy":"product_brand","embeddable":true,"href":"https:\/\/roveyayinevi.com.tr\/index.php\/wp-json\/wp\/v2\/product_brand?post=746613"},{"taxonomy":"product_cat","embeddable":true,"href":"https:\/\/roveyayinevi.com.tr\/index.php\/wp-json\/wp\/v2\/product_cat?post=746613"},{"taxonomy":"product_tag","embeddable":true,"href":"https:\/\/roveyayinevi.com.tr\/index.php\/wp-json\/wp\/v2\/product_tag?post=746613"}],"curies":[{"name":"wp","href":"https:\/\/api.w.org\/{rel}","templated":true}]}}