{"id":746611,"date":"2025-08-28T02:46:12","date_gmt":"2025-08-27T23:46:12","guid":{"rendered":"https:\/\/roveyayinevi.com.tr\/index.php\/urun\/alicanin-gezileri\/"},"modified":"2026-04-16T02:58:58","modified_gmt":"2026-04-15T23:58:58","slug":"alicanin-gezileri","status":"publish","type":"product","link":"https:\/\/roveyayinevi.com.tr\/index.php\/urun\/alicanin-gezileri\/","title":{"rendered":"Alican&#8217;\u0131n Gezileri"},"content":{"rendered":"<p>Hi\u00e7 \u00f6devlerden ba\u015f\u0131n\u0131z\u0131 kald\u0131ramad\u0131\u011f\u0131n\u0131z oldu mu? Ya da can\u0131n\u0131z s\u0131kk\u0131n, akl\u0131n\u0131zda onlarca d\u00fc\u015f\u00fcnce dolan\u0131rken bir de b\u00fcy\u00fcklerin \u015fik\u00e2yetlerini dinlediniz mi? Peki, b\u00f6yle anlarda \u00e7\u0131lg\u0131n, sihirli bir mart\u0131 kar\u015f\u0131n\u0131za \u00e7\u0131ksayd\u0131 nas\u0131l olurdu? Alican\u2019\u0131n Gezileri bu sorunun pe\u015finden gidiyor. \u0130stanbul\u2019un semalar\u0131nda dola\u015f\u0131p zaman yolculu\u011fu yapmaya ne dersiniz? \u015eeyma \u00dcst\u00fcn\u2019\u00fcn kaleme ald\u0131\u011f\u0131 Alican\u2019\u0131n Gezileri, \u0130stanbul\u2019u, g\u00f6rkemli tarihimizi e\u011flenceli bir dille anlat\u0131yor. Alican\u2019\u0131n ba\u015f\u0131na gelenleri b\u00fcy\u00fck bir keyifle okuyacaks\u0131n\u0131z. <\/p>\n","protected":false},"excerpt":{"rendered":"<p>Hi\u00e7 \u00f6devlerden ba\u015f\u0131n\u0131z\u0131 kald\u0131ramad\u0131\u011f\u0131n\u0131z oldu mu? Ya da can\u0131n\u0131z s\u0131kk\u0131n, akl\u0131n\u0131zda onlarca d\u00fc\u015f\u00fcnce dolan\u0131rken bir de b\u00fcy\u00fcklerin \u015fik\u00e2yetlerini dinlediniz mi? Peki, b\u00f6yle anlarda \u00e7\u0131lg\u0131n, sihirli bir<span class=\"excerpt-hellip\"> [\u2026]<\/span><\/p>\n","protected":false},"featured_media":0,"template":"","meta":{"_monsterinsights_skip_tracking":false,"_monsterinsights_sitenote_active":false,"_monsterinsights_sitenote_note":"","_monsterinsights_sitenote_category":0},"product_brand":[],"product_cat":[12274,12284],"product_tag":[],"class_list":{"0":"post-746611","1":"product","2":"type-product","3":"status-publish","5":"product_cat-cocuk-ve-genclik-kitaplari","6":"product_cat-hikayeler","7":"pa_cilt-ciltsiz","8":"pa_tur-kitap","9":"pa_yayinevi-ucan-at","10":"pa_yazar-seyma-ustun","12":"first","13":"instock","14":"sale","15":"shipping-taxable","16":"purchasable","17":"product-type-simple"},"_links":{"self":[{"href":"https:\/\/roveyayinevi.com.tr\/index.php\/wp-json\/wp\/v2\/product\/746611","targetHints":{"allow":["GET"]}}],"collection":[{"href":"https:\/\/roveyayinevi.com.tr\/index.php\/wp-json\/wp\/v2\/product"}],"about":[{"href":"https:\/\/roveyayinevi.com.tr\/index.php\/wp-json\/wp\/v2\/types\/product"}],"wp:attachment":[{"href":"https:\/\/roveyayinevi.com.tr\/index.php\/wp-json\/wp\/v2\/media?parent=746611"}],"wp:term":[{"taxonomy":"product_brand","embeddable":true,"href":"https:\/\/roveyayinevi.com.tr\/index.php\/wp-json\/wp\/v2\/product_brand?post=746611"},{"taxonomy":"product_cat","embeddable":true,"href":"https:\/\/roveyayinevi.com.tr\/index.php\/wp-json\/wp\/v2\/product_cat?post=746611"},{"taxonomy":"product_tag","embeddable":true,"href":"https:\/\/roveyayinevi.com.tr\/index.php\/wp-json\/wp\/v2\/product_tag?post=746611"}],"curies":[{"name":"wp","href":"https:\/\/api.w.org\/{rel}","templated":true}]}}