{"id":746610,"date":"2025-08-28T02:46:11","date_gmt":"2025-08-27T23:46:11","guid":{"rendered":"https:\/\/roveyayinevi.com.tr\/index.php\/urun\/toplumsal-sicrama-bizi-biz-yapan-ve-mutlu-eden-seylerin-yeni-evrimsel-bilimi\/"},"modified":"2026-04-16T02:58:58","modified_gmt":"2026-04-15T23:58:58","slug":"toplumsal-sicrama-bizi-biz-yapan-ve-mutlu-eden-seylerin-yeni-evrimsel-bilimi","status":"publish","type":"product","link":"https:\/\/roveyayinevi.com.tr\/index.php\/urun\/toplumsal-sicrama-bizi-biz-yapan-ve-mutlu-eden-seylerin-yeni-evrimsel-bilimi\/","title":{"rendered":"Toplumsal S\u0131\u00e7rama \u2013 Bizi Biz Yapan ve Mutlu Eden \u015eeylerin Yeni Evrimsel Bilimi"},"content":{"rendered":"<p>\u201cSon y\u0131llarda okudu\u011fum en iyi kitaplardan biri. Modern insan\u0131n davran\u0131\u015flar\u0131n\u0131n evrimsel k\u00f6kenleri hakk\u0131ndaki soru\u015fturmas\u0131 hem derin hem de ayd\u0131nlat\u0131c\u0131.\u201d Sonja Lyubomirsky, Nas\u0131l Mutlu Olunur?&#8217;un yazar\u0131   \u0130nsan bir \u00e7eli\u015fkiler yuma\u011f\u0131d\u0131r: Hedeflerimize ula\u015fmak i\u00e7in canla ba\u015fla \u00e7al\u0131\u015f\u0131r\u0131z ama \u00e7abalar\u0131m\u0131z meyvesini verdi\u011finde mutlulu\u011fumuz k\u0131sa s\u00fcrer. Dostlar\u0131m\u0131z\u0131n hayatta ba\u015far\u0131l\u0131 olmalar\u0131n\u0131 isteriz ama \u00e7ok ba\u015far\u0131l\u0131 olduklar\u0131nda onlar\u0131 k\u0131skan\u0131r\u0131z. Yalan s\u00f6ylemeyi k\u00f6t\u00fcler, yalanc\u0131y\u0131 ay\u0131plar\u0131z ama ne kendimize ne de ba\u015fkalar\u0131na yalan s\u00f6ylemekten \u00e7ekiniriz. Bu tutars\u0131zl\u0131klara bak\u0131nca, insanl\u0131\u011f\u0131n bug\u00fcnlere gelebilmi\u015f olmas\u0131 bir mucize gibi g\u00f6r\u00fcnebilir. Oysa yap\u0131lan son bilimsel \u00e7al\u0131\u015fmalar bu \u00e7eli\u015fkilerin insanl\u0131\u011f\u0131n evriminde hayati bir rol oynad\u0131\u011f\u0131n\u0131 g\u00f6steriyor. Uzak atalar\u0131m\u0131z a\u011fa\u00e7lardan d\u00fczl\u00fcklere inmek zorunda kald\u0131klar\u0131nda zihinlerinin \u00e7al\u0131\u015fma \u015fekli de sonsuza dek de\u011fi\u015fti. Ba\u015fkalar\u0131n\u0131n d\u00fc\u015f\u00fcncelerini tahmin etmeyi, yar\u0131nlar\u0131 d\u00fc\u015f\u00fcnmeyi ve yalan s\u00f6ylemeyi de \u00f6\u011frendiler. Bu gezegendeki yerimizi sonsuza dek de\u011fi\u015ftirecek tamamen yeni bir zeka t\u00fcr\u00fc yaratarak, fiziksel beceri yerine ekip \u00e7al\u0131\u015fmas\u0131na ve toplumsall\u0131\u011fa \u00f6ncelik verdiler. Tan\u0131nm\u0131\u015f sosyal psikolog William von Hippel, bu kitapta, uzak ge\u00e7mi\u015fte evrimimize y\u00f6n vermi\u015f olaylar\u0131n bug\u00fcnk\u00fc hayat\u0131m\u0131z\u0131 nas\u0131l \u015fekillendirdi\u011fini a\u00e7\u0131kl\u0131yor. Kendi yalanlar\u0131m\u0131za neden inand\u0131\u011f\u0131m\u0131z\u0131, neden mutluluk pe\u015finde ko\u015ftu\u011fumuzu, \u015f\u00f6hret ve servetin neden mutluluk kadar mutsuzluk da getirdi\u011fini izah ediyor. Bizi biz yapan, mutlu eden \u015feylerin bilgisini hayat\u0131m\u0131z\u0131 iyile\u015ftirmek i\u00e7in nas\u0131l kullanaca\u011f\u0131m\u0131za dair yeni ipu\u00e7lar\u0131yla, t\u00fcr\u00fcm\u00fcze yeni ve k\u0131\u015fk\u0131rt\u0131c\u0131 bir bak\u0131\u015f sunuyor.<\/p>\n","protected":false},"excerpt":{"rendered":"<p>\u201cSon y\u0131llarda okudu\u011fum en iyi kitaplardan biri. Modern insan\u0131n davran\u0131\u015flar\u0131n\u0131n evrimsel k\u00f6kenleri hakk\u0131ndaki soru\u015fturmas\u0131 hem derin hem de ayd\u0131nlat\u0131c\u0131.\u201d Sonja Lyubomirsky, Nas\u0131l Mutlu Olunur?&#8217;un yazar\u0131 \u0130nsan<span class=\"excerpt-hellip\"> [\u2026]<\/span><\/p>\n","protected":false},"featured_media":0,"template":"","meta":{"_monsterinsights_skip_tracking":false,"_monsterinsights_sitenote_active":false,"_monsterinsights_sitenote_note":"","_monsterinsights_sitenote_category":0},"product_brand":[],"product_cat":[12357],"product_tag":[],"class_list":{"0":"post-746610","1":"product","2":"type-product","3":"status-publish","5":"product_cat-psikoloji","6":"pa_cilt-ciltsiz","7":"pa_tur-kitap","8":"pa_yayinevi-fol-kitap","9":"pa_yazar-william-von-hippel","11":"first","12":"instock","13":"sale","14":"shipping-taxable","15":"purchasable","16":"product-type-simple"},"_links":{"self":[{"href":"https:\/\/roveyayinevi.com.tr\/index.php\/wp-json\/wp\/v2\/product\/746610","targetHints":{"allow":["GET"]}}],"collection":[{"href":"https:\/\/roveyayinevi.com.tr\/index.php\/wp-json\/wp\/v2\/product"}],"about":[{"href":"https:\/\/roveyayinevi.com.tr\/index.php\/wp-json\/wp\/v2\/types\/product"}],"wp:attachment":[{"href":"https:\/\/roveyayinevi.com.tr\/index.php\/wp-json\/wp\/v2\/media?parent=746610"}],"wp:term":[{"taxonomy":"product_brand","embeddable":true,"href":"https:\/\/roveyayinevi.com.tr\/index.php\/wp-json\/wp\/v2\/product_brand?post=746610"},{"taxonomy":"product_cat","embeddable":true,"href":"https:\/\/roveyayinevi.com.tr\/index.php\/wp-json\/wp\/v2\/product_cat?post=746610"},{"taxonomy":"product_tag","embeddable":true,"href":"https:\/\/roveyayinevi.com.tr\/index.php\/wp-json\/wp\/v2\/product_tag?post=746610"}],"curies":[{"name":"wp","href":"https:\/\/api.w.org\/{rel}","templated":true}]}}