{"id":746609,"date":"2025-08-28T02:46:10","date_gmt":"2025-08-27T23:46:10","guid":{"rendered":"https:\/\/roveyayinevi.com.tr\/index.php\/urun\/gece-cokerken-osmanlida-gece-hayati\/"},"modified":"2026-04-16T02:58:58","modified_gmt":"2026-04-15T23:58:58","slug":"gece-cokerken-osmanlida-gece-hayati","status":"publish","type":"product","link":"https:\/\/roveyayinevi.com.tr\/index.php\/urun\/gece-cokerken-osmanlida-gece-hayati\/","title":{"rendered":"Gece \u00c7\u00f6kerken \u2013 Osmanl\u0131\u2019da Gece Hayat\u0131"},"content":{"rendered":"<p>Osmanl\u0131\u2019n\u0131n izbe sokaklar\u0131na sapt\u0131\u011f\u0131m\u0131zda sokakta kimleri g\u00f6rmeyiz ki? \u0130syan haz\u0131rl\u0131\u011f\u0131nda olan yeni\u00e7erileri mi, h\u0131rs\u0131zlar\u0131 m\u0131, sokak k\u00f6peklerini mi, i\u015fret \u00e2lemlerinin m\u00fcdavimlerini mi? Gece sokakta y\u00fcr\u00fcyenler karanl\u0131\u011f\u0131n perdesi alt\u0131nda g\u00f6zlerden \u0131rak kalabilirdi, peki ya kulaklardan? Padi\u015fah\u0131n, deliksiz bir uykunun sadece ihtimaline sahip olabildi\u011fi gecede, yapay \u0131\u015f\u0131klar\u0131n nazar\u0131ndan, kolektif dikizden ka\u00e7an ba\u015fka bir Osmanl\u0131 nizam\u0131 kurulurdu. Herkesin bilip de sustu\u011fu, sadece karanl\u0131kta kol gezen ba\u015fka bir \u00e2lemdi bu. G\u00fcnd\u00fcz\u00fcn muktedir ve makbul\u00fc, yerini gecenin kendi muvazenesine b\u0131rak\u0131r, hiyerar\u015filer de\u011fi\u015fir, g\u00f6zlerden uzak olman\u0131n \u00f6zg\u00fcrl\u00fc\u011f\u00fc, g\u00f6rememenin korkusuyla bir araya gelirdi. Deliksiz uykunun imk\u00e2n\u0131n\u0131 ancak sokaktakiler belirlerdi. Ba\u015fta \u0130stanbul olmak \u00fczere, 18. y\u00fczy\u0131l\u0131n Osmanl\u0131 kentlerinde karanl\u0131k, g\u00f6lge ve \u0131\u015f\u0131k farkl\u0131 iktidar ili\u015fkilerini, var olma bi\u00e7imlerini ve g\u00fcndelik hayat\u0131 belirleyen, g\u00f6r\u00fcl(e)meyen ama hissedilen s\u0131n\u0131rlard\u0131. G\u00f6r\u00fclmek veya g\u00f6r\u00fclmemek ait olunan s\u0131n\u0131fa g\u00f6re l\u00fcks veya tehlike unsuru olabilirdi. Bu kitab\u0131n yazar\u0131, bu iki ihtimalin ba\u011flama g\u00f6re padi\u015fahtan sokak serserisine, evinde derin uykusuna dalan mazbut mahallelilerden bek\u00e2r odalar\u0131n\u0131n sakinlerine nas\u0131l de\u011fi\u015fti\u011fini bizlere g\u00f6steriyor. Ayr\u0131ca, \u00e7e\u015fitli ar\u015fiv kaynaklar\u0131 ve zengin edeb\u00ee metinlerle farkl\u0131 toplumsal gruplar\u0131n karanl\u0131k deneyimlerine bir nevi \u201c\u0131\u015f\u0131k tutuyor\u201d.<\/p>\n","protected":false},"excerpt":{"rendered":"<p>Osmanl\u0131\u2019n\u0131n izbe sokaklar\u0131na sapt\u0131\u011f\u0131m\u0131zda sokakta kimleri g\u00f6rmeyiz ki? \u0130syan haz\u0131rl\u0131\u011f\u0131nda olan yeni\u00e7erileri mi, h\u0131rs\u0131zlar\u0131 m\u0131, sokak k\u00f6peklerini mi, i\u015fret \u00e2lemlerinin m\u00fcdavimlerini mi? Gece sokakta y\u00fcr\u00fcyenler karanl\u0131\u011f\u0131n<span class=\"excerpt-hellip\"> [\u2026]<\/span><\/p>\n","protected":false},"featured_media":0,"template":"","meta":{"_monsterinsights_skip_tracking":false,"_monsterinsights_sitenote_active":false,"_monsterinsights_sitenote_note":"","_monsterinsights_sitenote_category":0},"product_brand":[],"product_cat":[12304],"product_tag":[],"class_list":{"0":"post-746609","1":"product","2":"type-product","3":"status-publish","5":"product_cat-tarih","6":"pa_cilt-ciltsiz","7":"pa_tur-kitap","8":"pa_yayinevi-fol-kitap","9":"pa_yazar-avner-wishnitzer","11":"first","12":"instock","13":"sale","14":"shipping-taxable","15":"purchasable","16":"product-type-simple"},"_links":{"self":[{"href":"https:\/\/roveyayinevi.com.tr\/index.php\/wp-json\/wp\/v2\/product\/746609","targetHints":{"allow":["GET"]}}],"collection":[{"href":"https:\/\/roveyayinevi.com.tr\/index.php\/wp-json\/wp\/v2\/product"}],"about":[{"href":"https:\/\/roveyayinevi.com.tr\/index.php\/wp-json\/wp\/v2\/types\/product"}],"wp:attachment":[{"href":"https:\/\/roveyayinevi.com.tr\/index.php\/wp-json\/wp\/v2\/media?parent=746609"}],"wp:term":[{"taxonomy":"product_brand","embeddable":true,"href":"https:\/\/roveyayinevi.com.tr\/index.php\/wp-json\/wp\/v2\/product_brand?post=746609"},{"taxonomy":"product_cat","embeddable":true,"href":"https:\/\/roveyayinevi.com.tr\/index.php\/wp-json\/wp\/v2\/product_cat?post=746609"},{"taxonomy":"product_tag","embeddable":true,"href":"https:\/\/roveyayinevi.com.tr\/index.php\/wp-json\/wp\/v2\/product_tag?post=746609"}],"curies":[{"name":"wp","href":"https:\/\/api.w.org\/{rel}","templated":true}]}}