{"id":746606,"date":"2025-08-28T02:46:06","date_gmt":"2025-08-27T23:46:06","guid":{"rendered":"https:\/\/roveyayinevi.com.tr\/index.php\/urun\/yikici-politika\/"},"modified":"2026-04-16T02:58:58","modified_gmt":"2026-04-15T23:58:58","slug":"yikici-politika","status":"publish","type":"product","link":"https:\/\/roveyayinevi.com.tr\/index.php\/urun\/yikici-politika\/","title":{"rendered":"Y\u0131k\u0131c\u0131 Politika"},"content":{"rendered":"<p>Negri\u2019nin hapislik ve sonras\u0131ndaki s\u00fcrg\u00fcn y\u0131llar\u0131nda kaleme ald\u0131\u011f\u0131 Y\u0131k\u0131c\u0131 Politika yirmi birinci y\u00fczy\u0131la y\u00f6neltilmi\u015f bir i\u015faret fi\u015fe\u011fidir. Bug\u00fcnden bak\u0131ld\u0131\u011f\u0131nda, ge\u00e7mi\u015fteki gelece\u011fi g\u00f6zler \u00f6n\u00fcne seren ve \u0130mparatorluk ile \u00c7okluk eserlerinin temellerinin at\u0131ld\u0131\u011f\u0131 bir eser olman\u0131n \u00e7ok \u00f6tesindeki \u00f6ng\u00f6r\u00fcleriyle de bir ba\u015fyap\u0131tt\u0131r.   \u0130talyan i\u015f\u00e7ici gelene\u011finin (operaismo) eme\u011fin kurucu ve otonom g\u00fcc\u00fcne vurgusu devam ettirilmekle birlikte, y\u00fczy\u0131l\u0131n sonunda toplumsal m\u00fccadelelerde cisimle\u015fen toplumsal i\u015f\u00e7inin do\u011fu\u015fu \u00fcretimin ve ekolojinin de\u011fi\u015fen niteli\u011finde aran\u0131r. Negri\u2019ye g\u00f6re toplumun her sath\u0131na yay\u0131lm\u0131\u015f bu kurucu \u00f6zne, entelekt\u00fcel eme\u011fin bask\u0131n \u00fcretim bi\u00e7imi oldu\u011fu toplumsal fabrika ko\u015fullar\u0131n\u0131n her f\u0131rsatta alt\u0131n\u0131 oyar. Bu y\u0131k\u0131c\u0131 u\u011fra\u011f\u0131n en belirgin \u00f6zelli\u011fi ise, adeta Gezi ve benzeri bir\u00e7ok direni\u015fin ortak \u00f6\u011fesi, kolektif ne\u015fede ifadesini bulan proleter entelekt\u00fcel \u00f6znelliklerdir.   Negri, 68\u2019in miras\u00e7\u0131s\u0131 oldu\u011funu d\u00fc\u015f\u00fcnd\u00fc\u011f\u00fc 86 \u00f6\u011frenci olaylar\u0131ndan hareketle devrimci teorisini hareketin i\u00e7erisinde ve \u00f6tesindeki \u00f6ng\u00f6r\u00fcleriyle do\u011frular. Bu anlamda g\u00fcn\u00fcm\u00fczde hemen her \u00fclkede rastlad\u0131\u011f\u0131m\u0131z fa\u015fizan ve otoriter pratiklerin k\u00f6kleri n\u00fckleer devlet kavramsalla\u015ft\u0131rmas\u0131yla ifade edilirken, ekolojik y\u0131k\u0131m\u0131n nedenleri de yine sermayenin ger\u00e7ek boyunduruk evresinin ka\u00e7\u0131n\u0131lmaz bir sonucu olarak de\u011ferlendirilir. Ger\u00e7ek boyunduruk evresinde de\u011ferin \u00f6l\u00e7\u00fclemez boyutlara varan \u00fcretkenli\u011fi, Negri\u2019ye g\u00f6re, ancak ve ancak enflasyonist sald\u0131r\u0131larla yeniden boyunduruk alt\u0131na al\u0131nmaya \u00e7al\u0131\u015f\u0131l\u0131r. Kapitalizmin son y\u00fczy\u0131lda ge\u00e7ti\u011fi evrelerin titizlikle ele al\u0131nd\u0131\u011f\u0131 \u00e7al\u0131\u015fman\u0131n as\u0131l derdi, yine ve her zaman oldu\u011fu gibi, politik olan\u0131n otonomisinin nas\u0131l kurulaca\u011f\u0131, yani \u00f6rg\u00fctlenmedir. Negri, tam da bu noktada, farkl\u0131 siyasi geleneklerle hesapla\u015fmaya girerek, y\u0131k\u0131c\u0131 kuruculu\u011fun temeli olarak bar\u0131\u015f m\u00fccadelesine \u00e7ubuk b\u00fcker. Devrimci bir teorisyenin h\u00fccresinden yirminci birinci y\u00fczy\u0131l\u0131n ayak sesleri yank\u0131lanmaktad\u0131r .   \u00c7evirisi tekrardan g\u00f6zden ge\u00e7irilip Negri&#8217;nin yeni \u00f6ns\u00f6z\u00fcyle geni\u015fletilmi\u015f olan bu bask\u0131, sadece ge\u00e7mi\u015fin bir muhasebesi olarak de\u011fil, ayn\u0131 zamanda bug\u00fcn\u00fc anlamak i\u00e7in \u00f6nemli bir rehberdir.  <\/p>\n","protected":false},"excerpt":{"rendered":"<p>Negri\u2019nin hapislik ve sonras\u0131ndaki s\u00fcrg\u00fcn y\u0131llar\u0131nda kaleme ald\u0131\u011f\u0131 Y\u0131k\u0131c\u0131 Politika yirmi birinci y\u00fczy\u0131la y\u00f6neltilmi\u015f bir i\u015faret fi\u015fe\u011fidir. Bug\u00fcnden bak\u0131ld\u0131\u011f\u0131nda, ge\u00e7mi\u015fteki gelece\u011fi g\u00f6zler \u00f6n\u00fcne seren ve \u0130mparatorluk<span class=\"excerpt-hellip\"> [\u2026]<\/span><\/p>\n","protected":false},"featured_media":0,"template":"","meta":{"_monsterinsights_skip_tracking":false,"_monsterinsights_sitenote_active":false,"_monsterinsights_sitenote_note":"","_monsterinsights_sitenote_category":0},"product_brand":[],"product_cat":[13590,12337],"product_tag":[],"class_list":{"0":"post-746606","1":"product","2":"type-product","3":"status-publish","5":"product_cat-arastirma-inceleme-politika-siyaset","6":"product_cat-politika-siyaset","7":"pa_cilt-ciltsiz","8":"pa_tur-kitap","9":"pa_yayinevi-sumer-yayin","10":"pa_yazar-antonio-negri","12":"first","13":"instock","14":"sale","15":"shipping-taxable","16":"purchasable","17":"product-type-simple"},"_links":{"self":[{"href":"https:\/\/roveyayinevi.com.tr\/index.php\/wp-json\/wp\/v2\/product\/746606","targetHints":{"allow":["GET"]}}],"collection":[{"href":"https:\/\/roveyayinevi.com.tr\/index.php\/wp-json\/wp\/v2\/product"}],"about":[{"href":"https:\/\/roveyayinevi.com.tr\/index.php\/wp-json\/wp\/v2\/types\/product"}],"wp:attachment":[{"href":"https:\/\/roveyayinevi.com.tr\/index.php\/wp-json\/wp\/v2\/media?parent=746606"}],"wp:term":[{"taxonomy":"product_brand","embeddable":true,"href":"https:\/\/roveyayinevi.com.tr\/index.php\/wp-json\/wp\/v2\/product_brand?post=746606"},{"taxonomy":"product_cat","embeddable":true,"href":"https:\/\/roveyayinevi.com.tr\/index.php\/wp-json\/wp\/v2\/product_cat?post=746606"},{"taxonomy":"product_tag","embeddable":true,"href":"https:\/\/roveyayinevi.com.tr\/index.php\/wp-json\/wp\/v2\/product_tag?post=746606"}],"curies":[{"name":"wp","href":"https:\/\/api.w.org\/{rel}","templated":true}]}}