{"id":746602,"date":"2025-08-28T02:46:00","date_gmt":"2025-08-27T23:46:00","guid":{"rendered":"https:\/\/roveyayinevi.com.tr\/index.php\/urun\/utanc-imparatorlugu\/"},"modified":"2026-04-16T02:58:58","modified_gmt":"2026-04-15T23:58:58","slug":"utanc-imparatorlugu","status":"publish","type":"product","link":"https:\/\/roveyayinevi.com.tr\/index.php\/urun\/utanc-imparatorlugu\/","title":{"rendered":"Utan\u00e7 \u0130mparatorlu\u011fu"},"content":{"rendered":"<p>\u201cOla\u011fan\u00fcst\u00fc\u2026 \u0130ngilizlerin Hindistan\u2019da ge\u00e7irdikleri iki asr\u0131 ac\u0131mas\u0131zca ele\u015ftiriyor. \u0130ngilizler i\u00e7in olduk\u00e7a rahats\u0131z edici bir okuma.\u201d The Times   \u201c\u0130ngiltere\u2019nin Hindistan\u2019la olan \u2018tarih\u00ee ve k\u00fclt\u00fcrel ba\u011flar\u0131n\u0131n\u2019 yeni ve b\u00fcy\u00fck bir ticaret anla\u015fmas\u0131 yap\u0131lmas\u0131n\u0131 kolayla\u015ft\u0131raca\u011f\u0131ndan emin olan \u0130ngilizler, Bay Tharoor\u2019un kitab\u0131n\u0131 okumal\u0131lar. Bu sayede d\u00fcnyay\u0131 bir zamanlar Britanya taraf\u0131ndan s\u00f6m\u00fcr\u00fclen \u00fclkelerin g\u00f6z\u00fcnden daha rahat g\u00f6rebilecekler.\u201d Financial Times   \u201cEtkileyici\u2026 \u0130mparatorlu\u011fu s\u00f6zde \u2018iyili\u011fin g\u00fcc\u00fc\u2019 olarak g\u00f6klere \u00e7\u0131karan yaz\u0131lara verilmi\u015f iyi bir cevap.\u201d BBC World Histories   On sekizinci y\u00fczy\u0131lda tek ba\u015f\u0131na Hindistan\u2019\u0131n d\u00fcnya ekonomisindeki pay\u0131 Avrupa\u2019n\u0131n tamam\u0131 kadar b\u00fcy\u00fckt\u00fc. Fakat iki as\u0131rl\u0131k \u0130ngiliz idaresinin ard\u0131ndan, 1947\u2019ye gelindi\u011finde bu oran alt\u0131 kat azald\u0131. S\u00f6m\u00fcrgecilik s\u00fcresince \u0130ngiliz \u0130mparatorlu\u011fu kendisine ba\u015f kald\u0131ran kim varsa ac\u0131mas\u0131zca bast\u0131rd\u0131, silahs\u0131z protestocular\u0131 kur\u015funa dizdi, \u0131rk\u00e7\u0131l\u0131\u011f\u0131 kurumsalla\u015ft\u0131rd\u0131 ve milyonlarca insan\u0131n a\u00e7l\u0131ktan \u00f6lmesine neden oldu.   \u0130ngiliz emperyalizmi kendisini ayd\u0131n bir despot olarak tan\u0131t\u0131p idaresi alt\u0131ndakileri meden\u00eele\u015ftirdi\u011fi iddias\u0131nda bulunsa da yazar Shashi Tharoor, demiryollar\u0131ndan hukukun \u00fcst\u00fcnl\u00fc\u011f\u00fcne kadar b\u00fct\u00fcn s\u00f6zde s\u00f6m\u00fcrgecilik \u201chediyelerinin\u201d yaln\u0131zca Britanya \u00e7\u0131karlar\u0131 i\u00e7in tasarland\u0131\u011f\u0131n\u0131 ortaya koyarak ayd\u0131nlanmac\u0131 despotizm mitini par\u00e7al\u0131yor. Eser, \u201c\u0130ngilizler Hindistan\u2019da Ne Yapt\u0131?\u201d sorusunu merkeze alarak \u0130ngilizlerin y\u00fckseli\u015fi ile Hindistan\u2019\u0131n \u00e7\u00f6k\u00fc\u015f\u00fc aras\u0131ndaki paralelli\u011fi her ve\u00e7hesiyle ortaya koyuyor.   30 y\u0131l boyunca Birle\u015fmi\u015f Milletler\u2019de \u00e7al\u0131\u015fm\u0131\u015f ve Genel Sekreter Yard\u0131mc\u0131l\u0131\u011f\u0131 da yapm\u0131\u015f olan Tharoor, Utan\u00e7 \u0130mparatorlu\u011fu\u2019nda \u0130ngiliz s\u00f6m\u00fcrgecili\u011fini cesurca de\u011ferlendirip keskin bir dille ele\u015ftirerek, Britanya\u2019n\u0131n Hindistan miras\u0131n\u0131n ne denli kirli oldu\u011funu g\u00f6zler \u00f6n\u00fcne seriyor. <\/p>\n","protected":false},"excerpt":{"rendered":"<p>\u201cOla\u011fan\u00fcst\u00fc\u2026 \u0130ngilizlerin Hindistan\u2019da ge\u00e7irdikleri iki asr\u0131 ac\u0131mas\u0131zca ele\u015ftiriyor. \u0130ngilizler i\u00e7in olduk\u00e7a rahats\u0131z edici bir okuma.\u201d The Times \u201c\u0130ngiltere\u2019nin Hindistan\u2019la olan \u2018tarih\u00ee ve k\u00fclt\u00fcrel ba\u011flar\u0131n\u0131n\u2019 yeni ve<span class=\"excerpt-hellip\"> [\u2026]<\/span><\/p>\n","protected":false},"featured_media":0,"template":"","meta":{"_monsterinsights_skip_tracking":false,"_monsterinsights_sitenote_active":false,"_monsterinsights_sitenote_note":"","_monsterinsights_sitenote_category":0},"product_brand":[],"product_cat":[12312,12304],"product_tag":[],"class_list":{"0":"post-746602","1":"product","2":"type-product","3":"status-publish","5":"product_cat-diger","6":"product_cat-tarih","7":"pa_cilt-ciltsiz","8":"pa_tur-kitap","9":"pa_yayinevi-kronik-kitap","10":"pa_yazar-shashi-tharoor","12":"first","13":"instock","14":"sale","15":"shipping-taxable","16":"purchasable","17":"product-type-simple"},"_links":{"self":[{"href":"https:\/\/roveyayinevi.com.tr\/index.php\/wp-json\/wp\/v2\/product\/746602","targetHints":{"allow":["GET"]}}],"collection":[{"href":"https:\/\/roveyayinevi.com.tr\/index.php\/wp-json\/wp\/v2\/product"}],"about":[{"href":"https:\/\/roveyayinevi.com.tr\/index.php\/wp-json\/wp\/v2\/types\/product"}],"wp:attachment":[{"href":"https:\/\/roveyayinevi.com.tr\/index.php\/wp-json\/wp\/v2\/media?parent=746602"}],"wp:term":[{"taxonomy":"product_brand","embeddable":true,"href":"https:\/\/roveyayinevi.com.tr\/index.php\/wp-json\/wp\/v2\/product_brand?post=746602"},{"taxonomy":"product_cat","embeddable":true,"href":"https:\/\/roveyayinevi.com.tr\/index.php\/wp-json\/wp\/v2\/product_cat?post=746602"},{"taxonomy":"product_tag","embeddable":true,"href":"https:\/\/roveyayinevi.com.tr\/index.php\/wp-json\/wp\/v2\/product_tag?post=746602"}],"curies":[{"name":"wp","href":"https:\/\/api.w.org\/{rel}","templated":true}]}}