{"id":746600,"date":"2025-08-28T02:45:58","date_gmt":"2025-08-27T23:45:58","guid":{"rendered":"https:\/\/roveyayinevi.com.tr\/index.php\/urun\/aztekler-2\/"},"modified":"2026-04-16T02:58:58","modified_gmt":"2026-04-15T23:58:58","slug":"aztekler-2","status":"publish","type":"product","link":"https:\/\/roveyayinevi.com.tr\/index.php\/urun\/aztekler-2\/","title":{"rendered":"Aztekler"},"content":{"rendered":"<p>YEN\u0130 D\u00dcNYA\u2019NIN YA\u011eMALANAN \u0130MPARATORLU\u011eU: AZTEKLER \u201cBu kitap kesinlikle Aztekler hakk\u0131nda \u015fimdiye kadar yaz\u0131lm\u0131\u015f en iyi \u00e7al\u0131\u015fma\u2026 Kitab\u0131n de\u011feri, Aztekleri ve Nahualar\u0131 y\u00fczlerce y\u0131ll\u0131k kolonyal karikat\u00fcrden kurtaran ve onlar\u0131 vah\u015fi bir \u015fiddet uygulayabilecek fakat ayr\u0131ca derin bir sevgi g\u00f6sterebilecek \u00f6zelliklere sahip bir halk, kusurlar\u0131yla yeniden insan olarak sunan tarz\u0131nda yatmaktad\u0131r.\u201d History Today Kas\u0131m 1519\u2019da Hernando Cort\u00e9s, Aztek \u0130mparatorlu\u011fu\u2019nun ba\u015fkentine uzanan, g\u00f6l\u00fcn \u00fczerinden y\u00fckseltilmi\u015f yol boyunca y\u00fcr\u00fcyerek Aztek Kral\u0131 Moctezuma ile y\u00fcz y\u00fcze geldi. Bu hik\u00e2ye ve bundan sonra ya\u015fananlar defalarca kez hep ayn\u0131 \u015fekilde, sadece \u0130spanyollar\u0131n sundu\u011fu anlat\u0131ya ba\u011fl\u0131 kal\u0131narak anlat\u0131lm\u0131\u015ft\u0131r. Yeni ke\u015ffedilmi\u015f milyonlarca \u00fcyesi bulunan bu halk\u0131n ne b\u00fcy\u00fck bir vah\u015filik ve ilkellik i\u00e7erisinde ya\u015fad\u0131\u011f\u0131 ve yeni k\u0131taya ayak basan \u0130spanyollar\u0131n \u201cbeyaz adam\u0131n y\u00fck\u00fcn\u00fc\u201d s\u0131rtlanarak buradakilere uygarl\u0131k getirdi\u011fi s\u00f6ylenir. Peki ama ger\u00e7ekten bu anlat\u0131 do\u011fru muydu? Aztekler \u0130spanyollarla kar\u015f\u0131la\u015ft\u0131\u011f\u0131nda sefalet i\u00e7inde miydi? Teknolojiyi, bilimi, k\u00fclt\u00fcr\u00fc, refah\u0131 ve uygarl\u0131\u011f\u0131 bu topraklara Avrupal\u0131lar m\u0131 getirmi\u015fti? Ya\u015fanmas\u0131 tercih edilmeyecek bir hayat m\u0131 s\u00fcr\u00fcyorlard\u0131? Aztekler: Ya\u011fmalanan \u0130mparatorluk Amerikan yerlilerinin tarihini, b\u00fcy\u00fck titizlik ve orijinal tarihi verilerin sundu\u011fu isabetle yeni ba\u015ftan ele al\u0131yor. Yeni D\u00fcnya\u2019n\u0131n insanlar\u0131n\u0131n tarihini ilk defa, yerli halk\u0131n kendisi taraf\u0131ndan yaz\u0131lm\u0131\u015f metinlerin b\u00fct\u00fcn zenginli\u011finden beslenerek sunuyor. Camilla Townsend, yerli Meksikal\u0131lar\u0131 egzotik ve kana susam\u0131\u015f fig\u00fcrler olarak g\u00f6ren Avrupal\u0131 kli\u015felerin yerine onlar\u0131n daha anla\u015f\u0131labilir ve insani tasvirlerini ortaya koyuyor. Bu \u00e7al\u0131\u015fmada, fetih ne bir k\u0131yamet an\u0131 ne de Meksikal\u0131lar\u0131 var eden bir ba\u015flang\u0131\u00e7 hik\u00e2yesidir: \u201cMexica\u201d halk\u0131, Avrupal\u0131lar\u0131n gelmesinden \u00e7ok \u00f6nce kendisine ait bir tarihe sahipti ve \u0130spanyol k\u00fclt\u00fcr\u00fcne ve s\u00f6m\u00fcrgesine \u00f6yle kolayca teslim olmad\u0131. Aksine politik tabiiyetlerini yeniden d\u00fczenlediler, yeni y\u00fck\u00fcml\u00fcl\u00fcklerine uyum sa\u011flad\u0131lar, yeni teknolojileri benimsediler ve hayatta kald\u0131lar.  Azteklerin kendi yazd\u0131klar\u0131ndan hareketle kaleme al\u0131nan bu ilgi \u00e7ekici ve devrim niteli\u011findeki tarih, bir zamanlar alt\u0131n g\u00fcnlerini ya\u015fayan bir halk\u0131n fetih travmas\u0131yla kar\u015f\u0131 kar\u015f\u0131ya kalmas\u0131na ve hayatta kalman\u0131n yollar\u0131n\u0131 bulmas\u0131na dair deneyimin izlerini s\u00fcr\u00fcyor. Yay\u0131nlanmas\u0131n\u0131n ard\u0131ndan bir\u00e7ok \u00f6d\u00fcle lay\u0131k g\u00f6r\u00fclen Aztekler: Ya\u011fmalanan \u0130mparatorluk derli toplu ve ayr\u0131nt\u0131larla bezeli anlat\u0131m\u0131yla tarih severlere son derece faydal\u0131 olacak bir kaynak. <\/p>\n","protected":false},"excerpt":{"rendered":"<p>YEN\u0130 D\u00dcNYA\u2019NIN YA\u011eMALANAN \u0130MPARATORLU\u011eU: AZTEKLER \u201cBu kitap kesinlikle Aztekler hakk\u0131nda \u015fimdiye kadar yaz\u0131lm\u0131\u015f en iyi \u00e7al\u0131\u015fma\u2026 Kitab\u0131n de\u011feri, Aztekleri ve Nahualar\u0131 y\u00fczlerce y\u0131ll\u0131k kolonyal karikat\u00fcrden kurtaran<span class=\"excerpt-hellip\"> [\u2026]<\/span><\/p>\n","protected":false},"featured_media":0,"template":"","meta":{"_monsterinsights_skip_tracking":false,"_monsterinsights_sitenote_active":false,"_monsterinsights_sitenote_note":"","_monsterinsights_sitenote_category":0},"product_brand":[],"product_cat":[12305,12304],"product_tag":[],"class_list":{"0":"post-746600","1":"product","2":"type-product","3":"status-publish","5":"product_cat-dunya-tarihi","6":"product_cat-tarih","7":"pa_cilt-ciltsiz","8":"pa_tur-kitap","9":"pa_yayinevi-kronik-kitap","10":"pa_yazar-camilla-townsend","12":"first","13":"instock","14":"sale","15":"shipping-taxable","16":"purchasable","17":"product-type-simple"},"_links":{"self":[{"href":"https:\/\/roveyayinevi.com.tr\/index.php\/wp-json\/wp\/v2\/product\/746600","targetHints":{"allow":["GET"]}}],"collection":[{"href":"https:\/\/roveyayinevi.com.tr\/index.php\/wp-json\/wp\/v2\/product"}],"about":[{"href":"https:\/\/roveyayinevi.com.tr\/index.php\/wp-json\/wp\/v2\/types\/product"}],"wp:attachment":[{"href":"https:\/\/roveyayinevi.com.tr\/index.php\/wp-json\/wp\/v2\/media?parent=746600"}],"wp:term":[{"taxonomy":"product_brand","embeddable":true,"href":"https:\/\/roveyayinevi.com.tr\/index.php\/wp-json\/wp\/v2\/product_brand?post=746600"},{"taxonomy":"product_cat","embeddable":true,"href":"https:\/\/roveyayinevi.com.tr\/index.php\/wp-json\/wp\/v2\/product_cat?post=746600"},{"taxonomy":"product_tag","embeddable":true,"href":"https:\/\/roveyayinevi.com.tr\/index.php\/wp-json\/wp\/v2\/product_tag?post=746600"}],"curies":[{"name":"wp","href":"https:\/\/api.w.org\/{rel}","templated":true}]}}