{"id":746594,"date":"2025-08-28T02:45:52","date_gmt":"2025-08-27T23:45:52","guid":{"rendered":"https:\/\/roveyayinevi.com.tr\/index.php\/urun\/biyoloji-ve-teknoloji-teroru\/"},"modified":"2026-04-16T02:58:58","modified_gmt":"2026-04-15T23:58:58","slug":"biyoloji-ve-teknoloji-teroru","status":"publish","type":"product","link":"https:\/\/roveyayinevi.com.tr\/index.php\/urun\/biyoloji-ve-teknoloji-teroru\/","title":{"rendered":"Biyoloji ve Teknoloji Ter\u00f6r\u00fc"},"content":{"rendered":"<p>GENET\u0130\u011e\u0130 DE\u011e\u0130\u015eT\u0130R\u0130LM\u0130\u015e \u0130LK \u00dcR\u00dcN DOMATEST\u0130, SON \u00dcR\u00dcN \u0130NSAN OLACAK!   \u0130nsan maalesef i\u00e7inde ya\u015fad\u0131\u011f\u0131 do\u011fan\u0131n sadece bir par\u00e7as\u0131 oldu\u011funu unuttu; teknolojiyi kullanarak \u00f6nce do\u011fay\u0131, sonra g\u0131day\u0131 bozdu ve s\u0131ra art\u0131k kendisindeydi! \u0130nsan DNA\u2019s\u0131 ve ard\u0131ndan RNA\u2019s\u0131 yani insan\u0131n fabrika ayarlar\u0131na girildi ve bu ayarlarla ciddi \u015fekilde oynanarak ana sistem bozuldu! \u00dcst\u00fcne bir de laboratuvarlarda olu\u015fturulan vir\u00fcsler yoluyla insanl\u0131k tehdit alt\u0131na al\u0131nd\u0131. Teknolojiyi, insanl\u0131\u011fa zarar verebilecek \u015fekilde bu kadar yayg\u0131n hale getirmek ve kulland\u0131rmak insanl\u0131\u011fa kar\u015f\u0131 ger\u00e7ekle\u015ftirilen bir ter\u00f6rden ba\u015fka bir \u015fey de\u011fildir. Daha h\u0131zl\u0131, daha ileri, daha teknolojik, daha fazla sanayi, daha \u00e7ok para derken kimyasallara, toksinlere, vir\u00fcslere bo\u011fulduk, hem de bunlar\u0131 kendi ellerimizle meydana getirdik. Prof. Dr. Mustafa Z\u00fclk\u00fcf Altan, Ter\u00f6r Her Yerde serisinin ikinci kitab\u0131nda, g\u0131da ter\u00f6r\u00fc, genetik \u00e7al\u0131\u015fmalar, biyolojik unsurlar\u0131n silah olarak kullan\u0131lmas\u0131, dijital ter\u00f6r, yapay zek\u00e2, uzay \u00e7al\u0131\u015fmalar\u0131 ve daha bir\u00e7ok konu hakk\u0131nda bilinmeyenleri anlat\u0131yor ve soruyor: Daha az insan g\u00fcc\u00fcyle daha fazla kazan\u00e7 elde etmek isteyen g\u00fc\u00e7ler, daha az insana ihtiya\u00e7 olacak bu Yeni D\u00fcnya\u2019da, insan n\u00fcfusunu azaltmak i\u00e7in biyoloji ve teknolojiden faydalan\u0131yor olabilir mi?   <\/p>\n","protected":false},"excerpt":{"rendered":"<p>GENET\u0130\u011e\u0130 DE\u011e\u0130\u015eT\u0130R\u0130LM\u0130\u015e \u0130LK \u00dcR\u00dcN DOMATEST\u0130, SON \u00dcR\u00dcN \u0130NSAN OLACAK! \u0130nsan maalesef i\u00e7inde ya\u015fad\u0131\u011f\u0131 do\u011fan\u0131n sadece bir par\u00e7as\u0131 oldu\u011funu unuttu; teknolojiyi kullanarak \u00f6nce do\u011fay\u0131, sonra g\u0131day\u0131 bozdu<span class=\"excerpt-hellip\"> [\u2026]<\/span><\/p>\n","protected":false},"featured_media":0,"template":"","meta":{"_monsterinsights_skip_tracking":false,"_monsterinsights_sitenote_active":false,"_monsterinsights_sitenote_note":"","_monsterinsights_sitenote_category":0},"product_brand":[],"product_cat":[52477],"product_tag":[],"class_list":{"0":"post-746594","1":"product","2":"type-product","3":"status-publish","5":"product_cat-arastirma","6":"pa_cilt-ciltsiz","7":"pa_tur-kitap","8":"pa_yayinevi-destek-yayinlari","9":"pa_yazar-mustafa-zulkuf-altan","11":"first","12":"instock","13":"sale","14":"shipping-taxable","15":"purchasable","16":"product-type-simple"},"_links":{"self":[{"href":"https:\/\/roveyayinevi.com.tr\/index.php\/wp-json\/wp\/v2\/product\/746594","targetHints":{"allow":["GET"]}}],"collection":[{"href":"https:\/\/roveyayinevi.com.tr\/index.php\/wp-json\/wp\/v2\/product"}],"about":[{"href":"https:\/\/roveyayinevi.com.tr\/index.php\/wp-json\/wp\/v2\/types\/product"}],"wp:attachment":[{"href":"https:\/\/roveyayinevi.com.tr\/index.php\/wp-json\/wp\/v2\/media?parent=746594"}],"wp:term":[{"taxonomy":"product_brand","embeddable":true,"href":"https:\/\/roveyayinevi.com.tr\/index.php\/wp-json\/wp\/v2\/product_brand?post=746594"},{"taxonomy":"product_cat","embeddable":true,"href":"https:\/\/roveyayinevi.com.tr\/index.php\/wp-json\/wp\/v2\/product_cat?post=746594"},{"taxonomy":"product_tag","embeddable":true,"href":"https:\/\/roveyayinevi.com.tr\/index.php\/wp-json\/wp\/v2\/product_tag?post=746594"}],"curies":[{"name":"wp","href":"https:\/\/api.w.org\/{rel}","templated":true}]}}