{"id":746591,"date":"2025-08-28T02:45:49","date_gmt":"2025-08-27T23:45:49","guid":{"rendered":"https:\/\/roveyayinevi.com.tr\/index.php\/urun\/annelik-geliyorum-demez\/"},"modified":"2026-04-16T02:58:58","modified_gmt":"2026-04-15T23:58:58","slug":"annelik-geliyorum-demez","status":"publish","type":"product","link":"https:\/\/roveyayinevi.com.tr\/index.php\/urun\/annelik-geliyorum-demez\/","title":{"rendered":"Annelik Geliyorum Demez"},"content":{"rendered":"<p>Anne olmak bir milatt\u0131r kad\u0131n\u0131n hayat\u0131nda, A.\u00d6. (annelikten \u00f6nce) ve A.S. (annelikten sonra) diye ikiye ay\u0131rabiliriz annelerin ya\u015famalar\u0131n\u0131. Anneli\u011fe tam olarak haz\u0131r olmak m\u00fcmk\u00fcn de\u011fildir. Olunca oluveren, ne oldu\u011fu olmadan \u00f6nce asla anla\u015f\u0131lmayan bir ya\u015fam ser\u00fcvenidir annelik. Asla GEL\u0130YORUM DEMEZ! Gelir ve seni bamba\u015fka bir insana d\u00f6n\u00fc\u015ft\u00fcr\u00fcr. Sevgiyle kar\u0131\u015fm\u0131\u015f yorgunluklar, \u00f6zveriyle kar\u0131\u015fm\u0131\u015f yo\u011funluklar, kendini su\u00e7lamalarla \u00e7evrili gurur duymalar! Bir ZIT DUYGULAR KEK\u0130 olur pi\u015fer y\u0131llar i\u00e7inde. Bu kitap bu keki pi\u015firmeye ba\u015flayan \u201cay i\u00e7ine eksik malzeme mi koydum acaba\u201d diye hay\u0131flanan, keki \u00e7ok kabarmad\u0131\u011f\u0131 i\u00e7in kendini su\u00e7layan, bazen kek bile g\u00f6rmek istemeyen, tatl\u0131dan nefret eden, ama ne olursa olsun vazge\u00e7meyen t\u00fcm annelere, anne adaylar\u0131na ve kalbinde anne olmay\u0131 dileyen anne merhametini t\u00fcm evrene aktaran kad\u0131nlar i\u00e7in yaz\u0131ld\u0131\u2026 <\/p>\n","protected":false},"excerpt":{"rendered":"<p>Anne olmak bir milatt\u0131r kad\u0131n\u0131n hayat\u0131nda, A.\u00d6. (annelikten \u00f6nce) ve A.S. (annelikten sonra) diye ikiye ay\u0131rabiliriz annelerin ya\u015famalar\u0131n\u0131. Anneli\u011fe tam olarak haz\u0131r olmak m\u00fcmk\u00fcn de\u011fildir. Olunca<span class=\"excerpt-hellip\"> [\u2026]<\/span><\/p>\n","protected":false},"featured_media":0,"template":"","meta":{"_monsterinsights_skip_tracking":false,"_monsterinsights_sitenote_active":false,"_monsterinsights_sitenote_note":"","_monsterinsights_sitenote_category":0},"product_brand":[],"product_cat":[12364,12376],"product_tag":[],"class_list":{"0":"post-746591","1":"product","2":"type-product","3":"status-publish","5":"product_cat-genel-konular","6":"product_cat-kisisel-gelisim","7":"pa_cilt-ciltsiz","8":"pa_tur-kitap","9":"pa_yayinevi-eksik-parca-yayinlari","10":"pa_yazar-didar-kantarci-bogda","12":"first","13":"instock","14":"sale","15":"shipping-taxable","16":"purchasable","17":"product-type-simple"},"_links":{"self":[{"href":"https:\/\/roveyayinevi.com.tr\/index.php\/wp-json\/wp\/v2\/product\/746591","targetHints":{"allow":["GET"]}}],"collection":[{"href":"https:\/\/roveyayinevi.com.tr\/index.php\/wp-json\/wp\/v2\/product"}],"about":[{"href":"https:\/\/roveyayinevi.com.tr\/index.php\/wp-json\/wp\/v2\/types\/product"}],"wp:attachment":[{"href":"https:\/\/roveyayinevi.com.tr\/index.php\/wp-json\/wp\/v2\/media?parent=746591"}],"wp:term":[{"taxonomy":"product_brand","embeddable":true,"href":"https:\/\/roveyayinevi.com.tr\/index.php\/wp-json\/wp\/v2\/product_brand?post=746591"},{"taxonomy":"product_cat","embeddable":true,"href":"https:\/\/roveyayinevi.com.tr\/index.php\/wp-json\/wp\/v2\/product_cat?post=746591"},{"taxonomy":"product_tag","embeddable":true,"href":"https:\/\/roveyayinevi.com.tr\/index.php\/wp-json\/wp\/v2\/product_tag?post=746591"}],"curies":[{"name":"wp","href":"https:\/\/api.w.org\/{rel}","templated":true}]}}