{"id":746586,"date":"2025-08-28T02:45:42","date_gmt":"2025-08-27T23:45:42","guid":{"rendered":"https:\/\/roveyayinevi.com.tr\/index.php\/urun\/sirat-i-mustakimde-rehberlerimiz\/"},"modified":"2026-04-16T02:58:57","modified_gmt":"2026-04-15T23:58:57","slug":"sirat-i-mustakimde-rehberlerimiz","status":"publish","type":"product","link":"https:\/\/roveyayinevi.com.tr\/index.php\/urun\/sirat-i-mustakimde-rehberlerimiz\/","title":{"rendered":"S\u0131rat-\u0131 M\u00fcstakim&#8217;de Rehberlerimiz"},"content":{"rendered":"<p>S\u0131rat-\u0131 m\u00fcstakimde hareket eden herkes ayn\u0131 \u015fekilde yol alm\u0131yor. \u0130nsanlar\u0131n bu yolda giderken \u015fartlar\u0131 bir de\u011fildir. Kimi insanlar\u0131n yarat\u0131l\u0131\u015f\u0131, f\u0131trat\u0131, aile \u00e7evresi, k\u00fclt\u00fcr\u00fc iman\u0131, ibadeti ve ahl\u00e2k\u0131 di\u011ferlerinden daha iyi, daha m\u00fckemmel iken, baz\u0131lar\u0131n\u0131nki ise daha zay\u0131ft\u0131r. Dolay\u0131s\u0131yla s\u0131rat-\u0131 m\u00fcstakimde yol alanlar i\u00e7in de kendili\u011finden, do\u011fal bir yar\u0131\u015f vard\u0131r. Bizler bu i\u015fin fark\u0131nda olursak, o zaman en \u00f6nde olabilmek i\u00e7in nelere dikkat etmemiz gerekti\u011fini bilir ve \u00f6yle davran\u0131r\u0131z. \u0130\u015fte \u201cS\u0131rat-\u0131 M\u00fcstakimde Yar\u0131\u015fanlar \u201c kitab\u0131mda bu yar\u0131\u015f\u0131 kazananlar\u0131n nas\u0131l kazand\u0131klar\u0131ndan bahsetmeye \u00e7al\u0131\u015faca\u011f\u0131m. Allah bizleri bu u\u011furda muvaffak olan bahtiyar kullar\u0131ndan eylesin! (\u00c2min) S\u0131rat-\u0131 M\u00fcstakimde Yar\u0131\u015fanlar kitab\u0131mda bu yolda y\u00fcr\u00fcrken Kur\u2019an-\u0131 Kerime ve S\u00fcnnete g\u00f6re nelere dikkat etmemiz gerekti\u011fini a\u00e7\u0131klamaya \u00e7al\u0131\u015ft\u0131m.  S\u0131rat-\u0131 M\u00fcstakimde Rehberlerimiz  kitab\u0131mda bize her y\u00f6n\u00fcyle \u00f6rnek olan ve Allah taraf\u0131ndan g\u00f6nderilen Peygamberlerin,  s\u0131rat-\u0131 m\u00fcstakimde hareket ederken bizlere m\u00fcbarek hayatlar\u0131yla Rehber olu\u015flar\u0131n\u0131  anlatmaya \u00e7al\u0131\u015ft\u0131m.  S\u0131rat-\u0131 M\u00fcstakimde \u0130z B\u0131rakanlar  kitab\u0131mda ise, sahabelerin ve daha sonraki d\u00f6nemlerde \u0130slam\u2019a hizmet eden m\u00fcbarek z\u00e2tlar\u0131n s\u0131rat\u0131 m\u00fcstakimde \u00f6rnek olan hayatlar\u0131yla geride b\u0131rakt\u0131klar\u0131 izleri  ifade etmeye \u00e7al\u0131\u015ft\u0131m. B\u00f6ylece birbirini tamamlayan \u00fc\u00e7 kitap Allah\u2019\u0131n tevfik ve inayetiyle haz\u0131rlanm\u0131\u015f oldu.<\/p>\n","protected":false},"excerpt":{"rendered":"<p>S\u0131rat-\u0131 m\u00fcstakimde hareket eden herkes ayn\u0131 \u015fekilde yol alm\u0131yor. \u0130nsanlar\u0131n bu yolda giderken \u015fartlar\u0131 bir de\u011fildir. Kimi insanlar\u0131n yarat\u0131l\u0131\u015f\u0131, f\u0131trat\u0131, aile \u00e7evresi, k\u00fclt\u00fcr\u00fc iman\u0131, ibadeti ve<span class=\"excerpt-hellip\"> [\u2026]<\/span><\/p>\n","protected":false},"featured_media":0,"template":"","meta":{"_monsterinsights_skip_tracking":false,"_monsterinsights_sitenote_active":false,"_monsterinsights_sitenote_note":"","_monsterinsights_sitenote_category":0},"product_brand":[],"product_cat":[12777,12291],"product_tag":[],"class_list":{"0":"post-746586","1":"product","2":"type-product","3":"status-publish","5":"product_cat-deneme","6":"product_cat-edebiyat","7":"pa_cilt-ciltsiz","8":"pa_tur-kitap","9":"pa_yayinevi-gulnar-yayinlari","10":"pa_yazar-dogan-tasci","12":"first","13":"instock","14":"sale","15":"shipping-taxable","16":"purchasable","17":"product-type-simple"},"_links":{"self":[{"href":"https:\/\/roveyayinevi.com.tr\/index.php\/wp-json\/wp\/v2\/product\/746586","targetHints":{"allow":["GET"]}}],"collection":[{"href":"https:\/\/roveyayinevi.com.tr\/index.php\/wp-json\/wp\/v2\/product"}],"about":[{"href":"https:\/\/roveyayinevi.com.tr\/index.php\/wp-json\/wp\/v2\/types\/product"}],"wp:attachment":[{"href":"https:\/\/roveyayinevi.com.tr\/index.php\/wp-json\/wp\/v2\/media?parent=746586"}],"wp:term":[{"taxonomy":"product_brand","embeddable":true,"href":"https:\/\/roveyayinevi.com.tr\/index.php\/wp-json\/wp\/v2\/product_brand?post=746586"},{"taxonomy":"product_cat","embeddable":true,"href":"https:\/\/roveyayinevi.com.tr\/index.php\/wp-json\/wp\/v2\/product_cat?post=746586"},{"taxonomy":"product_tag","embeddable":true,"href":"https:\/\/roveyayinevi.com.tr\/index.php\/wp-json\/wp\/v2\/product_tag?post=746586"}],"curies":[{"name":"wp","href":"https:\/\/api.w.org\/{rel}","templated":true}]}}