{"id":746583,"date":"2025-08-28T02:45:38","date_gmt":"2025-08-27T23:45:38","guid":{"rendered":"https:\/\/roveyayinevi.com.tr\/index.php\/urun\/weimar-kulturu\/"},"modified":"2026-04-16T02:58:57","modified_gmt":"2026-04-15T23:58:57","slug":"weimar-kulturu","status":"publish","type":"product","link":"https:\/\/roveyayinevi.com.tr\/index.php\/urun\/weimar-kulturu\/","title":{"rendered":"Weimar K\u00fclt\u00fcr\u00fc"},"content":{"rendered":"<p>Birinci Du\u0308nya Savas\u0327\u0131 ve akabinde Versay Antlas\u0327mas\u0131 Alman toplumunu derin bir buhrana su\u0308ru\u0308klemis\u0327ti. Weimar ku\u0308ltu\u0308ru\u0308, bu buhran\u0131n ic\u0327erisinden filizlendi ve k\u0131sa o\u0308mu\u0308rlu\u0308 ama kendine o\u0308zgu\u0308 demokratik bir deneyime sahne oldu. Weimar demokrasisinin ay\u0131rt edicilig\u0306inin kan\u0131t\u0131 olarak Weimar Anayasas\u0131 c\u0327al\u0131s\u0327malara epey konu olmus\u0327tur ancak Weimar\u2019\u0131n s\u0131n\u0131rlar\u0131n\u0131 as\u0327\u0131p 20. yu\u0308zy\u0131lda sanatta, edebiyatta, mu\u0308zikte Bat\u0131 ku\u0308ltu\u0308ru\u0308nu\u0308n pek c\u0327ok vec\u0327hesine etki etmis\u0327 \u201cWeimar ku\u0308ltu\u0308ru\u0308\u201d dendig\u0306inde ne anlayabiliriz? Peter Gay\u2019in Weimar Ku\u0308ltu\u0308ru\u0308 kitab\u0131, bir sanatsal aray\u0131s\u0327a ve uyan\u0131s\u0327a es\u0327lik eden bu ku\u0308ltu\u0308ru\u0308n canl\u0131 ve ak\u0131c\u0131 bir anlat\u0131m\u0131n\u0131 sunarak Weimar deneyiminin sakl\u0131 hazinesini okurlar\u0131na teslim ediyor. \u201cBirkac\u0327 ay ic\u0327inde Adolf Hitler Almanya S\u0327anso\u0308lyesi oldu ve Weimar ahalisi yan\u0131na Weimar ruhunu da alarak do\u0308rt bir yana dag\u0306\u0131ld\u0131: Kimi kendi ic\u0327ine, Ezop diline c\u0327ekildi, kimileri soyk\u0131r\u0131m kamplar\u0131nda o\u0308lu\u0308me gitti&#8230; Ancak kimisi de Weimar ruhunu hayat\u0131n ic\u0327ine, mu\u0308this\u0327 kariyerler yaparak iz b\u0131rakt\u0131klar\u0131 laboratuvarlara, hastanelere, gazetecilig\u0306e, tiyatrolara, u\u0308niversitelere tas\u0327\u0131d\u0131 ve bu ruh gerc\u0327ek yurduna orada kavus\u0327tu, su\u0308rgu\u0308nde.\u201d PETER GAY<\/p>\n","protected":false},"excerpt":{"rendered":"<p>Birinci Du\u0308nya Savas\u0327\u0131 ve akabinde Versay Antlas\u0327mas\u0131 Alman toplumunu derin bir buhrana su\u0308ru\u0308klemis\u0327ti. Weimar ku\u0308ltu\u0308ru\u0308, bu buhran\u0131n ic\u0327erisinden filizlendi ve k\u0131sa o\u0308mu\u0308rlu\u0308 ama kendine o\u0308zgu\u0308 demokratik<span class=\"excerpt-hellip\"> [\u2026]<\/span><\/p>\n","protected":false},"featured_media":0,"template":"","meta":{"_monsterinsights_skip_tracking":false,"_monsterinsights_sitenote_active":false,"_monsterinsights_sitenote_note":"","_monsterinsights_sitenote_category":0},"product_brand":[],"product_cat":[12312,12304],"product_tag":[],"class_list":{"0":"post-746583","1":"product","2":"type-product","3":"status-publish","5":"product_cat-diger","6":"product_cat-tarih","7":"pa_cilt-ciltsiz","8":"pa_tur-kitap","9":"pa_yayinevi-iletisim-yayinlari","10":"pa_yazar-peter-gay","12":"first","13":"instock","14":"sale","15":"shipping-taxable","16":"purchasable","17":"product-type-simple"},"_links":{"self":[{"href":"https:\/\/roveyayinevi.com.tr\/index.php\/wp-json\/wp\/v2\/product\/746583","targetHints":{"allow":["GET"]}}],"collection":[{"href":"https:\/\/roveyayinevi.com.tr\/index.php\/wp-json\/wp\/v2\/product"}],"about":[{"href":"https:\/\/roveyayinevi.com.tr\/index.php\/wp-json\/wp\/v2\/types\/product"}],"wp:attachment":[{"href":"https:\/\/roveyayinevi.com.tr\/index.php\/wp-json\/wp\/v2\/media?parent=746583"}],"wp:term":[{"taxonomy":"product_brand","embeddable":true,"href":"https:\/\/roveyayinevi.com.tr\/index.php\/wp-json\/wp\/v2\/product_brand?post=746583"},{"taxonomy":"product_cat","embeddable":true,"href":"https:\/\/roveyayinevi.com.tr\/index.php\/wp-json\/wp\/v2\/product_cat?post=746583"},{"taxonomy":"product_tag","embeddable":true,"href":"https:\/\/roveyayinevi.com.tr\/index.php\/wp-json\/wp\/v2\/product_tag?post=746583"}],"curies":[{"name":"wp","href":"https:\/\/api.w.org\/{rel}","templated":true}]}}