{"id":746582,"date":"2025-08-28T02:45:37","date_gmt":"2025-08-27T23:45:37","guid":{"rendered":"https:\/\/roveyayinevi.com.tr\/index.php\/urun\/fetvayla-yol-gostermek\/"},"modified":"2026-04-16T02:58:57","modified_gmt":"2026-04-15T23:58:57","slug":"fetvayla-yol-gostermek","status":"publish","type":"product","link":"https:\/\/roveyayinevi.com.tr\/index.php\/urun\/fetvayla-yol-gostermek\/","title":{"rendered":"Fetvayla Yol G\u00f6stermek"},"content":{"rendered":"<p>\u201cVaizeler devletin so\u0308ylemini, feminist so\u0308ylemi ve ataerkil f\u0131k\u0131h so\u0308ylemini birbirine tercu\u0308me ediyorlar. Bazen c\u0327at\u0131s\u0327an, bazen u\u0308st u\u0308ste binen so\u0308ylemler aras\u0131nda mu\u0308zakere edip c\u0327o\u0308zu\u0308mler bulmaya c\u0327al\u0131s\u0327\u0131yorlar.\u201d Burcu Kalpakl\u0131og\u0306lu Fetvayla Yol Go\u0308stermek\u2019te, \u201cBayan fetva odas\u0131\u201dna telefonla yap\u0131lan bas\u0327vurulara verilen cevaplar\u0131, yap\u0131lan yorumlar\u0131, bulunulan o\u0308nerileri inceliyor. O\u0308ncelikle, fetvan\u0131n \u201cyo\u0308netimsel bir pratik\u201d olarak nas\u0131l is\u0327 go\u0308rdu\u0308g\u0306u\u0308nu\u0308 go\u0308zler o\u0308nu\u0308ne seren bir inceleme, bu. Kalpakl\u0131og\u0306lu, dindar kad\u0131nlar\u0131n gu\u0308ndelik hayatla ve aile ic\u0327i sorunlarla ilgili meseleleri kars\u0327\u0131s\u0131nda vaizelerin, bazen yorum imka\u0302nlar\u0131n\u0131 ataerkil kodlar hilaf\u0131na kad\u0131nlara haklar\u0131n\u0131 \u201co\u0308g\u0306retmek\u201d u\u0308zere kulland\u0131klar\u0131na dikkat c\u0327ekiyor. Beri yandan fetva veren vaizelerin, o\u0308zellikle \u201ckaygan zeminde aileyi koruma\u201d kayg\u0131s\u0131yla, birc\u0327ok zaman da \u201carada kald\u0131klar\u0131n\u0131\u201d go\u0308steriyor. Fetvayla Yol Go\u0308stermek, I\u0307sla\u0302mi\u0302 feminizmin, ataerkil ideolojiye ve geleneksel f\u0131k\u0131h\u2019a kars\u0327\u0131 kaynaklar\u0131 yeniden yorumlama c\u0327abas\u0131ndan ilham al\u0131yor. Ayr\u0131ca, Tu\u0308rkiye\u2019de \u201cdini\u0302\u201d ile \u201cseku\u0308ler\u201din kars\u0327\u0131tl\u0131klar\u0131n\u0131 ve \u201ckar\u0131s\u0327\u0131mlar\u0131n\u0131\u201d yeniden du\u0308s\u0327u\u0308nmek ic\u0327in verimli bir o\u0308rnek sunuyor.<\/p>\n","protected":false},"excerpt":{"rendered":"<p>\u201cVaizeler devletin so\u0308ylemini, feminist so\u0308ylemi ve ataerkil f\u0131k\u0131h so\u0308ylemini birbirine tercu\u0308me ediyorlar. Bazen c\u0327at\u0131s\u0327an, bazen u\u0308st u\u0308ste binen so\u0308ylemler aras\u0131nda mu\u0308zakere edip c\u0327o\u0308zu\u0308mler bulmaya c\u0327al\u0131s\u0327\u0131yorlar.\u201d Burcu<span class=\"excerpt-hellip\"> [\u2026]<\/span><\/p>\n","protected":false},"featured_media":0,"template":"","meta":{"_monsterinsights_skip_tracking":false,"_monsterinsights_sitenote_active":false,"_monsterinsights_sitenote_note":"","_monsterinsights_sitenote_category":0},"product_brand":[],"product_cat":[12718,12719],"product_tag":[],"class_list":{"0":"post-746582","1":"product","2":"type-product","3":"status-publish","5":"product_cat-din","6":"product_cat-islam","7":"pa_cilt-ciltsiz","8":"pa_tur-kitap","9":"pa_yayinevi-iletisim-yayinlari","10":"pa_yazar-burcu-kalpaklioglu","12":"first","13":"instock","14":"sale","15":"shipping-taxable","16":"purchasable","17":"product-type-simple"},"_links":{"self":[{"href":"https:\/\/roveyayinevi.com.tr\/index.php\/wp-json\/wp\/v2\/product\/746582","targetHints":{"allow":["GET"]}}],"collection":[{"href":"https:\/\/roveyayinevi.com.tr\/index.php\/wp-json\/wp\/v2\/product"}],"about":[{"href":"https:\/\/roveyayinevi.com.tr\/index.php\/wp-json\/wp\/v2\/types\/product"}],"wp:attachment":[{"href":"https:\/\/roveyayinevi.com.tr\/index.php\/wp-json\/wp\/v2\/media?parent=746582"}],"wp:term":[{"taxonomy":"product_brand","embeddable":true,"href":"https:\/\/roveyayinevi.com.tr\/index.php\/wp-json\/wp\/v2\/product_brand?post=746582"},{"taxonomy":"product_cat","embeddable":true,"href":"https:\/\/roveyayinevi.com.tr\/index.php\/wp-json\/wp\/v2\/product_cat?post=746582"},{"taxonomy":"product_tag","embeddable":true,"href":"https:\/\/roveyayinevi.com.tr\/index.php\/wp-json\/wp\/v2\/product_tag?post=746582"}],"curies":[{"name":"wp","href":"https:\/\/api.w.org\/{rel}","templated":true}]}}