{"id":746580,"date":"2025-08-28T02:45:36","date_gmt":"2025-08-27T23:45:36","guid":{"rendered":"https:\/\/roveyayinevi.com.tr\/index.php\/urun\/tasra-universiteleri\/"},"modified":"2026-04-16T02:58:57","modified_gmt":"2026-04-15T23:58:57","slug":"tasra-universiteleri","status":"publish","type":"product","link":"https:\/\/roveyayinevi.com.tr\/index.php\/urun\/tasra-universiteleri\/","title":{"rendered":"Ta\u015fra \u00dcniversiteleri"},"content":{"rendered":"<p>Tug\u0306ba Tekerek, tas\u0327ra u\u0308niversitelerinin akademik ve sosyal hayat\u0131n\u0131, amfilerden kampu\u0308s camilerine, kafelerden yurtlara, ayr\u0131nt\u0131l\u0131 bir s\u0327ekilde resmediyor. Tas\u0327ra U\u0308niversiteleri kitab\u0131, u\u0308lke sath\u0131na yay\u0131lan u\u0308niversitelerin, Adalet ve Kalk\u0131nma Partisi iktidar\u0131n\u0131n \u201carka kampu\u0308su\u0308\u201d olarak is\u0327ledig\u0306ini go\u0308steriyor. Birc\u0327ok yerde akademisyenlerin \u201ctu\u0308m derslerin hocas\u0131\u201d olmak zorunda kalmas\u0131 ve o\u0308g\u0306retimin sistematik bic\u0327imde ilahiyatlas\u0327mas\u0131, bu gidis\u0327at\u0131n o\u0308nemli unsurlar\u0131&#8230; Tas\u0327ra u\u0308niversiteleri, istihdam, ihale vs. boyutlar\u0131yla, ekonomi-politik ac\u0327\u0131dan da genis\u0327 bir \u201chavuz\u201d olus\u0327turuyorlar. Her s\u0327eye rag\u0306men bir s\u0327eyler o\u0308g\u0306renme, ufkunu genis\u0327letme hevesi tas\u0327\u0131yan o\u0308g\u0306rencilerin, genc\u0327lerin sesleri de is\u0327itiliyor kitapta. Hevesleri ve akademinin dog\u0306as\u0131ndaki \u201cheyecan, merak, itiraz\u201d ruhunu bog\u0306an u\u0308niversitelerdeki hayal k\u0131r\u0131kl\u0131klar\u0131&#8230; Saha go\u0308zlemlerine, uzun go\u0308ru\u0308s\u0327melere ve sekiz y\u0131ll\u0131k aras\u0327t\u0131rmaya dayanan, emek u\u0308ru\u0308nu\u0308 bir c\u0327al\u0131s\u0327ma. \u201cSiyasi iktidar\u0131n uzant\u0131s\u0131 olarak faaliyet go\u0308steren, akademisyen al\u0131mlar\u0131n\u0131n da konferanslar\u0131n da kulu\u0308p kurulus\u0327lar\u0131n\u0131n da siyasi iktidar\u0131n talimatlar\u0131 dog\u0306rultusunda yap\u0131ld\u0131g\u0306\u0131 [&#8230;] Tas\u0327ra u\u0308niversitelerinin art\u0131k binlerce lisansu\u0308stu\u0308 o\u0308g\u0306rencisi de yetis\u0327tirdig\u0306i, lisanstan sonra lisansu\u0308stu\u0308 eg\u0306itimin de deg\u0306ersizles\u0327tirildig\u0306i, tas\u0327radaki \u2018siyasi iktidar\u0131n uzant\u0131s\u0131 u\u0308niversite\u2019 modelinin bu\u0308yu\u0308k s\u0327ehirlerde iyiden iyiye yerles\u0327tig\u0306i, u\u0308lkenin tamam\u0131nda yu\u0308kseko\u0308g\u0306retimin tas\u0327ralas\u0327t\u0131g\u0306\u0131 bir do\u0308nemdeyiz.\u201d Tug\u0306ba Tekerek<\/p>\n","protected":false},"excerpt":{"rendered":"<p>Tug\u0306ba Tekerek, tas\u0327ra u\u0308niversitelerinin akademik ve sosyal hayat\u0131n\u0131, amfilerden kampu\u0308s camilerine, kafelerden yurtlara, ayr\u0131nt\u0131l\u0131 bir s\u0327ekilde resmediyor. Tas\u0327ra U\u0308niversiteleri kitab\u0131, u\u0308lke sath\u0131na yay\u0131lan u\u0308niversitelerin, Adalet ve<span class=\"excerpt-hellip\"> [\u2026]<\/span><\/p>\n","protected":false},"featured_media":0,"template":"","meta":{"_monsterinsights_skip_tracking":false,"_monsterinsights_sitenote_active":false,"_monsterinsights_sitenote_note":"","_monsterinsights_sitenote_category":0},"product_brand":[],"product_cat":[52477],"product_tag":[],"class_list":{"0":"post-746580","1":"product","2":"type-product","3":"status-publish","5":"product_cat-arastirma","6":"pa_cilt-ciltsiz","7":"pa_tur-kitap","8":"pa_yayinevi-iletisim-yayinlari","9":"pa_yazar-tugba-tekerek","11":"first","12":"instock","13":"sale","14":"shipping-taxable","15":"purchasable","16":"product-type-simple"},"_links":{"self":[{"href":"https:\/\/roveyayinevi.com.tr\/index.php\/wp-json\/wp\/v2\/product\/746580","targetHints":{"allow":["GET"]}}],"collection":[{"href":"https:\/\/roveyayinevi.com.tr\/index.php\/wp-json\/wp\/v2\/product"}],"about":[{"href":"https:\/\/roveyayinevi.com.tr\/index.php\/wp-json\/wp\/v2\/types\/product"}],"wp:attachment":[{"href":"https:\/\/roveyayinevi.com.tr\/index.php\/wp-json\/wp\/v2\/media?parent=746580"}],"wp:term":[{"taxonomy":"product_brand","embeddable":true,"href":"https:\/\/roveyayinevi.com.tr\/index.php\/wp-json\/wp\/v2\/product_brand?post=746580"},{"taxonomy":"product_cat","embeddable":true,"href":"https:\/\/roveyayinevi.com.tr\/index.php\/wp-json\/wp\/v2\/product_cat?post=746580"},{"taxonomy":"product_tag","embeddable":true,"href":"https:\/\/roveyayinevi.com.tr\/index.php\/wp-json\/wp\/v2\/product_tag?post=746580"}],"curies":[{"name":"wp","href":"https:\/\/api.w.org\/{rel}","templated":true}]}}