{"id":746579,"date":"2025-08-28T02:45:35","date_gmt":"2025-08-27T23:45:35","guid":{"rendered":"https:\/\/roveyayinevi.com.tr\/index.php\/urun\/buyurun-ziyafete\/"},"modified":"2026-04-16T02:58:57","modified_gmt":"2026-04-15T23:58:57","slug":"buyurun-ziyafete","status":"publish","type":"product","link":"https:\/\/roveyayinevi.com.tr\/index.php\/urun\/buyurun-ziyafete\/","title":{"rendered":"Buyurun Ziyafete"},"content":{"rendered":"<p>Gastronomi alan\u0131nda bir \u201cotorite\u201d nas\u0131l ortaya \u00e7\u0131kar ve hangi \u00f6zelliklere sahiptir? \u201cYemek k\u00fclt\u00fcr\u00fc\u201dn\u00fc nas\u0131l edinip geli\u015ftirir? \u015earab\u0131, tatlar\u0131 ay\u0131rt ederek i\u00e7mek s\u0131radan bir beceri midir, \u00f6\u011frenilebilir mi? Yemek yenilen yerin \u201cambiyans\u0131\u201d ne kadar \u00f6nemlidir? Karnabahar yemeye lokantaya gidilir mi? Geleneksel olan her zaman en iyisi midir? Ba\u015fka \u00fclkelerden esinlenmek k\u00f6t\u00fc bir \u015fey midir? Mutfa\u011f\u0131m\u0131z d\u00fcnyada hat\u0131r\u0131 say\u0131l\u0131r bir yere gelebilir mi? Ne yersek o muyuz? Bal\u0131\u011fa limon s\u0131k\u0131l\u0131r m\u0131? \u015earap nedir, ne de\u011fildir? Sosyal medya Vedat Milor\u2019a ne yapt\u0131? Buyurun Ziyafete, t\u00fcm bu sorulara ve daha fazlas\u0131na etrafl\u0131 yan\u0131tlar i\u00e7eren bir Vedat Milor kitab\u0131: Kendi kaleminden k\u0131sa bir aile tarihiyle ba\u015flayan kitapta Milor soyad\u0131n\u0131n \u201cgizemini\u201d, ailesindeki Milli M\u00fccadele yanl\u0131lar\u0131n\u0131 ve saltanat\u00e7\u0131lar\u0131 \u00f6\u011frenmekle kalm\u0131yor, Milor\u2019un k\u00f6kl\u00fc ge\u00e7mi\u015fine dair de \u00f6nemli bilgiler ediniyoruz. Milor\u2019un, kitab\u0131 yay\u0131na haz\u0131rlayan Besim Hatino\u011flu\u2019yla yapt\u0131\u011f\u0131 uzun s\u00f6yle\u015fi \u201cgastronomik otorite\u201d kavram\u0131n\u0131, damak tad\u0131n\u0131n geli\u015fimini kendi hayat hik\u00e2yesi ve daha \u00f6nce hi\u00e7 s\u00f6z etmedi\u011fi ilgin\u00e7 anekdotlar \u0131\u015f\u0131\u011f\u0131nda ele al\u0131yor. Son k\u0131s\u0131msa farkl\u0131 temalar alt\u0131nda toplanm\u0131\u015f, her biri ayr\u0131 ayr\u0131 \u00f6nemli noktalara i\u015faret eden se\u00e7me yaz\u0131lar\u0131ndan olu\u015fuyor. Buyurun Ziyafete, \u00f6\u011frenmeye a\u00e7, yemek tutkusuyla dolu Vedat Milor\u2019un d\u00fcnyas\u0131na bir yolculuk\u2026 \u201cKendimi ne \u015fekilde tan\u0131mlad\u0131\u011f\u0131m\u0131 soruyorsan, bu gayet a\u00e7\u0131k: Ben sadece restoran ve \u015farap ele\u015ftirmeniyim. (\u2026) \u0130\u015fin bir de tutku boyutu var. (\u2026) Bu bir tutku, bir hobi olarak ortaya \u00e7\u0131k\u0131p hayat\u0131n\u0131n par\u00e7as\u0131 haline gelmesi gereken i\u015flerden. Sana keyif vermeli, hayat\u0131n\u0131n bir par\u00e7as\u0131 olmal\u0131 ve akabinde de i\u015f haline gelmeli.<\/p>\n","protected":false},"excerpt":{"rendered":"<p>Gastronomi alan\u0131nda bir \u201cotorite\u201d nas\u0131l ortaya \u00e7\u0131kar ve hangi \u00f6zelliklere sahiptir? \u201cYemek k\u00fclt\u00fcr\u00fc\u201dn\u00fc nas\u0131l edinip geli\u015ftirir? \u015earab\u0131, tatlar\u0131 ay\u0131rt ederek i\u00e7mek s\u0131radan bir beceri midir, \u00f6\u011frenilebilir<span class=\"excerpt-hellip\"> [\u2026]<\/span><\/p>\n","protected":false},"featured_media":0,"template":"","meta":{"_monsterinsights_skip_tracking":false,"_monsterinsights_sitenote_active":false,"_monsterinsights_sitenote_note":"","_monsterinsights_sitenote_category":0},"product_brand":[],"product_cat":[12457],"product_tag":[],"class_list":{"0":"post-746579","1":"product","2":"type-product","3":"status-publish","5":"product_cat-yemek-kitaplari","6":"pa_cilt-ciltsiz","7":"pa_tur-kitap","8":"pa_yayinevi-iletisim-yayinlari","9":"pa_yazar-vedat-milor","11":"first","12":"instock","13":"sale","14":"shipping-taxable","15":"purchasable","16":"product-type-simple"},"_links":{"self":[{"href":"https:\/\/roveyayinevi.com.tr\/index.php\/wp-json\/wp\/v2\/product\/746579","targetHints":{"allow":["GET"]}}],"collection":[{"href":"https:\/\/roveyayinevi.com.tr\/index.php\/wp-json\/wp\/v2\/product"}],"about":[{"href":"https:\/\/roveyayinevi.com.tr\/index.php\/wp-json\/wp\/v2\/types\/product"}],"wp:attachment":[{"href":"https:\/\/roveyayinevi.com.tr\/index.php\/wp-json\/wp\/v2\/media?parent=746579"}],"wp:term":[{"taxonomy":"product_brand","embeddable":true,"href":"https:\/\/roveyayinevi.com.tr\/index.php\/wp-json\/wp\/v2\/product_brand?post=746579"},{"taxonomy":"product_cat","embeddable":true,"href":"https:\/\/roveyayinevi.com.tr\/index.php\/wp-json\/wp\/v2\/product_cat?post=746579"},{"taxonomy":"product_tag","embeddable":true,"href":"https:\/\/roveyayinevi.com.tr\/index.php\/wp-json\/wp\/v2\/product_tag?post=746579"}],"curies":[{"name":"wp","href":"https:\/\/api.w.org\/{rel}","templated":true}]}}