{"id":746578,"date":"2025-08-28T02:45:34","date_gmt":"2025-08-27T23:45:34","guid":{"rendered":"https:\/\/roveyayinevi.com.tr\/index.php\/urun\/sekulerlesen-dilimiz-ve-kavramlarimiz\/"},"modified":"2026-04-16T02:58:57","modified_gmt":"2026-04-15T23:58:57","slug":"sekulerlesen-dilimiz-ve-kavramlarimiz","status":"publish","type":"product","link":"https:\/\/roveyayinevi.com.tr\/index.php\/urun\/sekulerlesen-dilimiz-ve-kavramlarimiz\/","title":{"rendered":"Sek\u00fclerle\u015fen Dilimiz ve Kavramlar\u0131m\u0131z"},"content":{"rendered":"<p>Dil ya kalbin incisidir, parlat\u0131r ya da kalbin k\u00f6m\u00fcr\u00fcd\u00fcr, karart\u0131r. Bir medeniyetin temelleri \u00f6nce dil silah\u0131yla vurulur. Dilin her t\u00fcrl\u00fc d\u0131\u015f sald\u0131r\u0131ya kar\u015f\u0131 korunmas\u0131 k\u00fclt\u00fcr ve medeniyetin korunmas\u0131yla do\u011fru orant\u0131l\u0131d\u0131r. \u00c7\u00fcnk\u00fc dil, k\u00fclt\u00fcr ve medeniyetin d\u0131\u015f tehlike ve sald\u0131r\u0131lara kar\u015f\u0131 bir numaral\u0131 muhaf\u0131z\u0131d\u0131r. K\u00fclt\u00fcr ve medeniyet, dil sayesinde hem d\u0131\u015fa hem de i\u00e7e kar\u015f\u0131 kendini koruyabilir. Bir medeniyetin i\u00e7inde kendisinden olmayan, tamamen d\u0131\u015f kaynakl\u0131 kelime ve kavramlar; g\u00fcnl\u00fck hayatta kullan\u0131l\u0131p dilin tesiri alan\u0131na girdi\u011fi an, o k\u00fclt\u00fcr ve medeniyet yava\u015f yava\u015f sonunu haz\u0131rl\u0131yor demektir. Bir dil i\u00e7in kelime ve kavram zenginli\u011finin kendi \u00f6z\u00fcnden olmas\u0131 \u00f6nemlidir. Ama olmazsa olmaz bir di\u011fer \u00f6nemli mesele de bu kelime ve kavramlar\u0131 \u00f6zellikle g\u00fcnl\u00fck hayat\u0131n i\u00e7ine \u00e7ekmektir.  \u00c7\u00fcnk\u00fc hayat\u0131n i\u00e7inde olmayan de\u011fer, yok h\u00fckm\u00fcndedir. \u201cSek\u00fclerle\u015fen Dilimiz ve Kavramlar\u0131m\u0131z\u201d, dilimizin hem s\u00f6z olarak \u00f6z\u00fcnden uzakla\u015f\u0131p yabanc\u0131la\u015fmas\u0131n\u0131 hem de manen sek\u00fclerle\u015fmesini bir sorun olarak g\u00f6renler i\u00e7in \u00f6nemli bir kaynak olacakt\u0131r. <\/p>\n","protected":false},"excerpt":{"rendered":"<p>Dil ya kalbin incisidir, parlat\u0131r ya da kalbin k\u00f6m\u00fcr\u00fcd\u00fcr, karart\u0131r. Bir medeniyetin temelleri \u00f6nce dil silah\u0131yla vurulur. Dilin her t\u00fcrl\u00fc d\u0131\u015f sald\u0131r\u0131ya kar\u015f\u0131 korunmas\u0131 k\u00fclt\u00fcr ve<span class=\"excerpt-hellip\"> [\u2026]<\/span><\/p>\n","protected":false},"featured_media":0,"template":"","meta":{"_monsterinsights_skip_tracking":false,"_monsterinsights_sitenote_active":false,"_monsterinsights_sitenote_note":"","_monsterinsights_sitenote_category":0},"product_brand":[],"product_cat":[52477],"product_tag":[],"class_list":{"0":"post-746578","1":"product","2":"type-product","3":"status-publish","5":"product_cat-arastirma","6":"pa_cilt-ciltsiz","7":"pa_tur-kitap","8":"pa_yayinevi-cinaralti-yayinlari","9":"pa_yazar-abdulkerim-eviz","11":"first","12":"instock","13":"sale","14":"shipping-taxable","15":"purchasable","16":"product-type-simple"},"_links":{"self":[{"href":"https:\/\/roveyayinevi.com.tr\/index.php\/wp-json\/wp\/v2\/product\/746578","targetHints":{"allow":["GET"]}}],"collection":[{"href":"https:\/\/roveyayinevi.com.tr\/index.php\/wp-json\/wp\/v2\/product"}],"about":[{"href":"https:\/\/roveyayinevi.com.tr\/index.php\/wp-json\/wp\/v2\/types\/product"}],"wp:attachment":[{"href":"https:\/\/roveyayinevi.com.tr\/index.php\/wp-json\/wp\/v2\/media?parent=746578"}],"wp:term":[{"taxonomy":"product_brand","embeddable":true,"href":"https:\/\/roveyayinevi.com.tr\/index.php\/wp-json\/wp\/v2\/product_brand?post=746578"},{"taxonomy":"product_cat","embeddable":true,"href":"https:\/\/roveyayinevi.com.tr\/index.php\/wp-json\/wp\/v2\/product_cat?post=746578"},{"taxonomy":"product_tag","embeddable":true,"href":"https:\/\/roveyayinevi.com.tr\/index.php\/wp-json\/wp\/v2\/product_tag?post=746578"}],"curies":[{"name":"wp","href":"https:\/\/api.w.org\/{rel}","templated":true}]}}