{"id":746577,"date":"2025-08-28T02:45:32","date_gmt":"2025-08-27T23:45:32","guid":{"rendered":"https:\/\/roveyayinevi.com.tr\/index.php\/urun\/katilini-doguran-asklar\/"},"modified":"2026-04-16T02:58:57","modified_gmt":"2026-04-15T23:58:57","slug":"katilini-doguran-asklar","status":"publish","type":"product","link":"https:\/\/roveyayinevi.com.tr\/index.php\/urun\/katilini-doguran-asklar\/","title":{"rendered":"Katilini Do\u011furan A\u015fklar"},"content":{"rendered":"<p>K\u0130TAPLARI: 1- Nevin\u2019ce \u015eiir Taneleri (Ben Sevme Hakk\u0131m\u0131 Sende Kulland\u0131m) 2007 \u015eiir Kitab\u0131. 2- Dil Kaleme K\u00fcsmede (2013) \u015eiir Kitab\u0131 \u0130\u00e7inde Yer Ald\u0131\u011f\u0131 Kitap ve Dergiler: Sivasl\u0131 \u015eairler G\u00fcldeste 2009 Antoloji Kitab\u0131, (Sivas), Bir Bulut Bin Damla 2010, Bizim Ece 2007 \u015eairler Antoloji Kitab\u0131nda, (Manisa), Ortanca Dergisi (Ankara), Poyraz Edebiyat Dergisi (Sivas) \u015eiir ve S\u00f6yle\u015filer. K\u00fclt\u00fcr \u00c7a\u011flayan Dergisi Ankara \u015eairler Se\u00e7kisi 2011,2012,2013,2014,2015,2016,2017,2018,2019, 2020, Seri halde devam etmektedir. \u015eemsiye Edebiyat G\u00fcnl\u00fc\u011f\u00fc, Kristal Kalpler G\u00fcne\u015fe Ne Oldu Anne 2009, T\u00fcrk D\u00fcnyas\u0131 \u015eiiri Antolojisi 2010, Zara K\u00fclt\u00fcr Ara\u015ft\u0131rma Grubu, K\u00fclt\u00fcr \u00c7a\u011flayan 1.\u015eiir Antolojisi 2012. Ve Nevince\u2019den Masallar Serisi. <\/p>\n","protected":false},"excerpt":{"rendered":"<p>K\u0130TAPLARI: 1- Nevin\u2019ce \u015eiir Taneleri (Ben Sevme Hakk\u0131m\u0131 Sende Kulland\u0131m) 2007 \u015eiir Kitab\u0131. 2- Dil Kaleme K\u00fcsmede (2013) \u015eiir Kitab\u0131 \u0130\u00e7inde Yer Ald\u0131\u011f\u0131 Kitap ve Dergiler:<span class=\"excerpt-hellip\"> [\u2026]<\/span><\/p>\n","protected":false},"featured_media":0,"template":"","meta":{"_monsterinsights_skip_tracking":false,"_monsterinsights_sitenote_active":false,"_monsterinsights_sitenote_note":"","_monsterinsights_sitenote_category":0},"product_brand":[],"product_cat":[12291,12509],"product_tag":[],"class_list":{"0":"post-746577","1":"product","2":"type-product","3":"status-publish","5":"product_cat-edebiyat","6":"product_cat-siir","7":"pa_cilt-ciltsiz","8":"pa_tur-kitap","9":"pa_yayinevi-imbik-yayinlari","10":"pa_yazar-nevin-kilic","12":"first","13":"instock","14":"sale","15":"shipping-taxable","16":"purchasable","17":"product-type-simple"},"_links":{"self":[{"href":"https:\/\/roveyayinevi.com.tr\/index.php\/wp-json\/wp\/v2\/product\/746577","targetHints":{"allow":["GET"]}}],"collection":[{"href":"https:\/\/roveyayinevi.com.tr\/index.php\/wp-json\/wp\/v2\/product"}],"about":[{"href":"https:\/\/roveyayinevi.com.tr\/index.php\/wp-json\/wp\/v2\/types\/product"}],"wp:attachment":[{"href":"https:\/\/roveyayinevi.com.tr\/index.php\/wp-json\/wp\/v2\/media?parent=746577"}],"wp:term":[{"taxonomy":"product_brand","embeddable":true,"href":"https:\/\/roveyayinevi.com.tr\/index.php\/wp-json\/wp\/v2\/product_brand?post=746577"},{"taxonomy":"product_cat","embeddable":true,"href":"https:\/\/roveyayinevi.com.tr\/index.php\/wp-json\/wp\/v2\/product_cat?post=746577"},{"taxonomy":"product_tag","embeddable":true,"href":"https:\/\/roveyayinevi.com.tr\/index.php\/wp-json\/wp\/v2\/product_tag?post=746577"}],"curies":[{"name":"wp","href":"https:\/\/api.w.org\/{rel}","templated":true}]}}