{"id":746571,"date":"2025-08-28T02:45:25","date_gmt":"2025-08-27T23:45:25","guid":{"rendered":"https:\/\/roveyayinevi.com.tr\/index.php\/urun\/estetik-elestirinin-kavram-terim-ve-anahtarlari\/"},"modified":"2026-04-16T02:58:57","modified_gmt":"2026-04-15T23:58:57","slug":"estetik-elestirinin-kavram-terim-ve-anahtarlari","status":"publish","type":"product","link":"https:\/\/roveyayinevi.com.tr\/index.php\/urun\/estetik-elestirinin-kavram-terim-ve-anahtarlari\/","title":{"rendered":"Estetik Ele\u015ftirinin Kavram &#8211; Terim ve Anahtarlar\u0131"},"content":{"rendered":"<p>Prof. Dr. Himmet U\u00e7\u2019un Yay\u0131nlanm\u0131\u015f Kitaplar\u0131   \u2022 Il\u0131ml\u0131lar ve Edebi Tenkid (Erzurum 1990) \u2022 Yakup Kadri Karaosmano\u011flu\u2019nun Romanlar\u0131nda \u015eah\u0131slar (Erzurum 1990) \u2022 Mutavvassitinden Bir Romanc\u0131 Mehmet Celal (Erzurum 1997) \u2022 Edebiyat Tenkidcisi ve Ekol\u00fc Olarak Ahmet Mithat (1998) \u2022 Mehmet Celal\u2019in Hik\u00e2ye ve Romanlar\u0131 (Ankara 2000) \u2022 Ahmet Mithat Sanat\u0131 ve Edebiyat\u0131 (Ankara 2000) \u2022 Mehmet Akif ve Hik\u00e2ye Sanat\u0131 (Ankara 2000) \u2022 Cumhuriyetin Alt\u0131 B\u00fcy\u00fck \u015eairi (Diyarbak\u0131r 2003) \u2022 Bat\u0131 Edebiyat\u0131nda Deneme (Ankara 2004) \u2022 T\u00fcrk Edebiyat\u0131nda Deneme (Ankara 2004) \u2022 Tematik T\u00fcrk \u015eiiri Antolojisi (Ankara 2005) \u2022 Hik\u00e2ye ve Romanc\u0131 Yakup Kadri Karaosmano\u011flu (Ankara 2005) \u2022 \u015eiirimize Estetik ve Felsefi Bak\u0131\u015flar (Ankara 2005) \u2022 Romanc\u0131 ve Romanlar (Ankara 2006) \u2022 Ele\u015ftiri (Ankara 2006) \u2022 Huzurun Adam\u0131  Ahmet Kutsi Tecer (Ankara 2006) \u2022 Roman ve Ele\u015ftiri Terimleri S\u00f6zl\u00fc\u011f\u00fc (Ankara 2006) \u2022 Temalardan \u015eiirimize (Ankara 2007) \u2022 Psikanalitik Edebiyat (Ankara 2007) \u2022 Nabizade Naz\u0131m Bey  Biyografi (\u0130stanbul 2007) \u2022 Tevfik Fikret\u2019in Psikobiyografisi (Ankara 2007) \u2022 Dev ve Dahi Necip Faz\u0131l K\u0131sak\u00fcrek (Ankara 2012) \u2022 Nam\u0131k Kemal Kitab\u0131 (Ankara 2012) \u2022 Kuran ve Roman (2018) \u2022 Yusuf ile Z\u00fcleyha Mukayeseli Roman (2018) \u2022 \u0130maj Ele\u015ftirisine Giri\u015f (Isparta 2017) \u2022 Kuran Esteti\u011fi (Isparta 2017) \u2022 Dede Korkut (Isparta 2018) \u2022 Tarihi Roman (Isparta 2018) <\/p>\n","protected":false},"excerpt":{"rendered":"<p>Prof. Dr. Himmet U\u00e7\u2019un Yay\u0131nlanm\u0131\u015f Kitaplar\u0131 \u2022 Il\u0131ml\u0131lar ve Edebi Tenkid (Erzurum 1990) \u2022 Yakup Kadri Karaosmano\u011flu\u2019nun Romanlar\u0131nda \u015eah\u0131slar (Erzurum 1990) \u2022 Mutavvassitinden Bir Romanc\u0131 Mehmet<span class=\"excerpt-hellip\"> [\u2026]<\/span><\/p>\n","protected":false},"featured_media":0,"template":"","meta":{"_monsterinsights_skip_tracking":false,"_monsterinsights_sitenote_active":false,"_monsterinsights_sitenote_note":"","_monsterinsights_sitenote_category":0},"product_brand":[],"product_cat":[52477],"product_tag":[],"class_list":{"0":"post-746571","1":"product","2":"type-product","3":"status-publish","5":"product_cat-arastirma","6":"pa_cilt-ciltsiz","7":"pa_tur-kitap","8":"pa_yayinevi-korkut-yayinlari","9":"pa_yazar-himmet-uc","11":"first","12":"instock","13":"sale","14":"shipping-taxable","15":"purchasable","16":"product-type-simple"},"_links":{"self":[{"href":"https:\/\/roveyayinevi.com.tr\/index.php\/wp-json\/wp\/v2\/product\/746571","targetHints":{"allow":["GET"]}}],"collection":[{"href":"https:\/\/roveyayinevi.com.tr\/index.php\/wp-json\/wp\/v2\/product"}],"about":[{"href":"https:\/\/roveyayinevi.com.tr\/index.php\/wp-json\/wp\/v2\/types\/product"}],"wp:attachment":[{"href":"https:\/\/roveyayinevi.com.tr\/index.php\/wp-json\/wp\/v2\/media?parent=746571"}],"wp:term":[{"taxonomy":"product_brand","embeddable":true,"href":"https:\/\/roveyayinevi.com.tr\/index.php\/wp-json\/wp\/v2\/product_brand?post=746571"},{"taxonomy":"product_cat","embeddable":true,"href":"https:\/\/roveyayinevi.com.tr\/index.php\/wp-json\/wp\/v2\/product_cat?post=746571"},{"taxonomy":"product_tag","embeddable":true,"href":"https:\/\/roveyayinevi.com.tr\/index.php\/wp-json\/wp\/v2\/product_tag?post=746571"}],"curies":[{"name":"wp","href":"https:\/\/api.w.org\/{rel}","templated":true}]}}