{"id":746570,"date":"2025-08-28T02:45:24","date_gmt":"2025-08-27T23:45:24","guid":{"rendered":"https:\/\/roveyayinevi.com.tr\/index.php\/urun\/cikis-yolu-2\/"},"modified":"2026-04-16T02:58:57","modified_gmt":"2026-04-15T23:58:57","slug":"cikis-yolu-2","status":"publish","type":"product","link":"https:\/\/roveyayinevi.com.tr\/index.php\/urun\/cikis-yolu-2\/","title":{"rendered":"\u00c7\u0131k\u0131\u015f Yolu"},"content":{"rendered":"<p>\u0130smail \u00d6zmel, seksenalt\u0131 y\u0131ll\u0131k bilgi birikiminin ve hayat tecr\u00fcbesinin sonucu olarak ele\u015ftirel bir bak\u0131\u015fla kaleme ald\u0131\u011f\u0131 \u201cMedeniyetler \u00c7at\u0131\u015fmas\u0131 m\u0131\u201d kitab\u0131n\u0131 yay\u0131mlad\u0131ktan sonra ayn\u0131 d\u00fc\u015f\u00fcnceyle ikinci kitap olan \u201c\u00c7\u0131k\u0131\u015f Yolu\u201dnu kaleme alm\u0131\u015ft\u0131r. Bu serinin \u00fc\u00e7\u00fcnc\u00fc kitab\u0131n\u0131 da \u0130smail \u00d6zmel\u2019den sab\u0131rs\u0131zl\u0131kla bekledi\u011fimizi belirtmek isterim.   \u201cMedeniyetler \u00c7at\u0131\u015fmas\u0131 m\u0131\u201d adl\u0131 eserinde bilgi birikimi ve tecr\u00fcbesiyle \u00e7a\u011fda\u015f d\u00fc\u015f\u00fcn\u00fcr Samuel Huntington\u2019un de\u011fi\u015fen d\u00fcnyada ekonomiler ve ideolojiler yerine medeniyetleri i\u015faret etti\u011fi tezine \u00e7e\u015fitli g\u00fcncel \u00f6rneklerle ele\u015ftirel bir bak\u0131\u015f getirerek yorumlam\u0131\u015ft\u0131r.   Bu serinin ikinci kitab\u0131 olan \u201c\u00c7\u0131k\u0131\u015f Yolu\u201dnda ise hem Samuel Huntington\u2019un hem de Franc\u0131s Fukuyama\u2019n\u0131n d\u00fc\u015f\u00fcncelerinden ve tezlerinden hareketle ele\u015ftiri ve yorumlamalar getirmi\u015ftir. \u0130ki d\u00fc\u015f\u00fcn\u00fcr\u00fcn fikirlerine bazen kat\u0131ld\u0131\u011f\u0131 bazen de kat\u0131lmad\u0131\u011f\u0131 hatta ara ara bu d\u00fc\u015f\u00fcn\u00fcrlerin fikirlerine \u015fiddetli ele\u015ftiri getirdi\u011fi eserde g\u00f6r\u00fclmektedir. \u0130smail \u00d6zmel, y\u0131llard\u0131r g\u00f6zlemledi\u011fi iktidar\u0131n kusur ve eksiklerini, kendine g\u00f6re yanl\u0131\u015flar\u0131n\u0131 dile getirmeye \u00e7al\u0131\u015fm\u0131\u015f, g\u00fcnl\u00fck olaylar\u0131n etkilerini, sebep ve sonu\u00e7lar\u0131n\u0131 g\u00f6rm\u00fc\u015f ve yorumlam\u0131\u015ft\u0131r. Bu ele\u015ftiri ve yorumlamay\u0131 yaparken \u0130smail \u00d6zmel\u2019in hem hukuk\u00e7u hem edebiyat\u00e7\u0131 hem d\u00fc\u015f\u00fcn\u00fcr hem de siyasi kimli\u011fini korudu\u011fu g\u00f6r\u00fclmektedir.   Her bireyin zevkle okuyup ele al\u0131nan konular \u00fczerinde d\u00fc\u015f\u00fcnece\u011fi bir eser olan \u201c\u00c7\u0131k\u0131\u015f Yolu\u201d adl\u0131 kitap, ele\u015ftirel bir bak\u0131\u015fla de\u011ferlendirilen, medeniyetler \u00e7at\u0131\u015fmas\u0131 ve tarihin sonu ve son insan kurgular\u0131 h\u00e2l\u00e2 g\u00fcncelli\u011fini koruyan projeler oldu\u011funu okuyucuya hat\u0131rlatacak bir \u00f6zelli\u011fe sahiptir. Dolay\u0131s\u0131yla okuyucu bu \u00f6zelli\u011fi g\u00f6z \u00f6n\u00fcnde bulundurarak okuyacak ve yazar\u0131n y\u0131llar\u0131n birikiminden dam\u0131t\u0131lan yorumlamalar\u0131n\u0131 \u00f6z\u00fcmseyecektir.   Sonu\u00e7 olarak T\u00fcrkiye\u2019nin g\u00fcncel mesellerini Samuel Huntington ve Franc\u0131s Fukuyama\u2019n\u0131n d\u00fc\u015f\u00fcncelerinden ve tezlerinden hareketle ele\u015ftirel bir bak\u0131\u015fla d\u00fc\u015f\u00fcnce s\u00fczgecinden ge\u00e7irerek yorumlar getiren \u0130smail \u00d6zmel\u2019i \u201c\u00c7\u0131k\u0131\u015f Yolu\u201dnu g\u00f6sterdi\u011fi i\u00e7in kutluyor, yeni eserlerini okumak okumay\u0131 umut ediyorum\u2026   Prof. Dr. Nedim Bak\u0131rc\u0131 <\/p>\n","protected":false},"excerpt":{"rendered":"<p>\u0130smail \u00d6zmel, seksenalt\u0131 y\u0131ll\u0131k bilgi birikiminin ve hayat tecr\u00fcbesinin sonucu olarak ele\u015ftirel bir bak\u0131\u015fla kaleme ald\u0131\u011f\u0131 \u201cMedeniyetler \u00c7at\u0131\u015fmas\u0131 m\u0131\u201d kitab\u0131n\u0131 yay\u0131mlad\u0131ktan sonra ayn\u0131 d\u00fc\u015f\u00fcnceyle ikinci kitap<span class=\"excerpt-hellip\"> [\u2026]<\/span><\/p>\n","protected":false},"featured_media":0,"template":"","meta":{"_monsterinsights_skip_tracking":false,"_monsterinsights_sitenote_active":false,"_monsterinsights_sitenote_note":"","_monsterinsights_sitenote_category":0},"product_brand":[],"product_cat":[13590,12337],"product_tag":[],"class_list":{"0":"post-746570","1":"product","2":"type-product","3":"status-publish","5":"product_cat-arastirma-inceleme-politika-siyaset","6":"product_cat-politika-siyaset","7":"pa_cilt-ciltsiz","8":"pa_tur-kitap","9":"pa_yayinevi-korkut-yayinlari","10":"pa_yazar-ismail-ozmel","12":"first","13":"instock","14":"sale","15":"shipping-taxable","16":"purchasable","17":"product-type-simple"},"_links":{"self":[{"href":"https:\/\/roveyayinevi.com.tr\/index.php\/wp-json\/wp\/v2\/product\/746570","targetHints":{"allow":["GET"]}}],"collection":[{"href":"https:\/\/roveyayinevi.com.tr\/index.php\/wp-json\/wp\/v2\/product"}],"about":[{"href":"https:\/\/roveyayinevi.com.tr\/index.php\/wp-json\/wp\/v2\/types\/product"}],"wp:attachment":[{"href":"https:\/\/roveyayinevi.com.tr\/index.php\/wp-json\/wp\/v2\/media?parent=746570"}],"wp:term":[{"taxonomy":"product_brand","embeddable":true,"href":"https:\/\/roveyayinevi.com.tr\/index.php\/wp-json\/wp\/v2\/product_brand?post=746570"},{"taxonomy":"product_cat","embeddable":true,"href":"https:\/\/roveyayinevi.com.tr\/index.php\/wp-json\/wp\/v2\/product_cat?post=746570"},{"taxonomy":"product_tag","embeddable":true,"href":"https:\/\/roveyayinevi.com.tr\/index.php\/wp-json\/wp\/v2\/product_tag?post=746570"}],"curies":[{"name":"wp","href":"https:\/\/api.w.org\/{rel}","templated":true}]}}