{"id":746569,"date":"2025-08-28T02:45:23","date_gmt":"2025-08-27T23:45:23","guid":{"rendered":"https:\/\/roveyayinevi.com.tr\/index.php\/urun\/matematik-islem-becerisi-dort-islem-3-seviye\/"},"modified":"2026-04-16T02:58:57","modified_gmt":"2026-04-15T23:58:57","slug":"matematik-islem-becerisi-dort-islem-3-seviye","status":"publish","type":"product","link":"https:\/\/roveyayinevi.com.tr\/index.php\/urun\/matematik-islem-becerisi-dort-islem-3-seviye\/","title":{"rendered":"Matematik \u0130\u015flem Becerisi D\u00f6rt \u0130\u015flem 3. Seviye"},"content":{"rendered":"<p>Matematik; hayat\u0131m\u0131z\u0131n i\u00e7inde yaparak, ya\u015fayarak ve tekrar ederek g\u00fc\u00e7lendirebilece\u011fimiz bir beceridir. Bu \u00e7al\u0131\u015fmay\u0131 haz\u0131rlarken temel amac\u0131m\u0131z, \u00e7ocuklar\u0131m\u0131z\u0131n e\u011flenerek \u00f6\u011frenmelerini sa\u011flamak olmu\u015ftur. \u00c7\u00fcnk\u00fc \u00f6\u011frenmek, ayn\u0131 zamanda duygusal bir s\u00fcre\u00e7tir. \u00d6nce duygu sonra \u00f6\u011frenme gelir. Matematik \u00f6\u011freniminde duygusal ka\u00e7\u0131nma, \u00f6\u011frenme a\u015famas\u0131n\u0131n en \u00f6nemli engelleyicisi olmu\u015ftur. Bol tekrarl\u0131 \u00e7al\u0131\u015fmalar\u0131m\u0131zla, \u00e7ocuklar\u0131m\u0131z\u0131n endi\u015fe duymadan, severek ve e\u011flenerek matematik temelini kurmalar\u0131na ve matematik korkusunu yenmelerine yard\u0131mc\u0131 olmay\u0131 ama\u00e7l\u0131yoruz. <\/p>\n","protected":false},"excerpt":{"rendered":"<p>Matematik; hayat\u0131m\u0131z\u0131n i\u00e7inde yaparak, ya\u015fayarak ve tekrar ederek g\u00fc\u00e7lendirebilece\u011fimiz bir beceridir. Bu \u00e7al\u0131\u015fmay\u0131 haz\u0131rlarken temel amac\u0131m\u0131z, \u00e7ocuklar\u0131m\u0131z\u0131n e\u011flenerek \u00f6\u011frenmelerini sa\u011flamak olmu\u015ftur. \u00c7\u00fcnk\u00fc \u00f6\u011frenmek, ayn\u0131 zamanda duygusal<span class=\"excerpt-hellip\"> [\u2026]<\/span><\/p>\n","protected":false},"featured_media":0,"template":"","meta":{"_monsterinsights_skip_tracking":false,"_monsterinsights_sitenote_active":false,"_monsterinsights_sitenote_note":"","_monsterinsights_sitenote_category":0},"product_brand":[],"product_cat":[12274,12518],"product_tag":[],"class_list":{"0":"post-746569","1":"product","2":"type-product","3":"status-publish","5":"product_cat-cocuk-ve-genclik-kitaplari","6":"product_cat-okul-oncesi-kitaplar","7":"pa_cilt-ciltsiz","8":"pa_tur-kitap","9":"pa_yayinevi-cocuk-gelisimi-yayinlari","10":"pa_yazar-bahar-sarikaya","12":"first","13":"instock","14":"sale","15":"shipping-taxable","16":"purchasable","17":"product-type-simple"},"_links":{"self":[{"href":"https:\/\/roveyayinevi.com.tr\/index.php\/wp-json\/wp\/v2\/product\/746569","targetHints":{"allow":["GET"]}}],"collection":[{"href":"https:\/\/roveyayinevi.com.tr\/index.php\/wp-json\/wp\/v2\/product"}],"about":[{"href":"https:\/\/roveyayinevi.com.tr\/index.php\/wp-json\/wp\/v2\/types\/product"}],"wp:attachment":[{"href":"https:\/\/roveyayinevi.com.tr\/index.php\/wp-json\/wp\/v2\/media?parent=746569"}],"wp:term":[{"taxonomy":"product_brand","embeddable":true,"href":"https:\/\/roveyayinevi.com.tr\/index.php\/wp-json\/wp\/v2\/product_brand?post=746569"},{"taxonomy":"product_cat","embeddable":true,"href":"https:\/\/roveyayinevi.com.tr\/index.php\/wp-json\/wp\/v2\/product_cat?post=746569"},{"taxonomy":"product_tag","embeddable":true,"href":"https:\/\/roveyayinevi.com.tr\/index.php\/wp-json\/wp\/v2\/product_tag?post=746569"}],"curies":[{"name":"wp","href":"https:\/\/api.w.org\/{rel}","templated":true}]}}