{"id":746566,"date":"2025-08-28T02:45:19","date_gmt":"2025-08-27T23:45:19","guid":{"rendered":"https:\/\/roveyayinevi.com.tr\/index.php\/urun\/komik-insan-vucudu-cocuklar-icin-anatomi\/"},"modified":"2026-04-16T02:58:57","modified_gmt":"2026-04-15T23:58:57","slug":"komik-insan-vucudu-cocuklar-icin-anatomi","status":"publish","type":"product","link":"https:\/\/roveyayinevi.com.tr\/index.php\/urun\/komik-insan-vucudu-cocuklar-icin-anatomi\/","title":{"rendered":"Komik \u0130nsan V\u00fccudu: \u00c7ocuklar \u0130\u00e7in Anatomi"},"content":{"rendered":"<p>Merhaba \u00e7ocuklar, de\u011ferli veliler ve sevgili \u00f6\u011fretmenler. Bu kitap, \u00e7ocuklar\u0131n insan anatomisini e\u011flenerek \u00f6\u011frenebilmesi i\u00e7in ne\u015feli, \u015fakal\u0131 ve onlara uygun bir dil kullan\u0131larak haz\u0131rland\u0131. Biliyorsunuz, bedenimiz d\u00fcnya \u00fczerindeki en m\u00fckemmel makinedir. \u00c7o\u011fumuz bunun fark\u0131nda de\u011filiz. Derimizin alt\u0131nda neler olup bitiyor pek bilmiyoruz asl\u0131nda. Komik \u0130nsan V\u00fccudu kitab\u0131 ile v\u00fccudumuzun nas\u0131l \u00e7al\u0131\u015ft\u0131\u011f\u0131n\u0131, hangi par\u00e7alardan olu\u015ftu\u011funu ve sa\u011fl\u0131kl\u0131 bir durumda tutabilmek i\u00e7in neler yapmam\u0131z gerekti\u011finden bahsettik. \u00c7ocuklar, unutmay\u0131n, sadece bir bedenimiz var. Onu sa\u011fl\u0131kl\u0131 tutup korumak en b\u00fcy\u00fck g\u00f6revimiz. Bu konuda size g\u00fcveniyoruz.<\/p>\n","protected":false},"excerpt":{"rendered":"<p>Merhaba \u00e7ocuklar, de\u011ferli veliler ve sevgili \u00f6\u011fretmenler. Bu kitap, \u00e7ocuklar\u0131n insan anatomisini e\u011flenerek \u00f6\u011frenebilmesi i\u00e7in ne\u015feli, \u015fakal\u0131 ve onlara uygun bir dil kullan\u0131larak haz\u0131rland\u0131. Biliyorsunuz, bedenimiz<span class=\"excerpt-hellip\"> [\u2026]<\/span><\/p>\n","protected":false},"featured_media":0,"template":"","meta":{"_monsterinsights_skip_tracking":false,"_monsterinsights_sitenote_active":false,"_monsterinsights_sitenote_note":"","_monsterinsights_sitenote_category":0},"product_brand":[],"product_cat":[12274,12518],"product_tag":[],"class_list":{"0":"post-746566","1":"product","2":"type-product","3":"status-publish","5":"product_cat-cocuk-ve-genclik-kitaplari","6":"product_cat-okul-oncesi-kitaplar","7":"pa_cilt-ciltsiz","8":"pa_tur-kitap","9":"pa_yayinevi-cocuk-gelisimi-yayinlari","10":"pa_yazar-serhat-filiz","12":"first","13":"instock","14":"sale","15":"shipping-taxable","16":"purchasable","17":"product-type-simple"},"_links":{"self":[{"href":"https:\/\/roveyayinevi.com.tr\/index.php\/wp-json\/wp\/v2\/product\/746566","targetHints":{"allow":["GET"]}}],"collection":[{"href":"https:\/\/roveyayinevi.com.tr\/index.php\/wp-json\/wp\/v2\/product"}],"about":[{"href":"https:\/\/roveyayinevi.com.tr\/index.php\/wp-json\/wp\/v2\/types\/product"}],"wp:attachment":[{"href":"https:\/\/roveyayinevi.com.tr\/index.php\/wp-json\/wp\/v2\/media?parent=746566"}],"wp:term":[{"taxonomy":"product_brand","embeddable":true,"href":"https:\/\/roveyayinevi.com.tr\/index.php\/wp-json\/wp\/v2\/product_brand?post=746566"},{"taxonomy":"product_cat","embeddable":true,"href":"https:\/\/roveyayinevi.com.tr\/index.php\/wp-json\/wp\/v2\/product_cat?post=746566"},{"taxonomy":"product_tag","embeddable":true,"href":"https:\/\/roveyayinevi.com.tr\/index.php\/wp-json\/wp\/v2\/product_tag?post=746566"}],"curies":[{"name":"wp","href":"https:\/\/api.w.org\/{rel}","templated":true}]}}