{"id":746563,"date":"2025-08-28T02:45:14","date_gmt":"2025-08-27T23:45:14","guid":{"rendered":"https:\/\/roveyayinevi.com.tr\/index.php\/urun\/okul-oncesi-bilissel-gelisim-1-seviye\/"},"modified":"2026-04-16T02:58:57","modified_gmt":"2026-04-15T23:58:57","slug":"okul-oncesi-bilissel-gelisim-1-seviye","status":"publish","type":"product","link":"https:\/\/roveyayinevi.com.tr\/index.php\/urun\/okul-oncesi-bilissel-gelisim-1-seviye\/","title":{"rendered":"Okul \u00d6ncesi Bili\u015fsel Geli\u015fim 1. Seviye"},"content":{"rendered":"<p>Bili\u015fsel geli\u015fim; \u00e7ocuklar\u0131n d\u00fcnyay\u0131 tan\u0131mas\u0131, anlamas\u0131 ve \u00f6\u011frenmesi, problem \u00e7\u00f6zme ve alg\u0131lama gibi s\u00fcre\u00e7lerinin nas\u0131l geli\u015fti\u011fini a\u00e7\u0131klamaya \u00e7al\u0131\u015fmaktad\u0131r. Bili\u015fsel geli\u015fim denildi\u011finde alg\u0131lama, \u00f6r\u00fcnt\u00fc tan\u0131ma, dikkat, gizil g\u00fc\u00e7, duyusal kay\u0131tlar, bellek ve d\u00fc\u015f\u00fcnme gibi zihinsel bilgi i\u015flem s\u00fcre\u00e7leri akla gelmektedir. \u00c7ocuklar bili\u015fsel s\u00fcre\u00e7leri kullanarak ge\u00e7mi\u015f olaylar\u0131 hat\u0131rlamakta, sorunlar\u0131 \u00e7\u00f6zmekte, kendisi ve \u00e7evresi hakk\u0131nda yeni bilgiler edinmekte ve edindi\u011fi bilgileri kullanarak gelecekle ilgili planlar yapmaktad\u0131r. Haz\u0131rlam\u0131\u015f oldu\u011fumuz kitab\u0131m\u0131z \u00e7ocuklar\u0131n \u201cbili\u015fsel geli\u015fim\u201d s\u00fcre\u00e7lerini desteklemektedir. <\/p>\n","protected":false},"excerpt":{"rendered":"<p>Bili\u015fsel geli\u015fim; \u00e7ocuklar\u0131n d\u00fcnyay\u0131 tan\u0131mas\u0131, anlamas\u0131 ve \u00f6\u011frenmesi, problem \u00e7\u00f6zme ve alg\u0131lama gibi s\u00fcre\u00e7lerinin nas\u0131l geli\u015fti\u011fini a\u00e7\u0131klamaya \u00e7al\u0131\u015fmaktad\u0131r. Bili\u015fsel geli\u015fim denildi\u011finde alg\u0131lama, \u00f6r\u00fcnt\u00fc tan\u0131ma, dikkat, gizil<span class=\"excerpt-hellip\"> [\u2026]<\/span><\/p>\n","protected":false},"featured_media":0,"template":"","meta":{"_monsterinsights_skip_tracking":false,"_monsterinsights_sitenote_active":false,"_monsterinsights_sitenote_note":"","_monsterinsights_sitenote_category":0},"product_brand":[],"product_cat":[12274,12518],"product_tag":[],"class_list":{"0":"post-746563","1":"product","2":"type-product","3":"status-publish","5":"product_cat-cocuk-ve-genclik-kitaplari","6":"product_cat-okul-oncesi-kitaplar","7":"pa_cilt-ciltsiz","8":"pa_tur-kitap","9":"pa_yayinevi-cocuk-gelisimi-yayinlari","10":"pa_yazar-bahar-sarikaya","12":"first","13":"instock","14":"sale","15":"shipping-taxable","16":"purchasable","17":"product-type-simple"},"_links":{"self":[{"href":"https:\/\/roveyayinevi.com.tr\/index.php\/wp-json\/wp\/v2\/product\/746563","targetHints":{"allow":["GET"]}}],"collection":[{"href":"https:\/\/roveyayinevi.com.tr\/index.php\/wp-json\/wp\/v2\/product"}],"about":[{"href":"https:\/\/roveyayinevi.com.tr\/index.php\/wp-json\/wp\/v2\/types\/product"}],"wp:attachment":[{"href":"https:\/\/roveyayinevi.com.tr\/index.php\/wp-json\/wp\/v2\/media?parent=746563"}],"wp:term":[{"taxonomy":"product_brand","embeddable":true,"href":"https:\/\/roveyayinevi.com.tr\/index.php\/wp-json\/wp\/v2\/product_brand?post=746563"},{"taxonomy":"product_cat","embeddable":true,"href":"https:\/\/roveyayinevi.com.tr\/index.php\/wp-json\/wp\/v2\/product_cat?post=746563"},{"taxonomy":"product_tag","embeddable":true,"href":"https:\/\/roveyayinevi.com.tr\/index.php\/wp-json\/wp\/v2\/product_tag?post=746563"}],"curies":[{"name":"wp","href":"https:\/\/api.w.org\/{rel}","templated":true}]}}