{"id":746562,"date":"2025-08-28T02:45:13","date_gmt":"2025-08-27T23:45:13","guid":{"rendered":"https:\/\/roveyayinevi.com.tr\/index.php\/urun\/huzursuz-evler-atlasi-yazarlarin-sehirlerine-yolculuk\/"},"modified":"2026-04-16T02:58:57","modified_gmt":"2026-04-15T23:58:57","slug":"huzursuz-evler-atlasi-yazarlarin-sehirlerine-yolculuk","status":"publish","type":"product","link":"https:\/\/roveyayinevi.com.tr\/index.php\/urun\/huzursuz-evler-atlasi-yazarlarin-sehirlerine-yolculuk\/","title":{"rendered":"Huzursuz Evler Atlas\u0131: Yazarlar\u0131n \u015eehirlerine Yolculuk"},"content":{"rendered":"<p>\u015eehirler, izler, kelimeler ve anlat\u0131c\u0131lar. Huzursuz evlerde hik\u00e2ye devam ediyor.   G\u00fcven Ad\u0131g\u00fczel; yazarlar\u0131n izini \u015fehirlerde, \u015fehirlerin izini anlat\u0131c\u0131lar\u0131n\u0131n sat\u0131rlar\u0131nda, bu iki duygundan do\u011fan sonsuz gerilimi ise edebiyat\u0131n \u00e7eperlerinde arad\u0131\u011f\u0131 Huzursuz Evler Atlas\u0131\u2019nda, tutku, aidiyet, eve d\u00f6n\u00fc\u015f ve s\u00fcrg\u00fcn\u00fcn farkl\u0131 ve\u00e7helerini okuruyla bulu\u015fturuyor. <\/p>\n","protected":false},"excerpt":{"rendered":"<p>\u015eehirler, izler, kelimeler ve anlat\u0131c\u0131lar. Huzursuz evlerde hik\u00e2ye devam ediyor. G\u00fcven Ad\u0131g\u00fczel; yazarlar\u0131n izini \u015fehirlerde, \u015fehirlerin izini anlat\u0131c\u0131lar\u0131n\u0131n sat\u0131rlar\u0131nda, bu iki duygundan do\u011fan sonsuz gerilimi ise<span class=\"excerpt-hellip\"> [\u2026]<\/span><\/p>\n","protected":false},"featured_media":0,"template":"","meta":{"_monsterinsights_skip_tracking":false,"_monsterinsights_sitenote_active":false,"_monsterinsights_sitenote_note":"","_monsterinsights_sitenote_category":0},"product_brand":[],"product_cat":[12777,12291],"product_tag":[],"class_list":{"0":"post-746562","1":"product","2":"type-product","3":"status-publish","5":"product_cat-deneme","6":"product_cat-edebiyat","7":"pa_cilt-ciltsiz","8":"pa_tur-kitap","9":"pa_yayinevi-profil-kitap","10":"pa_yazar-guven-adiguzel","12":"first","13":"instock","14":"sale","15":"shipping-taxable","16":"purchasable","17":"product-type-simple"},"_links":{"self":[{"href":"https:\/\/roveyayinevi.com.tr\/index.php\/wp-json\/wp\/v2\/product\/746562","targetHints":{"allow":["GET"]}}],"collection":[{"href":"https:\/\/roveyayinevi.com.tr\/index.php\/wp-json\/wp\/v2\/product"}],"about":[{"href":"https:\/\/roveyayinevi.com.tr\/index.php\/wp-json\/wp\/v2\/types\/product"}],"wp:attachment":[{"href":"https:\/\/roveyayinevi.com.tr\/index.php\/wp-json\/wp\/v2\/media?parent=746562"}],"wp:term":[{"taxonomy":"product_brand","embeddable":true,"href":"https:\/\/roveyayinevi.com.tr\/index.php\/wp-json\/wp\/v2\/product_brand?post=746562"},{"taxonomy":"product_cat","embeddable":true,"href":"https:\/\/roveyayinevi.com.tr\/index.php\/wp-json\/wp\/v2\/product_cat?post=746562"},{"taxonomy":"product_tag","embeddable":true,"href":"https:\/\/roveyayinevi.com.tr\/index.php\/wp-json\/wp\/v2\/product_tag?post=746562"}],"curies":[{"name":"wp","href":"https:\/\/api.w.org\/{rel}","templated":true}]}}