{"id":746561,"date":"2025-08-28T02:45:12","date_gmt":"2025-08-27T23:45:12","guid":{"rendered":"https:\/\/roveyayinevi.com.tr\/index.php\/urun\/modernlesme-surecinde-moda-ve-zihniyet\/"},"modified":"2026-04-16T02:58:57","modified_gmt":"2026-04-15T23:58:57","slug":"modernlesme-surecinde-moda-ve-zihniyet","status":"publish","type":"product","link":"https:\/\/roveyayinevi.com.tr\/index.php\/urun\/modernlesme-surecinde-moda-ve-zihniyet\/","title":{"rendered":"Modernle\u015fme S\u00fcrecinde Moda ve Zihniyet"},"content":{"rendered":"<p>Varl\u0131\u011f\u0131n\u0131 modernle\u015fmeye bor\u00e7lu olan moda, otoritesini \u201cmodan\u0131n ele\u015ftirilmezli\u011fi\u201d \u00fczerine kurmakta olduk\u00e7a mahir davrand\u0131. Bu maharetiyle birlikte moda, g\u00fczelin tarifini de\u011fi\u015ftirdi. Bu yeni tarife g\u00f6re \u201cmoda olan g\u00fczeldir\u201d; moda olan yani g\u00f6ze \u00e7arpan. En \u00e7ok tart\u0131\u015f\u0131lan ve g\u00f6ze batan zevkler ve renkler bile, modan\u0131n \u015femsiyesi alt\u0131na girdi\u011finde \u201czevkler ve renklerin tart\u0131\u015f\u0131lmazl\u0131\u011f\u0131\u201d payesine y\u00fckseldi. Kitle k\u00fclt\u00fcr\u00fc i\u00e7inde milyonlarca insan ayn\u0131 \u015fekilde giyinip ayn\u0131 \u015feyleri t\u00fcketirken modac\u0131lar \u201c\u00c7\u0131plak Kral\u201d\u0131n terzisi oldu. Her \u015fey ele\u015ftirilirken moda sars\u0131lmayan otoritesini neye bor\u00e7lu? Belki de bu, modan\u0131n tan\u0131mlanamam\u0131\u015f olmas\u0131ndan kaynaklan\u0131yor. Modan\u0131n k\u00f6keninde \u201colu\u015fmayan s\u0131n\u0131r\u201d yatt\u0131\u011f\u0131na g\u00f6re moda neye g\u00f6re tan\u0131mlanacak? Fatma Barbaroso\u011flu\u2019nun elinizdeki \u00e7al\u0131\u015fmas\u0131 modan\u0131n ele\u015ftirilebilirli\u011fine bu manada bir kap\u0131 aralamakta&#8230; <\/p>\n","protected":false},"excerpt":{"rendered":"<p>Varl\u0131\u011f\u0131n\u0131 modernle\u015fmeye bor\u00e7lu olan moda, otoritesini \u201cmodan\u0131n ele\u015ftirilmezli\u011fi\u201d \u00fczerine kurmakta olduk\u00e7a mahir davrand\u0131. Bu maharetiyle birlikte moda, g\u00fczelin tarifini de\u011fi\u015ftirdi. Bu yeni tarife g\u00f6re \u201cmoda olan<span class=\"excerpt-hellip\"> [\u2026]<\/span><\/p>\n","protected":false},"featured_media":0,"template":"","meta":{"_monsterinsights_skip_tracking":false,"_monsterinsights_sitenote_active":false,"_monsterinsights_sitenote_note":"","_monsterinsights_sitenote_category":0},"product_brand":[],"product_cat":[12325,12324],"product_tag":[],"class_list":{"0":"post-746561","1":"product","2":"type-product","3":"status-publish","5":"product_cat-diger-sosyoloji","6":"product_cat-sosyoloji","7":"pa_cilt-ciltsiz","8":"pa_tur-kitap","9":"pa_yayinevi-profil-kitap","10":"pa_yazar-fatma-barbarosoglu","12":"first","13":"instock","14":"sale","15":"shipping-taxable","16":"purchasable","17":"product-type-simple"},"_links":{"self":[{"href":"https:\/\/roveyayinevi.com.tr\/index.php\/wp-json\/wp\/v2\/product\/746561","targetHints":{"allow":["GET"]}}],"collection":[{"href":"https:\/\/roveyayinevi.com.tr\/index.php\/wp-json\/wp\/v2\/product"}],"about":[{"href":"https:\/\/roveyayinevi.com.tr\/index.php\/wp-json\/wp\/v2\/types\/product"}],"wp:attachment":[{"href":"https:\/\/roveyayinevi.com.tr\/index.php\/wp-json\/wp\/v2\/media?parent=746561"}],"wp:term":[{"taxonomy":"product_brand","embeddable":true,"href":"https:\/\/roveyayinevi.com.tr\/index.php\/wp-json\/wp\/v2\/product_brand?post=746561"},{"taxonomy":"product_cat","embeddable":true,"href":"https:\/\/roveyayinevi.com.tr\/index.php\/wp-json\/wp\/v2\/product_cat?post=746561"},{"taxonomy":"product_tag","embeddable":true,"href":"https:\/\/roveyayinevi.com.tr\/index.php\/wp-json\/wp\/v2\/product_tag?post=746561"}],"curies":[{"name":"wp","href":"https:\/\/api.w.org\/{rel}","templated":true}]}}