{"id":746550,"date":"2025-08-28T02:44:58","date_gmt":"2025-08-27T23:44:58","guid":{"rendered":"https:\/\/roveyayinevi.com.tr\/index.php\/urun\/cadica-isler\/"},"modified":"2026-04-12T03:02:34","modified_gmt":"2026-04-12T00:02:34","slug":"cadica-isler","status":"publish","type":"product","link":"https:\/\/roveyayinevi.com.tr\/index.php\/urun\/cadica-isler\/","title":{"rendered":"Cad\u0131ca \u0130\u015fler"},"content":{"rendered":"<p>Cad\u0131ca i\u015fler neler olabilir sence? Bu \u00f6d\u00fcll\u00fc kitapta, cad\u0131l\u0131k yapmaya dair ba\u015far\u0131s\u0131z giri\u015fimleri olan bir cad\u0131 ve oyuncak bebeklerin sa\u00e7lar\u0131n\u0131 taramay\u0131 seven bir \u00e7ocuk hakk\u0131nda komik bir macera seni bekliyor! 2019 Anlat\u0131m E\u015fitli\u011fi \u00d6d\u00fcl\u00fc sahibi Cad\u0131ca \u0130\u015fler\u2019de kli\u015feler ve \u00f6n yarg\u0131lara dair e\u011flenceli bir \u00f6yk\u00fc seni bekliyor!   <\/p>\n","protected":false},"excerpt":{"rendered":"<p>Cad\u0131ca i\u015fler neler olabilir sence? Bu \u00f6d\u00fcll\u00fc kitapta, cad\u0131l\u0131k yapmaya dair ba\u015far\u0131s\u0131z giri\u015fimleri olan bir cad\u0131 ve oyuncak bebeklerin sa\u00e7lar\u0131n\u0131 taramay\u0131 seven bir \u00e7ocuk hakk\u0131nda komik<span class=\"excerpt-hellip\"> [\u2026]<\/span><\/p>\n","protected":false},"featured_media":0,"template":"","meta":{"_monsterinsights_skip_tracking":false,"_monsterinsights_sitenote_active":false,"_monsterinsights_sitenote_note":"","_monsterinsights_sitenote_category":0},"product_brand":[],"product_cat":[12274,12284],"product_tag":[],"class_list":{"0":"post-746550","1":"product","2":"type-product","3":"status-publish","5":"product_cat-cocuk-ve-genclik-kitaplari","6":"product_cat-hikayeler","7":"pa_cilt-ciltsiz","8":"pa_tur-kitap","9":"pa_yayinevi-dogan-cocuk","10":"pa_yazar-mariasole-brusa-marta-sevilla","12":"first","13":"instock","14":"sale","15":"shipping-taxable","16":"purchasable","17":"product-type-simple"},"_links":{"self":[{"href":"https:\/\/roveyayinevi.com.tr\/index.php\/wp-json\/wp\/v2\/product\/746550","targetHints":{"allow":["GET"]}}],"collection":[{"href":"https:\/\/roveyayinevi.com.tr\/index.php\/wp-json\/wp\/v2\/product"}],"about":[{"href":"https:\/\/roveyayinevi.com.tr\/index.php\/wp-json\/wp\/v2\/types\/product"}],"wp:attachment":[{"href":"https:\/\/roveyayinevi.com.tr\/index.php\/wp-json\/wp\/v2\/media?parent=746550"}],"wp:term":[{"taxonomy":"product_brand","embeddable":true,"href":"https:\/\/roveyayinevi.com.tr\/index.php\/wp-json\/wp\/v2\/product_brand?post=746550"},{"taxonomy":"product_cat","embeddable":true,"href":"https:\/\/roveyayinevi.com.tr\/index.php\/wp-json\/wp\/v2\/product_cat?post=746550"},{"taxonomy":"product_tag","embeddable":true,"href":"https:\/\/roveyayinevi.com.tr\/index.php\/wp-json\/wp\/v2\/product_tag?post=746550"}],"curies":[{"name":"wp","href":"https:\/\/api.w.org\/{rel}","templated":true}]}}