{"id":746548,"date":"2025-08-28T02:44:55","date_gmt":"2025-08-27T23:44:55","guid":{"rendered":"https:\/\/roveyayinevi.com.tr\/index.php\/urun\/aramizda-robot-var\/"},"modified":"2026-04-16T02:58:57","modified_gmt":"2026-04-15T23:58:57","slug":"aramizda-robot-var","status":"publish","type":"product","link":"https:\/\/roveyayinevi.com.tr\/index.php\/urun\/aramizda-robot-var\/","title":{"rendered":"Aram\u0131zda Robot Var"},"content":{"rendered":"<p>S\u00fcper y\u00fcksek teknolojili android Dotty, b\u00fct\u00fcn bir y\u0131l\u0131n\u0131 on iki ya\u015f\u0131nda bir \u00f6\u011frenci gibi davranarak ge\u00e7irecek. Bu s\u0131rada etraf\u0131ndakiler onun bir robot oldu\u011funu anlamazlarsa, \u00e7ok (ger\u00e7ekten \u00e7ok) b\u00fcy\u00fck bir para \u00f6d\u00fcl\u00fc kazanacak. Kolay, de\u011fil mi? Asl\u0131nda pek de\u011fil\u2026 \u00c7\u00fcnk\u00fc t\u00fcm d\u00fcnyada be\u015f tane bulunan bu robotlar\u0131 tespit edenlere de para \u00f6d\u00fcl\u00fc var ve Dotty&#8217;nin okulundan bir \u00e7ocuk, bu \u00f6d\u00fcl\u00fc almaya kararl\u0131 g\u00f6r\u00fcn\u00fcyor. Dotty, 7. s\u0131n\u0131f\u0131n arkada\u015f ortam\u0131nda gezinirken, bir dizi komik yanl\u0131\u015f anla\u015f\u0131lmalar, minik (ger\u00e7ekten minik) kazalar, tuhaf bak\u0131\u015fmalar, beklenmedik olaylar ger\u00e7ekle\u015fiyor. Kafas\u0131 kar\u0131\u015f\u0131k android, hem okulda hem de evde \u00e7ok say\u0131da ikilemle kar\u015f\u0131la\u015f\u0131yor. Dotty&#8217;nin b\u00fcy\u00fck (ger\u00e7ekten b\u00fcy\u00fck) s\u0131rr\u0131n\u0131 saklamak i\u00e7in insan olmakla ilgili \u00f6\u011frendi\u011fi her \u015feyi uygulamas\u0131 gerekiyor. Ama bu yeterli olacak m\u0131? Yapay zek\u00e2, teknolojik geli\u015fmeler, okul hayat\u0131n\u0131n ruh sa\u011fl\u0131\u011f\u0131m\u0131za etkileri gibi konulara de\u011finirken baz\u0131 &#8220;ufak tefek&#8221; felsefi sorular\u0131 da kurcalayan komik (ger\u00e7ekten komik) bir roman. <\/p>\n","protected":false},"excerpt":{"rendered":"<p>S\u00fcper y\u00fcksek teknolojili android Dotty, b\u00fct\u00fcn bir y\u0131l\u0131n\u0131 on iki ya\u015f\u0131nda bir \u00f6\u011frenci gibi davranarak ge\u00e7irecek. Bu s\u0131rada etraf\u0131ndakiler onun bir robot oldu\u011funu anlamazlarsa, \u00e7ok (ger\u00e7ekten<span class=\"excerpt-hellip\"> [\u2026]<\/span><\/p>\n","protected":false},"featured_media":0,"template":"","meta":{"_monsterinsights_skip_tracking":false,"_monsterinsights_sitenote_active":false,"_monsterinsights_sitenote_note":"","_monsterinsights_sitenote_category":0},"product_brand":[],"product_cat":[12416,12291],"product_tag":[],"class_list":{"0":"post-746548","1":"product","2":"type-product","3":"status-publish","5":"product_cat-cizgi-roman","6":"product_cat-edebiyat","7":"pa_cilt-ciltsiz","8":"pa_tur-kitap","9":"pa_yayinevi-dogan-cocuk","10":"pa_yazar-david-edmonds-bertie-fraser","12":"first","13":"instock","14":"sale","15":"shipping-taxable","16":"purchasable","17":"product-type-simple"},"_links":{"self":[{"href":"https:\/\/roveyayinevi.com.tr\/index.php\/wp-json\/wp\/v2\/product\/746548","targetHints":{"allow":["GET"]}}],"collection":[{"href":"https:\/\/roveyayinevi.com.tr\/index.php\/wp-json\/wp\/v2\/product"}],"about":[{"href":"https:\/\/roveyayinevi.com.tr\/index.php\/wp-json\/wp\/v2\/types\/product"}],"wp:attachment":[{"href":"https:\/\/roveyayinevi.com.tr\/index.php\/wp-json\/wp\/v2\/media?parent=746548"}],"wp:term":[{"taxonomy":"product_brand","embeddable":true,"href":"https:\/\/roveyayinevi.com.tr\/index.php\/wp-json\/wp\/v2\/product_brand?post=746548"},{"taxonomy":"product_cat","embeddable":true,"href":"https:\/\/roveyayinevi.com.tr\/index.php\/wp-json\/wp\/v2\/product_cat?post=746548"},{"taxonomy":"product_tag","embeddable":true,"href":"https:\/\/roveyayinevi.com.tr\/index.php\/wp-json\/wp\/v2\/product_tag?post=746548"}],"curies":[{"name":"wp","href":"https:\/\/api.w.org\/{rel}","templated":true}]}}