{"id":746545,"date":"2025-08-28T02:44:52","date_gmt":"2025-08-27T23:44:52","guid":{"rendered":"https:\/\/roveyayinevi.com.tr\/index.php\/urun\/the-city-basilica-of-tlos-ciltli\/"},"modified":"2026-04-16T02:58:57","modified_gmt":"2026-04-15T23:58:57","slug":"the-city-basilica-of-tlos-ciltli","status":"publish","type":"product","link":"https:\/\/roveyayinevi.com.tr\/index.php\/urun\/the-city-basilica-of-tlos-ciltli\/","title":{"rendered":"The City Basilica Of Tlos (Ciltli)"},"content":{"rendered":"<p>Akda\u011flar\u2019\u0131n bat\u0131 yama\u00e7lar\u0131nda konu\u015flanm\u0131\u015f Tlos Antik Kenti, gerek s\u0131rt\u0131n\u0131 yaslad\u0131\u011f\u0131 da\u011fl\u0131k b\u00f6lgedeki geni\u015f egemenlik alan\u0131 gerekse Ksanthos Vadisi\u2019ne h\u00e2kim co\u011frafi konumuyla \u00f6ne \u00e7\u0131kan \u00f6nemli bir Lykia yerle\u015fimidir. H\u0131ristiyanl\u0131k D\u00f6nemi ile birlikte Lykia B\u00f6lgesi\u2019nde olu\u015fturulan \u00f6nemli piskoposluk merkezleri aras\u0131nda Tlos da yer alm\u0131\u015ft\u0131r. MS 4. y\u00fczy\u0131l\u0131n ikinci yar\u0131s\u0131nda in\u015fa edilen Tlos Kent Bazilikas\u0131, Anadolu\u2019nun en erken bazilikalar\u0131ndan biridir. D\u00f6nemin ha\u00e7 formlu bazilikalar\u0131 tarz\u0131nda in\u015fa edilmi\u015f olan yap\u0131 55 x 34 x 20 m \u00f6l\u00e7\u00fclerindedir. Bazilikan\u0131n zeminini bir hal\u0131 gibi kaplayan 600 m2 b\u00fcy\u00fckl\u00fc\u011f\u00fcndeki opus tessellatum tekni\u011finde haz\u0131rlanm\u0131\u015f mozaik d\u00f6\u015feme, duvar resimleri, mimari yap\u0131 elemanlar\u0131, yaz\u0131tlar, sikke, m\u00fch\u00fcr, seramik, cam ve antropolojik buluntular farkl\u0131 d\u00f6nemlerdeki tamiratlarla MS 13. y\u00fczy\u0131la kadar kullan\u0131lm\u0131\u015f bazilikan\u0131n tarihsel s\u00fcreci hakk\u0131nda \u00f6nemli bilgiler sunmaktad\u0131r. Bu kitapta, bug\u00fcne kadar ger\u00e7ekle\u015ftirilen \u00e7al\u0131\u015fmalar kapsam\u0131nda ula\u015f\u0131lan tarihsel veriler ve arkeolojik bulgular \u0131\u015f\u0131\u011f\u0131nda Tlos Kent Bazilikas\u0131, farkl\u0131 disiplinlerden 17 bilim insan\u0131n\u0131n yaz\u0131lar\u0131yla bilim d\u00fcnyas\u0131na sunulmaktad\u0131r.<\/p>\n","protected":false},"excerpt":{"rendered":"<p>Akda\u011flar\u2019\u0131n bat\u0131 yama\u00e7lar\u0131nda konu\u015flanm\u0131\u015f Tlos Antik Kenti, gerek s\u0131rt\u0131n\u0131 yaslad\u0131\u011f\u0131 da\u011fl\u0131k b\u00f6lgedeki geni\u015f egemenlik alan\u0131 gerekse Ksanthos Vadisi\u2019ne h\u00e2kim co\u011frafi konumuyla \u00f6ne \u00e7\u0131kan \u00f6nemli bir Lykia<span class=\"excerpt-hellip\"> [\u2026]<\/span><\/p>\n","protected":false},"featured_media":0,"template":"","meta":{"_monsterinsights_skip_tracking":false,"_monsterinsights_sitenote_active":false,"_monsterinsights_sitenote_note":"","_monsterinsights_sitenote_category":0},"product_brand":[],"product_cat":[52477,52478],"product_tag":[],"class_list":{"0":"post-746545","1":"product","2":"type-product","3":"status-publish","5":"product_cat-arastirma","6":"product_cat-arkeoloji","7":"pa_cilt-ciltli","8":"pa_tur-kitap","9":"pa_yayinevi-koc-universitesi-yayinlari","10":"pa_yazar-taner-korkut","12":"first","13":"instock","14":"sale","15":"shipping-taxable","16":"purchasable","17":"product-type-simple"},"_links":{"self":[{"href":"https:\/\/roveyayinevi.com.tr\/index.php\/wp-json\/wp\/v2\/product\/746545","targetHints":{"allow":["GET"]}}],"collection":[{"href":"https:\/\/roveyayinevi.com.tr\/index.php\/wp-json\/wp\/v2\/product"}],"about":[{"href":"https:\/\/roveyayinevi.com.tr\/index.php\/wp-json\/wp\/v2\/types\/product"}],"wp:attachment":[{"href":"https:\/\/roveyayinevi.com.tr\/index.php\/wp-json\/wp\/v2\/media?parent=746545"}],"wp:term":[{"taxonomy":"product_brand","embeddable":true,"href":"https:\/\/roveyayinevi.com.tr\/index.php\/wp-json\/wp\/v2\/product_brand?post=746545"},{"taxonomy":"product_cat","embeddable":true,"href":"https:\/\/roveyayinevi.com.tr\/index.php\/wp-json\/wp\/v2\/product_cat?post=746545"},{"taxonomy":"product_tag","embeddable":true,"href":"https:\/\/roveyayinevi.com.tr\/index.php\/wp-json\/wp\/v2\/product_tag?post=746545"}],"curies":[{"name":"wp","href":"https:\/\/api.w.org\/{rel}","templated":true}]}}