{"id":746542,"date":"2025-08-28T02:44:49","date_gmt":"2025-08-27T23:44:49","guid":{"rendered":"https:\/\/roveyayinevi.com.tr\/index.php\/urun\/unutma-beni\/"},"modified":"2026-04-16T02:58:56","modified_gmt":"2026-04-15T23:58:56","slug":"unutma-beni","status":"publish","type":"product","link":"https:\/\/roveyayinevi.com.tr\/index.php\/urun\/unutma-beni\/","title":{"rendered":"Unutma Beni"},"content":{"rendered":"<p>\u201cBildi\u011fimizi, ke\u015ffetti\u011fimizi, kontrol\u00fcn elimizde oldu\u011funu d\u00fc\u015f\u00fcnd\u00fc\u011f\u00fcm\u00fcz bir zamanda; yeniden, rotas\u0131z, haritas\u0131z, pusulas\u0131z, f\u0131rt\u0131nal\u0131, ke\u015ffedilmemi\u015f denizlerde yol almak zorunda kalaca\u011f\u0131m\u0131z\u0131 haber verir demans&#8230; Unutma Beni, demansla ilgili davran\u0131\u015f problemlerini y\u00f6netmekte size yol g\u00f6sterecek bilgileri basit, hat\u0131rlamas\u0131 kolay bir \u015fekilde birle\u015ftirme giri\u015fimidir.\u201d   Fatma G\u00fcltan Turan\u2019\u0131n uzun y\u0131llar demansl\u0131 ki\u015filerle yapt\u0131\u011f\u0131 \u00e7al\u0131\u015fmalardan s\u00fczd\u00fc\u011f\u00fc bilgi ve deneyimleri aktard\u0131\u011f\u0131 bu kitap, bak\u0131m verenler i\u00e7in e\u015fsiz bir kaynak. Demans olan ki\u015filerin \u201csaks\u0131 \u00e7i\u00e7e\u011fi\u201d olmad\u0131klar\u0131n\u0131, ge\u00e7mi\u015fi, ya\u015fant\u0131lar\u0131, sevdikleri, yak\u0131nlar\u0131, arzular\u0131yla birer birey olduklar\u0131n\u0131 bize yeniden hat\u0131rlat\u0131yor, unutulmaya y\u00fcz tutmu\u015f hayatlar\u0131n \u00e7\u0131\u011fl\u0131\u011f\u0131n\u0131 dile getiriyor: Unutma Beni! <\/p>\n","protected":false},"excerpt":{"rendered":"<p>\u201cBildi\u011fimizi, ke\u015ffetti\u011fimizi, kontrol\u00fcn elimizde oldu\u011funu d\u00fc\u015f\u00fcnd\u00fc\u011f\u00fcm\u00fcz bir zamanda; yeniden, rotas\u0131z, haritas\u0131z, pusulas\u0131z, f\u0131rt\u0131nal\u0131, ke\u015ffedilmemi\u015f denizlerde yol almak zorunda kalaca\u011f\u0131m\u0131z\u0131 haber verir demans&#8230; Unutma Beni, demansla ilgili<span class=\"excerpt-hellip\"> [\u2026]<\/span><\/p>\n","protected":false},"featured_media":0,"template":"","meta":{"_monsterinsights_skip_tracking":false,"_monsterinsights_sitenote_active":false,"_monsterinsights_sitenote_note":"","_monsterinsights_sitenote_category":0},"product_brand":[],"product_cat":[20502,12357],"product_tag":[],"class_list":{"0":"post-746542","1":"product","2":"type-product","3":"status-publish","5":"product_cat-basvuru-kitaplari-psikoloji","6":"product_cat-psikoloji","7":"pa_cilt-ciltsiz","8":"pa_tur-kitap","9":"pa_yayinevi-dogan-kitap","10":"pa_yazar-fatma-gultan-turan","12":"first","13":"instock","14":"sale","15":"shipping-taxable","16":"purchasable","17":"product-type-simple"},"_links":{"self":[{"href":"https:\/\/roveyayinevi.com.tr\/index.php\/wp-json\/wp\/v2\/product\/746542","targetHints":{"allow":["GET"]}}],"collection":[{"href":"https:\/\/roveyayinevi.com.tr\/index.php\/wp-json\/wp\/v2\/product"}],"about":[{"href":"https:\/\/roveyayinevi.com.tr\/index.php\/wp-json\/wp\/v2\/types\/product"}],"wp:attachment":[{"href":"https:\/\/roveyayinevi.com.tr\/index.php\/wp-json\/wp\/v2\/media?parent=746542"}],"wp:term":[{"taxonomy":"product_brand","embeddable":true,"href":"https:\/\/roveyayinevi.com.tr\/index.php\/wp-json\/wp\/v2\/product_brand?post=746542"},{"taxonomy":"product_cat","embeddable":true,"href":"https:\/\/roveyayinevi.com.tr\/index.php\/wp-json\/wp\/v2\/product_cat?post=746542"},{"taxonomy":"product_tag","embeddable":true,"href":"https:\/\/roveyayinevi.com.tr\/index.php\/wp-json\/wp\/v2\/product_tag?post=746542"}],"curies":[{"name":"wp","href":"https:\/\/api.w.org\/{rel}","templated":true}]}}