{"id":746530,"date":"2025-08-28T02:44:33","date_gmt":"2025-08-27T23:44:33","guid":{"rendered":"https:\/\/roveyayinevi.com.tr\/index.php\/urun\/biyografili-bulmaca-ani-kitabi\/"},"modified":"2026-02-03T03:12:04","modified_gmt":"2026-02-03T00:12:04","slug":"biyografili-bulmaca-ani-kitabi","status":"publish","type":"product","link":"https:\/\/roveyayinevi.com.tr\/index.php\/urun\/biyografili-bulmaca-ani-kitabi\/","title":{"rendered":"Biyografili Bulmaca An\u0131 Kitab\u0131"},"content":{"rendered":"<p>Usta bulmaca yazar\u0131 Mekin Gani Pehlivan taraf\u0131ndan d\u00fcnyada ilk defa uygulanan bir y\u00f6ntemle kaleme al\u0131nan bu e\u015fsiz eser, d\u00fc\u015f\u00fcnce ve sanat d\u00fcnyas\u0131na bir hediyedir. Bu kitap sayesinde hem bulmacalar\u0131 \u00e7\u00f6zecek hem de biyografileri sayesinde \u00fclkemize ve sanata g\u00f6n\u00fcl vermi\u015f sanat\u00e7\u0131lar\u0131m\u0131z\u0131 tan\u0131ma imk\u00e2n\u0131 elde edeceksiniz.   Kitapta yer alanlar; Alaettin Taysun, Asena G\u00f6rkem, Bet\u00fcl F\u0131rat, Beyhan Uygur, Canan Sa\u011far, Cem \u00c7elebi, Elena Mantu, Ezeli Do\u011fanay, Fadime T\u00fcrk, Fikret Onay, Funda \u00d6ner, G\u00fcney G\u00fcneyan, Hasan \u00dcst\u00fcn, Hatice Opak Bilgin, \u0130nci Y\u0131lmaz \u015eim\u015fek, Kezban \u015eahin Taysun, Leda Boyac\u0131, Levent Tar\u0131k \u015eencan, Leyla Karata\u015f, Maria K\u0131l\u0131\u00e7l\u0131o\u011flu Baraz, Meral Kurulay, Mustafa Ali Kasap, Mustafa \u00c7ifci, Necati Derya, Neslihan Demirba\u015f, Nihal Do\u011fanay, Nihal G\u00fcres, Nurcan \u00d6ren, Nurg\u00fcl Eren, \u00d6mer G\u00fcmeli, Remzi \u00d6zkan, Re\u015fat Ceylan, R\u00fczgar Fidan, Samim \u0130\u011fde, Serpil \u00d6zcengiz, Sevil Sevil, Sevil Bozkurt Y\u00f6r\u00fcko\u011flu, Sevim Tutar Ar\u0131cak, Sonay Y\u0131lmaz, U\u011fur Eren, Yahya Karakurt, Yeliz Demirci ve Y\u0131lmaz Ta\u015fdelen.   \u0130nci Y\u0131lmaz \u015eim\u015fek E\u011fitimci, Yazar <\/p>\n","protected":false},"excerpt":{"rendered":"<p>Usta bulmaca yazar\u0131 Mekin Gani Pehlivan taraf\u0131ndan d\u00fcnyada ilk defa uygulanan bir y\u00f6ntemle kaleme al\u0131nan bu e\u015fsiz eser, d\u00fc\u015f\u00fcnce ve sanat d\u00fcnyas\u0131na bir hediyedir. Bu kitap<span class=\"excerpt-hellip\"> [\u2026]<\/span><\/p>\n","protected":false},"featured_media":0,"template":"","meta":{"_monsterinsights_skip_tracking":false,"_monsterinsights_sitenote_active":false,"_monsterinsights_sitenote_note":"","_monsterinsights_sitenote_category":0},"product_brand":[],"product_cat":[16943,15563],"product_tag":[],"class_list":{"0":"post-746530","1":"product","2":"type-product","3":"status-publish","5":"product_cat-bilmeceler-bulmacalar","6":"product_cat-hobi","7":"pa_cilt-ciltsiz","8":"pa_tur-kitap","9":"pa_yayinevi-gulnar-yayinlari","10":"pa_yazar-mekin-gani-pehlivan","12":"first","13":"instock","14":"sale","15":"shipping-taxable","16":"purchasable","17":"product-type-simple"},"_links":{"self":[{"href":"https:\/\/roveyayinevi.com.tr\/index.php\/wp-json\/wp\/v2\/product\/746530","targetHints":{"allow":["GET"]}}],"collection":[{"href":"https:\/\/roveyayinevi.com.tr\/index.php\/wp-json\/wp\/v2\/product"}],"about":[{"href":"https:\/\/roveyayinevi.com.tr\/index.php\/wp-json\/wp\/v2\/types\/product"}],"wp:attachment":[{"href":"https:\/\/roveyayinevi.com.tr\/index.php\/wp-json\/wp\/v2\/media?parent=746530"}],"wp:term":[{"taxonomy":"product_brand","embeddable":true,"href":"https:\/\/roveyayinevi.com.tr\/index.php\/wp-json\/wp\/v2\/product_brand?post=746530"},{"taxonomy":"product_cat","embeddable":true,"href":"https:\/\/roveyayinevi.com.tr\/index.php\/wp-json\/wp\/v2\/product_cat?post=746530"},{"taxonomy":"product_tag","embeddable":true,"href":"https:\/\/roveyayinevi.com.tr\/index.php\/wp-json\/wp\/v2\/product_tag?post=746530"}],"curies":[{"name":"wp","href":"https:\/\/api.w.org\/{rel}","templated":true}]}}