{"id":746529,"date":"2025-08-28T02:44:32","date_gmt":"2025-08-27T23:44:32","guid":{"rendered":"https:\/\/roveyayinevi.com.tr\/index.php\/urun\/cocuklara-oyunlarla-ingilizce-ogretimi\/"},"modified":"2026-04-16T02:58:56","modified_gmt":"2026-04-15T23:58:56","slug":"cocuklara-oyunlarla-ingilizce-ogretimi","status":"publish","type":"product","link":"https:\/\/roveyayinevi.com.tr\/index.php\/urun\/cocuklara-oyunlarla-ingilizce-ogretimi\/","title":{"rendered":"\u00c7ocuklara Oyunlarla \u0130ngilizce \u00d6\u011fretimi"},"content":{"rendered":"<p>Oyun ve \u0130ngilizce bir araya geldi\u011finde neler kazanabilece\u011finizi hayal etmek ister misiniz?Oyunun \u00e7ocu\u011fun hayat\u0131ndaki \u00f6nemi nedir?Oyun oynayan \u00e7ocu\u011fun beyninde neler olup biter?Oyun \u00e7ocu\u011fa neler kazand\u0131r\u0131r?.. gibi sorular t\u00fcm ebeveynlerin zihnini me\u015fgul eder.Elinizdeki kitap, \u00e7ocu\u011fa \u0130ngilizce \u00f6\u011fretmek isteyen, bunun i\u00e7in yollar arayan ebeveynlere ve \u00f6\u011fretmenlere oyunlarla yabanc\u0131 dil \u00f6\u011fretilebilece\u011fi fikrini ve y\u00f6ntemini a\u00e7\u0131klamay\u0131 ama\u00e7 edinmi\u015f bir \u00e7al\u0131\u015fma.\u00c7ocuklara yeni dil \u00f6\u011frenim s\u00fcrecinde nas\u0131l bir yakla\u015f\u0131mda bulunmak gerekti\u011fini \u00e7ocuk geli\u015fimi a\u00e7\u0131s\u0131ndan da ele alan kitap, \u00e7ocu\u011fun \u0130ngilizceyi oyunlarla e\u011flenerek ve severek \u00f6\u011frenmesi i\u00e7in \u00f6nemli bir f\u0131rsat sunuyor. \u00c7ocuklar olduk\u00e7a pratik, evde bulunan materyallerle kurulacak kolay ve ne\u015feli oyunlarla \u0130ngilizceyi do\u011fal dil ortam\u0131nda, yeni bir dil \u00f6\u011frendi\u011finin fark\u0131na varmadan ailesiyle e\u011flenerek \u00f6\u011frenecek.Ebeveynler, yabanc\u0131 dil \u00f6\u011fretmenleri, okul \u00f6ncesi ve s\u0131n\u0131f \u00f6\u011fretmenleri! Keyifli oyunlarla \u0130ngilizce \u00f6\u011fretme f\u0131rsat\u0131 sizlerle bulu\u015fmay\u0131 bekliyor!<\/p>\n","protected":false},"excerpt":{"rendered":"<p>Oyun ve \u0130ngilizce bir araya geldi\u011finde neler kazanabilece\u011finizi hayal etmek ister misiniz?Oyunun \u00e7ocu\u011fun hayat\u0131ndaki \u00f6nemi nedir?Oyun oynayan \u00e7ocu\u011fun beyninde neler olup biter?Oyun \u00e7ocu\u011fa neler kazand\u0131r\u0131r?.. gibi<span class=\"excerpt-hellip\"> [\u2026]<\/span><\/p>\n","protected":false},"featured_media":0,"template":"","meta":{"_monsterinsights_skip_tracking":false,"_monsterinsights_sitenote_active":false,"_monsterinsights_sitenote_note":"","_monsterinsights_sitenote_category":0},"product_brand":[],"product_cat":[12831,12324],"product_tag":[],"class_list":{"0":"post-746529","1":"product","2":"type-product","3":"status-publish","5":"product_cat-aile-ve-cocuk","6":"product_cat-sosyoloji","7":"pa_cilt-ciltsiz","8":"pa_tur-kitap","9":"pa_yayinevi-altin-kitaplar-akademi","10":"pa_yazar-nurperi-comert-igdigul","12":"first","13":"instock","14":"sale","15":"shipping-taxable","16":"purchasable","17":"product-type-simple"},"_links":{"self":[{"href":"https:\/\/roveyayinevi.com.tr\/index.php\/wp-json\/wp\/v2\/product\/746529","targetHints":{"allow":["GET"]}}],"collection":[{"href":"https:\/\/roveyayinevi.com.tr\/index.php\/wp-json\/wp\/v2\/product"}],"about":[{"href":"https:\/\/roveyayinevi.com.tr\/index.php\/wp-json\/wp\/v2\/types\/product"}],"wp:attachment":[{"href":"https:\/\/roveyayinevi.com.tr\/index.php\/wp-json\/wp\/v2\/media?parent=746529"}],"wp:term":[{"taxonomy":"product_brand","embeddable":true,"href":"https:\/\/roveyayinevi.com.tr\/index.php\/wp-json\/wp\/v2\/product_brand?post=746529"},{"taxonomy":"product_cat","embeddable":true,"href":"https:\/\/roveyayinevi.com.tr\/index.php\/wp-json\/wp\/v2\/product_cat?post=746529"},{"taxonomy":"product_tag","embeddable":true,"href":"https:\/\/roveyayinevi.com.tr\/index.php\/wp-json\/wp\/v2\/product_tag?post=746529"}],"curies":[{"name":"wp","href":"https:\/\/api.w.org\/{rel}","templated":true}]}}