{"id":746526,"date":"2025-08-28T02:44:28","date_gmt":"2025-08-27T23:44:28","guid":{"rendered":"https:\/\/roveyayinevi.com.tr\/index.php\/urun\/mevlana-rubailer-the-rubais-of-rumi\/"},"modified":"2026-04-16T02:58:56","modified_gmt":"2026-04-15T23:58:56","slug":"mevlana-rubailer-the-rubais-of-rumi","status":"publish","type":"product","link":"https:\/\/roveyayinevi.com.tr\/index.php\/urun\/mevlana-rubailer-the-rubais-of-rumi\/","title":{"rendered":"Mevlana Rubailer \/ The Rubais of Rumi"},"content":{"rendered":"<p>Hz. Mevl\u00e2n\u00e2 Cel\u00e2ledd\u00een-i R\u00fbm\u00ee, 800 y\u0131l kadar \u00f6nce ya\u015fam\u0131\u015f olmakla birlikte g\u00fcn\u00fcm\u00fczde sadece ya\u015fad\u0131\u011f\u0131 topraklarda de\u011fil, d\u00fcnyan\u0131n d\u00f6rt bir taraf\u0131nda tan\u0131nmakta ve eserlerinden faydalan\u0131lmaktad\u0131r. Onu ve fikirlerini evrensel k\u0131lan nedir, farkl\u0131 din, k\u00fclt\u00fcr ve ya\u015fam bi\u00e7imini benimseyen insanlar y\u00fczy\u0131llar \u00f6ncesi s\u00f6ylenmi\u015f bu dizelerde neler buluyor? Hz. Mevl\u00e2n\u00e2\u2019n\u0131n \u201cBen o il\u00e2h\u00ee g\u00fcl bah\u00e7esinden ancak bir g\u00fcl getirdim. Anlayana ve \u00f6nyarg\u0131s\u0131z bakana bu g\u00fcl o bah\u00e7enin vas\u0131flar\u0131n\u0131 anlatmaya yeter.\u201d dedi\u011fi gibi, elimizdeki bu kitap o g\u00fclden bir yaprak getirmek i\u00e7in insanlara bir ya\u015fam k\u0131lavuzu, bir yol g\u00f6sterici olabilecek de\u011ferli rub\u00e2\u00eelerden haz\u0131rlanm\u0131\u015ft\u0131r. Hz. P\u00eer \u201cG\u00fcl zaman\u0131 ge\u00e7tiyse, g\u00fcl\u00fc g\u00fcl suyundan ara!\u201d demi\u015f. Biz de bu rub\u00e2\u00eeler aras\u0131ndan g\u00fcl kokular\u0131 almaya, onun i\u015faret etti\u011fi y\u00f6ne giderek yolumuzu tayin etmeye \u00e7al\u0131\u015fmal\u0131y\u0131z. Esin \u00c7elebi Bayru (Hz. Mevl\u00e2n\u00e2\u2019n\u0131n 22. ku\u015fak torunu) <\/p>\n","protected":false},"excerpt":{"rendered":"<p>Hz. Mevl\u00e2n\u00e2 Cel\u00e2ledd\u00een-i R\u00fbm\u00ee, 800 y\u0131l kadar \u00f6nce ya\u015fam\u0131\u015f olmakla birlikte g\u00fcn\u00fcm\u00fczde sadece ya\u015fad\u0131\u011f\u0131 topraklarda de\u011fil, d\u00fcnyan\u0131n d\u00f6rt bir taraf\u0131nda tan\u0131nmakta ve eserlerinden faydalan\u0131lmaktad\u0131r. Onu ve<span class=\"excerpt-hellip\"> [\u2026]<\/span><\/p>\n","protected":false},"featured_media":0,"template":"","meta":{"_monsterinsights_skip_tracking":false,"_monsterinsights_sitenote_active":false,"_monsterinsights_sitenote_note":"","_monsterinsights_sitenote_category":0},"product_brand":[],"product_cat":[12718,12719,15238],"product_tag":[],"class_list":{"0":"post-746526","1":"product","2":"type-product","3":"status-publish","5":"product_cat-din","6":"product_cat-islam","7":"product_cat-tasavvuf","8":"pa_cilt-ciltsiz","9":"pa_tur-kitap","10":"pa_yayinevi-nefes-yayincilik","11":"pa_yazar-nevit-o-ergin-meral-ekmekcioglu","13":"first","14":"instock","15":"sale","16":"shipping-taxable","17":"purchasable","18":"product-type-simple"},"_links":{"self":[{"href":"https:\/\/roveyayinevi.com.tr\/index.php\/wp-json\/wp\/v2\/product\/746526","targetHints":{"allow":["GET"]}}],"collection":[{"href":"https:\/\/roveyayinevi.com.tr\/index.php\/wp-json\/wp\/v2\/product"}],"about":[{"href":"https:\/\/roveyayinevi.com.tr\/index.php\/wp-json\/wp\/v2\/types\/product"}],"wp:attachment":[{"href":"https:\/\/roveyayinevi.com.tr\/index.php\/wp-json\/wp\/v2\/media?parent=746526"}],"wp:term":[{"taxonomy":"product_brand","embeddable":true,"href":"https:\/\/roveyayinevi.com.tr\/index.php\/wp-json\/wp\/v2\/product_brand?post=746526"},{"taxonomy":"product_cat","embeddable":true,"href":"https:\/\/roveyayinevi.com.tr\/index.php\/wp-json\/wp\/v2\/product_cat?post=746526"},{"taxonomy":"product_tag","embeddable":true,"href":"https:\/\/roveyayinevi.com.tr\/index.php\/wp-json\/wp\/v2\/product_tag?post=746526"}],"curies":[{"name":"wp","href":"https:\/\/api.w.org\/{rel}","templated":true}]}}