{"id":746523,"date":"2025-08-28T02:44:24","date_gmt":"2025-08-27T23:44:24","guid":{"rendered":"https:\/\/roveyayinevi.com.tr\/index.php\/urun\/bize-ne-oldu-2\/"},"modified":"2026-03-12T03:07:17","modified_gmt":"2026-03-12T00:07:17","slug":"bize-ne-oldu-2","status":"publish","type":"product","link":"https:\/\/roveyayinevi.com.tr\/index.php\/urun\/bize-ne-oldu-2\/","title":{"rendered":"Bize Ne Oldu"},"content":{"rendered":"<p>\u201c\u00c7ok izlenen\u201d, \u201c\u00e7ok takip edilen\u201d siz olsayd\u0131n\u0131z, bir yalan\u0131 ka\u00e7a s\u00f6ylerdiniz?Ruhunuzu hangi rakam sat\u0131n al\u0131rd\u0131?Ahlak\u0131, vicdan\u0131, ger\u00e7e\u011fi ka\u00e7a satard\u0131n\u0131z yalan pazar\u0131nda?!..Paran\u0131n g\u00fcc\u00fc sizin hayat\u0131n\u0131zda neleri de\u011fi\u015ftirebiliyor?D\u00fcnyada kronik a\u00e7l\u0131\u011fa mahkum bir milyar insan\u0131n; ya da her dokuz saniyede bir \u00e7aresizlikten \u00f6len bebelerin fiyat\u0131 ne listenizde?!..Yoksulu yoksula k\u0131rd\u0131ran ac\u0131mas\u0131z bir yer oldu buras\u0131\u2026 Karde\u015fin karde\u015fi para i\u00e7in ezdi\u011fi lanet bir yer\u2026\u00c7\u0131rp\u0131nd\u0131k\u00e7a bat\u0131yoruz\u2026Kapitalizmin bu vah\u015fi pazar\u0131nda yalan\u0131n ve y\u0131lan\u0131n de\u011feri var sadece\u2026Satt\u0131\u011f\u0131n\u0131z yalan efendilerinizi paraya bo\u011fuyorsa hi\u00e7 sorun olmuyor\u2026 Sizi me\u015fhur edip, \u201cFeno-men\u201d yap\u0131yorlar\u2026\u0130ster namus olsun, ister ahlak, ister din!&#8230;Ama efendilerinize bir \u015fey kazand\u0131rmam\u0131\u015fsa \u201cg\u00fcnah\u201d oluyor o yalan\u2026 Siz de g\u00fcnahkar!Az ya da \u00e7ok, do\u011frudan ya da dolayl\u0131 kapitalist sisteme katk\u0131 veren her \u201cyalan\u201d \u00e7ok de\u011ferli \u015fimdi\u2026Yeter ki, o yalanc\u0131n\u0131n takip\u00e7isi, izleyeni ve be\u011feneni olsun\u2026T\u00fcm d\u00fcnya bu halde maalesef!&#8230;Ka\u011f\u0131t \u00fczerinde, kapitalizm d\u00fc\u015fman\u0131 g\u00f6z\u00fcken \u201c\u00c7in\u201d bile\u2026<\/p>\n","protected":false},"excerpt":{"rendered":"<p>\u201c\u00c7ok izlenen\u201d, \u201c\u00e7ok takip edilen\u201d siz olsayd\u0131n\u0131z, bir yalan\u0131 ka\u00e7a s\u00f6ylerdiniz?Ruhunuzu hangi rakam sat\u0131n al\u0131rd\u0131?Ahlak\u0131, vicdan\u0131, ger\u00e7e\u011fi ka\u00e7a satard\u0131n\u0131z yalan pazar\u0131nda?!..Paran\u0131n g\u00fcc\u00fc sizin hayat\u0131n\u0131zda neleri de\u011fi\u015ftirebiliyor?D\u00fcnyada<span class=\"excerpt-hellip\"> [\u2026]<\/span><\/p>\n","protected":false},"featured_media":0,"template":"","meta":{"_monsterinsights_skip_tracking":false,"_monsterinsights_sitenote_active":false,"_monsterinsights_sitenote_note":"","_monsterinsights_sitenote_category":0},"product_brand":[],"product_cat":[14787,13488],"product_tag":[],"class_list":{"0":"post-746523","1":"product","2":"type-product","3":"status-publish","5":"product_cat-diger-toplum-ve-insan","6":"product_cat-toplum-ve-insan","7":"pa_cilt-ciltsiz","8":"pa_tur-kitap","9":"pa_yayinevi-kirmizi-cati-yayinlari","10":"pa_yazar-ismail-bayram","12":"first","13":"instock","14":"sale","15":"shipping-taxable","16":"purchasable","17":"product-type-simple"},"_links":{"self":[{"href":"https:\/\/roveyayinevi.com.tr\/index.php\/wp-json\/wp\/v2\/product\/746523","targetHints":{"allow":["GET"]}}],"collection":[{"href":"https:\/\/roveyayinevi.com.tr\/index.php\/wp-json\/wp\/v2\/product"}],"about":[{"href":"https:\/\/roveyayinevi.com.tr\/index.php\/wp-json\/wp\/v2\/types\/product"}],"wp:attachment":[{"href":"https:\/\/roveyayinevi.com.tr\/index.php\/wp-json\/wp\/v2\/media?parent=746523"}],"wp:term":[{"taxonomy":"product_brand","embeddable":true,"href":"https:\/\/roveyayinevi.com.tr\/index.php\/wp-json\/wp\/v2\/product_brand?post=746523"},{"taxonomy":"product_cat","embeddable":true,"href":"https:\/\/roveyayinevi.com.tr\/index.php\/wp-json\/wp\/v2\/product_cat?post=746523"},{"taxonomy":"product_tag","embeddable":true,"href":"https:\/\/roveyayinevi.com.tr\/index.php\/wp-json\/wp\/v2\/product_tag?post=746523"}],"curies":[{"name":"wp","href":"https:\/\/api.w.org\/{rel}","templated":true}]}}