{"id":746521,"date":"2025-08-28T02:44:21","date_gmt":"2025-08-27T23:44:21","guid":{"rendered":"https:\/\/roveyayinevi.com.tr\/index.php\/urun\/gecmis-zaman-fikralari-ciltli\/"},"modified":"2026-04-16T02:58:56","modified_gmt":"2026-04-15T23:58:56","slug":"gecmis-zaman-fikralari-ciltli","status":"publish","type":"product","link":"https:\/\/roveyayinevi.com.tr\/index.php\/urun\/gecmis-zaman-fikralari-ciltli\/","title":{"rendered":"Ge\u00e7mi\u015f Zaman F\u0131kralar\u0131 (Ciltli)"},"content":{"rendered":"<p>Abd\u00fclhak \u015einasi Hisar Ge\u00e7mi\u015f Zaman F\u0131kralar\u0131\u2019nda III. Selim d\u00f6neminden Me\u015frutiyet\u2019e uzanan zaman dilimine ait k\u0131sa kesitleri, kendi an\u0131lar\u0131n\u0131 aktar\u0131rcas\u0131na hik\u00e2ye eder. Hisar, ge\u00e7mi\u015fteki ya\u015fant\u0131lardan anlar\u0131, rivayetleri kendi \u00f6zg\u00fcn bak\u0131\u015f\u0131 ve kalemiyle resmederken b\u00fct\u00fcnl\u00fckl\u00fc bir tarih\u00e7eden \u00e7ok, par\u00e7alanm\u0131\u015f bir zamana da\u011f\u0131lm\u0131\u015f anlamlara i\u015faret eden, tarihten levhalar\u0131 g\u00f6r\u00fcn\u00fcr k\u0131lan bir panorama ortaya koyar.   B\u00fct\u00fcn bu kitaplardaki baplardan ancak birer c\u00fcmle, b\u00fct\u00fcn bu dikkat ve itina ile ya\u015fanm\u0131\u015f \u00f6m\u00fcrlerden ancak birer kelime kal\u0131r. B\u00fct\u00fcn bu vakalardan ancak manas\u0131 unutulmu\u015f bir isim, hesab\u0131 kar\u0131\u015fm\u0131\u015f bir rakam duyulur. B\u00fct\u00fcn bu facialar\u0131yla ge\u00e7en bir harpten ancak bir \u015fark\u0131 kal\u0131r. B\u00fct\u00fcn bu \u015fark\u0131lardan ancak bir nakarat, b\u00fct\u00fcn bu iddialardan ancak bir n\u00fckte, b\u00fct\u00fcn bu \u00f6m\u00fcrlerden ancak bir f\u0131kra, b\u00fct\u00fcn bu \u015fiirlerden ancak bir m\u0131sra, b\u00fct\u00fcn bu manalardan ancak ho\u015f bir seda kal\u0131r veya vaktiyle kalm\u0131\u015f olur. <\/p>\n","protected":false},"excerpt":{"rendered":"<p>Abd\u00fclhak \u015einasi Hisar Ge\u00e7mi\u015f Zaman F\u0131kralar\u0131\u2019nda III. Selim d\u00f6neminden Me\u015frutiyet\u2019e uzanan zaman dilimine ait k\u0131sa kesitleri, kendi an\u0131lar\u0131n\u0131 aktar\u0131rcas\u0131na hik\u00e2ye eder. Hisar, ge\u00e7mi\u015fteki ya\u015fant\u0131lardan anlar\u0131, rivayetleri<span class=\"excerpt-hellip\"> [\u2026]<\/span><\/p>\n","protected":false},"featured_media":0,"template":"","meta":{"_monsterinsights_skip_tracking":false,"_monsterinsights_sitenote_active":false,"_monsterinsights_sitenote_note":"","_monsterinsights_sitenote_category":0},"product_brand":[],"product_cat":[12291,12745],"product_tag":[],"class_list":{"0":"post-746521","1":"product","2":"type-product","3":"status-publish","5":"product_cat-edebiyat","6":"product_cat-tarihi-roman","7":"pa_cilt-ciltli","8":"pa_tur-kitap","9":"pa_yayinevi-everest-yayinlari","10":"pa_yazar-abdulhak-sinasi-hisar","12":"first","13":"instock","14":"sale","15":"shipping-taxable","16":"purchasable","17":"product-type-simple"},"_links":{"self":[{"href":"https:\/\/roveyayinevi.com.tr\/index.php\/wp-json\/wp\/v2\/product\/746521","targetHints":{"allow":["GET"]}}],"collection":[{"href":"https:\/\/roveyayinevi.com.tr\/index.php\/wp-json\/wp\/v2\/product"}],"about":[{"href":"https:\/\/roveyayinevi.com.tr\/index.php\/wp-json\/wp\/v2\/types\/product"}],"wp:attachment":[{"href":"https:\/\/roveyayinevi.com.tr\/index.php\/wp-json\/wp\/v2\/media?parent=746521"}],"wp:term":[{"taxonomy":"product_brand","embeddable":true,"href":"https:\/\/roveyayinevi.com.tr\/index.php\/wp-json\/wp\/v2\/product_brand?post=746521"},{"taxonomy":"product_cat","embeddable":true,"href":"https:\/\/roveyayinevi.com.tr\/index.php\/wp-json\/wp\/v2\/product_cat?post=746521"},{"taxonomy":"product_tag","embeddable":true,"href":"https:\/\/roveyayinevi.com.tr\/index.php\/wp-json\/wp\/v2\/product_tag?post=746521"}],"curies":[{"name":"wp","href":"https:\/\/api.w.org\/{rel}","templated":true}]}}