{"id":746520,"date":"2025-08-28T02:44:19","date_gmt":"2025-08-27T23:44:19","guid":{"rendered":"https:\/\/roveyayinevi.com.tr\/index.php\/urun\/horimiya-horisan-ile-miyamurakun-06\/"},"modified":"2026-04-16T02:58:56","modified_gmt":"2026-04-15T23:58:56","slug":"horimiya-horisan-ile-miyamurakun-06","status":"publish","type":"product","link":"https:\/\/roveyayinevi.com.tr\/index.php\/urun\/horimiya-horisan-ile-miyamurakun-06\/","title":{"rendered":"Horimiya Horisan ile Miyamurakun 06"},"content":{"rendered":"<p>Horisan ile Miyamurakun\u2019un etkileyici hik\u00e2yesi devam ediyor! Miyamura ve Hori birbirlerine daha s\u0131k\u0131 ba\u011fland\u0131k\u00e7a, daha \u00e7ok bir araya geldik\u00e7e, hayat her ge\u00e7en g\u00fcn onlara biraz daha g\u00fczel g\u00f6r\u00fcnmeye ba\u015fl\u0131yor. Okuldaki herkes i\u00e7in onlar\u0131 her an beraber g\u00f6rmek art\u0131k \u00e7ok do\u011fal. Birlikte vakit ge\u00e7iriyor, birbirlerini \u00f6zl\u00fcyor, zaman zaman da kavga ediyorlar. Ac\u0131s\u0131yla, tatl\u0131s\u0131yla devam eden \u00e7alkant\u0131l\u0131 okul hayat\u0131 i\u00e7inde bakal\u0131m Miyamura ve Hori\u2019yi neler bekliyor\u2026 Okul hayat\u0131, arkada\u015fl\u0131klar ve kendini ke\u015ffetme hakk\u0131nda ilham verici hik\u00e2yesiyle Horimiya sizi etkisi alt\u0131na alacak!<\/p>\n","protected":false},"excerpt":{"rendered":"<p>Horisan ile Miyamurakun\u2019un etkileyici hik\u00e2yesi devam ediyor! Miyamura ve Hori birbirlerine daha s\u0131k\u0131 ba\u011fland\u0131k\u00e7a, daha \u00e7ok bir araya geldik\u00e7e, hayat her ge\u00e7en g\u00fcn onlara biraz daha<span class=\"excerpt-hellip\"> [\u2026]<\/span><\/p>\n","protected":false},"featured_media":0,"template":"","meta":{"_monsterinsights_skip_tracking":false,"_monsterinsights_sitenote_active":false,"_monsterinsights_sitenote_note":"","_monsterinsights_sitenote_category":0},"product_brand":[],"product_cat":[12416,12291],"product_tag":[],"class_list":{"0":"post-746520","1":"product","2":"type-product","3":"status-publish","5":"product_cat-cizgi-roman","6":"product_cat-edebiyat","7":"pa_cilt-ciltsiz","8":"pa_tur-kitap","9":"pa_yayinevi-akil-celen-kitaplar","10":"pa_yazar-hero","12":"first","13":"instock","14":"sale","15":"shipping-taxable","16":"purchasable","17":"product-type-simple"},"_links":{"self":[{"href":"https:\/\/roveyayinevi.com.tr\/index.php\/wp-json\/wp\/v2\/product\/746520","targetHints":{"allow":["GET"]}}],"collection":[{"href":"https:\/\/roveyayinevi.com.tr\/index.php\/wp-json\/wp\/v2\/product"}],"about":[{"href":"https:\/\/roveyayinevi.com.tr\/index.php\/wp-json\/wp\/v2\/types\/product"}],"wp:attachment":[{"href":"https:\/\/roveyayinevi.com.tr\/index.php\/wp-json\/wp\/v2\/media?parent=746520"}],"wp:term":[{"taxonomy":"product_brand","embeddable":true,"href":"https:\/\/roveyayinevi.com.tr\/index.php\/wp-json\/wp\/v2\/product_brand?post=746520"},{"taxonomy":"product_cat","embeddable":true,"href":"https:\/\/roveyayinevi.com.tr\/index.php\/wp-json\/wp\/v2\/product_cat?post=746520"},{"taxonomy":"product_tag","embeddable":true,"href":"https:\/\/roveyayinevi.com.tr\/index.php\/wp-json\/wp\/v2\/product_tag?post=746520"}],"curies":[{"name":"wp","href":"https:\/\/api.w.org\/{rel}","templated":true}]}}