{"id":746518,"date":"2025-08-28T02:44:16","date_gmt":"2025-08-27T23:44:16","guid":{"rendered":"https:\/\/roveyayinevi.com.tr\/index.php\/urun\/yahya-kemale-veda-ciltli\/"},"modified":"2026-04-16T02:58:56","modified_gmt":"2026-04-15T23:58:56","slug":"yahya-kemale-veda-ciltli","status":"publish","type":"product","link":"https:\/\/roveyayinevi.com.tr\/index.php\/urun\/yahya-kemale-veda-ciltli\/","title":{"rendered":"Yahya Kemal\u2019e Veda (Ciltli)"},"content":{"rendered":"<p>Abd\u00fclhak \u015einasi Hisar; dostluk ba\u011flar\u0131na, tan\u0131kl\u0131klar\u0131na ve edebiyat tart\u0131\u015fmalar\u0131na dayanarak in\u015fa etti\u011fi \u00fc\u00e7 biyografik eserinin her birini, ki\u015filerin ve hayatlar\u0131n farkl\u0131 y\u00f6nlerini merkeze alarak ba\u015fka bir \u00fcslupla yazm\u0131\u015ft\u0131r: Ahmet Ha\u015fim: \u015eiiri ve Hayat\u0131\u2019nda karakter ve ya\u015fam \u00f6yk\u00fcs\u00fc; \u0130stanbul ve Pierre Loti\u2019de Loti ile kent aras\u0131ndaki ba\u011flar \u00f6n plandad\u0131r. Yahya Kemal\u2019e Veda\u2019da ise Abd\u00fclhak \u015einasi Hisar, gen\u00e7lik y\u0131llar\u0131nda, Paris\u2019te tan\u0131\u015ft\u0131\u011f\u0131 Yahya Kemal\u2019in hayat\u0131ndan, uzun s\u00fcrm\u00fc\u015f dostluklar\u0131ndan, \u00f6zellikle de \u015fairin sa\u011fl\u0131\u011f\u0131nda yay\u0131mlanmam\u0131\u015f \u015fiirlerinin \u00f6neminden bahseder ve adeta bir sorumlulu\u011fu yerine getirircesine Yahya Kemal\u2019in \u00f6l\u00fcm\u00fcnden sonra bu \u015fiirlerin bas\u0131lma s\u00fcrecini kayda ge\u00e7er. Yahya Kemal\u2019e Veda, kitap \u00e7\u0131kt\u0131ktan birka\u00e7 ay sonra vefat eden Abd\u00fclhak \u015einasi Hisar\u2019\u0131n, sa\u011fl\u0131\u011f\u0131nda yay\u0131mlanm\u0131\u015f son kitab\u0131d\u0131r. <\/p>\n","protected":false},"excerpt":{"rendered":"<p>Abd\u00fclhak \u015einasi Hisar; dostluk ba\u011flar\u0131na, tan\u0131kl\u0131klar\u0131na ve edebiyat tart\u0131\u015fmalar\u0131na dayanarak in\u015fa etti\u011fi \u00fc\u00e7 biyografik eserinin her birini, ki\u015filerin ve hayatlar\u0131n farkl\u0131 y\u00f6nlerini merkeze alarak ba\u015fka bir<span class=\"excerpt-hellip\"> [\u2026]<\/span><\/p>\n","protected":false},"featured_media":0,"template":"","meta":{"_monsterinsights_skip_tracking":false,"_monsterinsights_sitenote_active":false,"_monsterinsights_sitenote_note":"","_monsterinsights_sitenote_category":0},"product_brand":[],"product_cat":[14009,12291],"product_tag":[],"class_list":{"0":"post-746518","1":"product","2":"type-product","3":"status-publish","5":"product_cat-biyografi-otobiyografi-edebiyat","6":"product_cat-edebiyat","7":"pa_cilt-ciltli","8":"pa_tur-kitap","9":"pa_yayinevi-everest-yayinlari","10":"pa_yazar-abdulhak-sinasi-hisar","12":"first","13":"instock","14":"sale","15":"shipping-taxable","16":"purchasable","17":"product-type-simple"},"_links":{"self":[{"href":"https:\/\/roveyayinevi.com.tr\/index.php\/wp-json\/wp\/v2\/product\/746518","targetHints":{"allow":["GET"]}}],"collection":[{"href":"https:\/\/roveyayinevi.com.tr\/index.php\/wp-json\/wp\/v2\/product"}],"about":[{"href":"https:\/\/roveyayinevi.com.tr\/index.php\/wp-json\/wp\/v2\/types\/product"}],"wp:attachment":[{"href":"https:\/\/roveyayinevi.com.tr\/index.php\/wp-json\/wp\/v2\/media?parent=746518"}],"wp:term":[{"taxonomy":"product_brand","embeddable":true,"href":"https:\/\/roveyayinevi.com.tr\/index.php\/wp-json\/wp\/v2\/product_brand?post=746518"},{"taxonomy":"product_cat","embeddable":true,"href":"https:\/\/roveyayinevi.com.tr\/index.php\/wp-json\/wp\/v2\/product_cat?post=746518"},{"taxonomy":"product_tag","embeddable":true,"href":"https:\/\/roveyayinevi.com.tr\/index.php\/wp-json\/wp\/v2\/product_tag?post=746518"}],"curies":[{"name":"wp","href":"https:\/\/api.w.org\/{rel}","templated":true}]}}