{"id":746512,"date":"2025-08-28T02:44:06","date_gmt":"2025-08-27T23:44:06","guid":{"rendered":"https:\/\/roveyayinevi.com.tr\/index.php\/urun\/cennetten\/"},"modified":"2026-04-16T02:58:56","modified_gmt":"2026-04-15T23:58:56","slug":"cennetten","status":"publish","type":"product","link":"https:\/\/roveyayinevi.com.tr\/index.php\/urun\/cennetten\/","title":{"rendered":"Cennetten"},"content":{"rendered":"<p>Son g\u00fczel sanad\u0131r bu durmak Nihayet g\u00f6zleri doyurmak Derdimse g\u00fczeli yaratmak Senin a\u015fk\u0131n varken ba\u015fka a\u015fk G\u00fcnd\u00fcz g\u00f6z\u00fcne \u0131\u015f\u0131k yakmak<\/p>\n","protected":false},"excerpt":{"rendered":"<p>Son g\u00fczel sanad\u0131r bu durmak Nihayet g\u00f6zleri doyurmak Derdimse g\u00fczeli yaratmak Senin a\u015fk\u0131n varken ba\u015fka a\u015fk G\u00fcnd\u00fcz g\u00f6z\u00fcne \u0131\u015f\u0131k yakmak<\/p>\n","protected":false},"featured_media":0,"template":"","meta":{"_monsterinsights_skip_tracking":false,"_monsterinsights_sitenote_active":false,"_monsterinsights_sitenote_note":"","_monsterinsights_sitenote_category":0},"product_brand":[],"product_cat":[12291,12509],"product_tag":[],"class_list":{"0":"post-746512","1":"product","2":"type-product","3":"status-publish","5":"product_cat-edebiyat","6":"product_cat-siir","7":"pa_cilt-ciltsiz","8":"pa_tur-kitap","9":"pa_yayinevi-elpis-yayinlari","10":"pa_yazar-esra-yasar","12":"first","13":"instock","14":"sale","15":"shipping-taxable","16":"purchasable","17":"product-type-simple"},"_links":{"self":[{"href":"https:\/\/roveyayinevi.com.tr\/index.php\/wp-json\/wp\/v2\/product\/746512","targetHints":{"allow":["GET"]}}],"collection":[{"href":"https:\/\/roveyayinevi.com.tr\/index.php\/wp-json\/wp\/v2\/product"}],"about":[{"href":"https:\/\/roveyayinevi.com.tr\/index.php\/wp-json\/wp\/v2\/types\/product"}],"wp:attachment":[{"href":"https:\/\/roveyayinevi.com.tr\/index.php\/wp-json\/wp\/v2\/media?parent=746512"}],"wp:term":[{"taxonomy":"product_brand","embeddable":true,"href":"https:\/\/roveyayinevi.com.tr\/index.php\/wp-json\/wp\/v2\/product_brand?post=746512"},{"taxonomy":"product_cat","embeddable":true,"href":"https:\/\/roveyayinevi.com.tr\/index.php\/wp-json\/wp\/v2\/product_cat?post=746512"},{"taxonomy":"product_tag","embeddable":true,"href":"https:\/\/roveyayinevi.com.tr\/index.php\/wp-json\/wp\/v2\/product_tag?post=746512"}],"curies":[{"name":"wp","href":"https:\/\/api.w.org\/{rel}","templated":true}]}}