{"id":746509,"date":"2025-08-28T02:44:01","date_gmt":"2025-08-27T23:44:01","guid":{"rendered":"https:\/\/roveyayinevi.com.tr\/index.php\/urun\/arkadasina-hayir-diyemeyen-sincap\/"},"modified":"2026-04-16T02:58:56","modified_gmt":"2026-04-15T23:58:56","slug":"arkadasina-hayir-diyemeyen-sincap","status":"publish","type":"product","link":"https:\/\/roveyayinevi.com.tr\/index.php\/urun\/arkadasina-hayir-diyemeyen-sincap\/","title":{"rendered":"Arkada\u015f\u0131na Hay\u0131r Diyemeyen Sincap"},"content":{"rendered":"<p>Arkada\u015fs\u0131z kalmaktan korkan bir sincab\u0131n istemedi\u011fi \u015feyler i\u00e7in arkada\u015f\u0131na \u201cHay\u0131r!\u201d diyememesinin hikayesi bu kitapta\u2026 Arkada\u015fl\u0131k kavram\u0131 \u00e7ocuklar i\u00e7in olduk\u00e7a kafa kar\u0131\u015ft\u0131r\u0131c\u0131\u2026 Bu konudaki kafa kar\u0131\u015f\u0131kl\u0131klar\u0131ndan birini gidermeyi hedefleyen yazar, sizinle tan\u0131\u015fmak i\u00e7in sab\u0131rs\u0131zlan\u0131yor. Kitab\u0131n sonundaki sorular ile okulda, evde arkada\u015fl\u0131k \u00fczerine konu\u015fma ba\u015flatabilirsiniz.  Keyifli okumalar! \u2013 Uzm. Psk. Dan. G\u00fcls\u00fcm \u015eahin<\/p>\n","protected":false},"excerpt":{"rendered":"<p>Arkada\u015fs\u0131z kalmaktan korkan bir sincab\u0131n istemedi\u011fi \u015feyler i\u00e7in arkada\u015f\u0131na \u201cHay\u0131r!\u201d diyememesinin hikayesi bu kitapta\u2026 Arkada\u015fl\u0131k kavram\u0131 \u00e7ocuklar i\u00e7in olduk\u00e7a kafa kar\u0131\u015ft\u0131r\u0131c\u0131\u2026 Bu konudaki kafa kar\u0131\u015f\u0131kl\u0131klar\u0131ndan birini<span class=\"excerpt-hellip\"> [\u2026]<\/span><\/p>\n","protected":false},"featured_media":0,"template":"","meta":{"_monsterinsights_skip_tracking":false,"_monsterinsights_sitenote_active":false,"_monsterinsights_sitenote_note":"","_monsterinsights_sitenote_category":0},"product_brand":[],"product_cat":[12274,15842],"product_tag":[],"class_list":{"0":"post-746509","1":"product","2":"type-product","3":"status-publish","5":"product_cat-cocuk-ve-genclik-kitaplari","6":"product_cat-egitici-kitaplar","7":"pa_cilt-ciltsiz","8":"pa_tur-kitap","9":"pa_yayinevi-bambuk-yayinevi","10":"pa_yazar-gulsum-sahin","12":"first","13":"instock","14":"sale","15":"shipping-taxable","16":"purchasable","17":"product-type-simple"},"_links":{"self":[{"href":"https:\/\/roveyayinevi.com.tr\/index.php\/wp-json\/wp\/v2\/product\/746509","targetHints":{"allow":["GET"]}}],"collection":[{"href":"https:\/\/roveyayinevi.com.tr\/index.php\/wp-json\/wp\/v2\/product"}],"about":[{"href":"https:\/\/roveyayinevi.com.tr\/index.php\/wp-json\/wp\/v2\/types\/product"}],"wp:attachment":[{"href":"https:\/\/roveyayinevi.com.tr\/index.php\/wp-json\/wp\/v2\/media?parent=746509"}],"wp:term":[{"taxonomy":"product_brand","embeddable":true,"href":"https:\/\/roveyayinevi.com.tr\/index.php\/wp-json\/wp\/v2\/product_brand?post=746509"},{"taxonomy":"product_cat","embeddable":true,"href":"https:\/\/roveyayinevi.com.tr\/index.php\/wp-json\/wp\/v2\/product_cat?post=746509"},{"taxonomy":"product_tag","embeddable":true,"href":"https:\/\/roveyayinevi.com.tr\/index.php\/wp-json\/wp\/v2\/product_tag?post=746509"}],"curies":[{"name":"wp","href":"https:\/\/api.w.org\/{rel}","templated":true}]}}