{"id":746508,"date":"2025-08-28T02:44:00","date_gmt":"2025-08-27T23:44:00","guid":{"rendered":"https:\/\/roveyayinevi.com.tr\/index.php\/urun\/masturbasyon\/"},"modified":"2026-04-16T02:58:56","modified_gmt":"2026-04-15T23:58:56","slug":"masturbasyon","status":"publish","type":"product","link":"https:\/\/roveyayinevi.com.tr\/index.php\/urun\/masturbasyon\/","title":{"rendered":"Mast\u00fcrbasyon"},"content":{"rendered":"<p>\u0130nsanl\u0131k var oldu\u011fundan beri yap\u0131lan\u2026 Bebek, \u00e7ocuk, ergen, eri\u015fkin, ya\u015fl\u0131, kad\u0131n, erkek demeden her ya\u015f grubuna ve her cinse hitap eden\u2026 Hakk\u0131nda ne s\u00f6ylenirse s\u00f6ylensin yap\u0131lmaya devam edilen\u2026 Hangi de\u011fere sahip olursan ol kendini yaparken buldu\u011fun Kimsenin bilmedi\u011fi ama herkesin yapt\u0131\u011f\u0131\u2026 Annenin, baban\u0131n, karde\u015finin, akraban\u0131n ve \u00f6\u011fretmeninin sana \u00f6\u011fretmeyece\u011fi\u2026 \u0130lk cinsel deneyimin olan\u2026 Ve do\u011fru yapmay\u0131 \u00f6\u011frenmek zorunda oldu\u011fun\u2026 EYLEMD\u0130R MAST\u00dcRBASYON \u0130lk cinsel deneyimini \u00f6\u011frenmen, kendini tan\u0131man, cinsel hayata haz\u0131rlanman ve cinsel bilgini geli\u015ftirmen i\u00e7in yaz\u0131lm\u0131\u015f bir kitapt\u0131r.<\/p>\n","protected":false},"excerpt":{"rendered":"<p>\u0130nsanl\u0131k var oldu\u011fundan beri yap\u0131lan\u2026 Bebek, \u00e7ocuk, ergen, eri\u015fkin, ya\u015fl\u0131, kad\u0131n, erkek demeden her ya\u015f grubuna ve her cinse hitap eden\u2026 Hakk\u0131nda ne s\u00f6ylenirse s\u00f6ylensin yap\u0131lmaya<span class=\"excerpt-hellip\"> [\u2026]<\/span><\/p>\n","protected":false},"featured_media":0,"template":"","meta":{"_monsterinsights_skip_tracking":false,"_monsterinsights_sitenote_active":false,"_monsterinsights_sitenote_note":"","_monsterinsights_sitenote_category":0},"product_brand":[],"product_cat":[35288,13365],"product_tag":[],"class_list":{"0":"post-746508","1":"product","2":"type-product","3":"status-publish","5":"product_cat-cinsellik-saglik","6":"product_cat-saglik","7":"pa_cilt-ciltsiz","8":"pa_tur-kitap","9":"pa_yayinevi-bambuk-yayinevi","10":"pa_yazar-berk-karatas","12":"first","13":"instock","14":"sale","15":"shipping-taxable","16":"purchasable","17":"product-type-simple"},"_links":{"self":[{"href":"https:\/\/roveyayinevi.com.tr\/index.php\/wp-json\/wp\/v2\/product\/746508","targetHints":{"allow":["GET"]}}],"collection":[{"href":"https:\/\/roveyayinevi.com.tr\/index.php\/wp-json\/wp\/v2\/product"}],"about":[{"href":"https:\/\/roveyayinevi.com.tr\/index.php\/wp-json\/wp\/v2\/types\/product"}],"wp:attachment":[{"href":"https:\/\/roveyayinevi.com.tr\/index.php\/wp-json\/wp\/v2\/media?parent=746508"}],"wp:term":[{"taxonomy":"product_brand","embeddable":true,"href":"https:\/\/roveyayinevi.com.tr\/index.php\/wp-json\/wp\/v2\/product_brand?post=746508"},{"taxonomy":"product_cat","embeddable":true,"href":"https:\/\/roveyayinevi.com.tr\/index.php\/wp-json\/wp\/v2\/product_cat?post=746508"},{"taxonomy":"product_tag","embeddable":true,"href":"https:\/\/roveyayinevi.com.tr\/index.php\/wp-json\/wp\/v2\/product_tag?post=746508"}],"curies":[{"name":"wp","href":"https:\/\/api.w.org\/{rel}","templated":true}]}}